{"id":149,"date":"2023-08-16T11:21:35","date_gmt":"2023-08-16T11:21:35","guid":{"rendered":"https:\/\/www.ratani.in\/?page_id=149"},"modified":"2025-05-16T13:08:24","modified_gmt":"2025-05-16T13:08:24","slug":"kotda-black-granite-manufacturer-and-exporter","status":"publish","type":"page","link":"https:\/\/www.ratani.in\/es\/kotda-black-granite-manufacturer-and-exporter\/","title":{"rendered":"Granito negro kotda"},"content":{"rendered":"<p>El Granito Negro Kotda es una cautivadora variedad de granito conocida por su color negro intenso y su apariencia impactante. Es una piedra natural india extra\u00edda de las canteras de granito en Rajasthan, que emana elegancia y sofisticaci\u00f3n, lo que lo convierte en una elecci\u00f3n popular para proyectos de dise\u00f1o tanto interiores como exteriores.<\/p>\n<p>La textura del Granito Negro Kotda suele ser de grano medio a grueso, lo que le proporciona una sensaci\u00f3n natural y t\u00e1ctil. Cuando se pule, exhibe un hermoso brillo que realza su lustre y suavidad inherentes, lo que a\u00f1ade a su atractivo visual.<\/p>\n<p>Esta variedad de granito se utiliza ampliamente para diversas aplicaciones, incluyendo encimeras de cocina, tocadores de ba\u00f1o, pisos, revestimientos de paredes y acentos arquitect\u00f3nicos. Su durabilidad, resistencia a los ara\u00f1azos y bajos requisitos de mantenimiento lo convierten en una elecci\u00f3n pr\u00e1ctica.<\/p>\n<p>La tonalidad atemporal negra y la apariencia elegante del Granito Negro Kotda lo convierten en una opci\u00f3n vers\u00e1til que puede complementar una variedad de estilos de dise\u00f1o, desde contempor\u00e1neos y minimalistas hasta tradicionales y de transici\u00f3n.<\/p>\n","protected":false},"excerpt":{"rendered":"<p>El Granito Negro Kotda es una cautivadora variedad de granito conocida por su color negro intenso y su apariencia impactante. Es una piedra natural india extra\u00edda de las canteras de granito en Rajasthan, que emana elegancia y sofisticaci\u00f3n, lo que lo convierte en una elecci\u00f3n popular para proyectos de dise\u00f1o tanto interiores como exteriores. La &hellip; <a href=\"https:\/\/www.ratani.in\/es\/kotda-black-granite-manufacturer-and-exporter\/\" class=\"more-link\">Continue reading<span class=\"screen-reader-text\"> &#8220;Granito negro kotda&#8221;<\/span><\/a><\/p>\n","protected":false},"author":1,"featured_media":152,"parent":0,"menu_order":0,"comment_status":"closed","ping_status":"closed","template":"page-templates\/product.php","meta":{"footnotes":""},"translation":{"provider":"WPGlobus","version":"2.12.2","language":"es","enabled_languages":["en","es","fr","ru","ar","zh","pt"],"languages":{"en":{"title":true,"content":true,"excerpt":false},"es":{"title":true,"content":true,"excerpt":false},"fr":{"title":true,"content":true,"excerpt":false},"ru":{"title":true,"content":true,"excerpt":false},"ar":{"title":true,"content":true,"excerpt":false},"zh":{"title":true,"content":true,"excerpt":false},"pt":{"title":true,"content":true,"excerpt":false}}},"acf":[],"_links":{"self":[{"href":"https:\/\/www.ratani.in\/es\/wp-json\/wp\/v2\/pages\/149"}],"collection":[{"href":"https:\/\/www.ratani.in\/es\/wp-json\/wp\/v2\/pages"}],"about":[{"href":"https:\/\/www.ratani.in\/es\/wp-json\/wp\/v2\/types\/page"}],"author":[{"embeddable":true,"href":"https:\/\/www.ratani.in\/es\/wp-json\/wp\/v2\/users\/1"}],"replies":[{"embeddable":true,"href":"https:\/\/www.ratani.in\/es\/wp-json\/wp\/v2\/comments?post=149"}],"version-history":[{"count":15,"href":"https:\/\/www.ratani.in\/es\/wp-json\/wp\/v2\/pages\/149\/revisions"}],"predecessor-version":[{"id":3302,"href":"https:\/\/www.ratani.in\/es\/wp-json\/wp\/v2\/pages\/149\/revisions\/3302"}],"wp:featuredmedia":[{"embeddable":true,"href":"https:\/\/www.ratani.in\/es\/wp-json\/wp\/v2\/media\/152"}],"wp:attachment":[{"href":"https:\/\/www.ratani.in\/es\/wp-json\/wp\/v2\/media?parent=149"}],"curies":[{"name":"wp","href":"https:\/\/api.w.org\/{rel}","templated":true}]}}