{"id":202,"date":"2023-08-16T12:00:01","date_gmt":"2023-08-16T12:00:01","guid":{"rendered":"https:\/\/www.ratani.in\/?page_id=202"},"modified":"2025-05-16T13:16:31","modified_gmt":"2025-05-16T13:16:31","slug":"r-black-granite-manufacturer-and-exporter","status":"publish","type":"page","link":"https:\/\/www.ratani.in\/es\/r-black-granite-manufacturer-and-exporter\/","title":{"rendered":"Granito R Negro"},"content":{"rendered":"<p>El granito Rajasthan Black, tambi\u00e9n conocido como R black granite en la India, es un tipo popular de granito que proviene del estado de Rajasthan en India. Procesamos el granito Rajasthan Black en nuestra planta de procesamiento de granito en Kishangarh, Rajasthan. Es conocido por su color negro profundo y su apariencia uniforme. Este granito a menudo presenta variaciones m\u00ednimas en el patr\u00f3n y tiene una textura constante, lo que lo convierte en una elecci\u00f3n deseable para diversas aplicaciones. El granito Rajasthan Black se utiliza ampliamente en encimeras, pisos, revestimientos de paredes y otros proyectos arquitect\u00f3nicos y de dise\u00f1o. Su aspecto elegante y pulido, junto con su durabilidad y resistencia al desgaste, lo convierten en un material muy buscado en la industria de la construcci\u00f3n y el dise\u00f1o de interiores.<\/p>\n<p>Este granito tiene un fondo negro con peque\u00f1os puntos azules y negros en la superficie. Por lo tanto, esta variedad es perfecta para el suelo interior, las paredes y la decoraci\u00f3n de casas. Tiene un rico color oscuro y una textura rugosa que le brinda un aspecto y una sensaci\u00f3n naturales.<\/p>\n","protected":false},"excerpt":{"rendered":"<p>El granito Rajasthan Black, tambi\u00e9n conocido como R black granite en la India, es un tipo popular de granito que proviene del estado de Rajasthan en India. Procesamos el granito Rajasthan Black en nuestra planta de procesamiento de granito en Kishangarh, Rajasthan. Es conocido por su color negro profundo y su apariencia uniforme. Este granito &hellip; <a href=\"https:\/\/www.ratani.in\/es\/r-black-granite-manufacturer-and-exporter\/\" class=\"more-link\">Continue reading<span class=\"screen-reader-text\"> &#8220;Granito R Negro&#8221;<\/span><\/a><\/p>\n","protected":false},"author":1,"featured_media":210,"parent":0,"menu_order":0,"comment_status":"closed","ping_status":"closed","template":"page-templates\/product.php","meta":{"footnotes":""},"translation":{"provider":"WPGlobus","version":"2.12.2","language":"es","enabled_languages":["en","es","fr","ru","ar","zh","pt"],"languages":{"en":{"title":true,"content":true,"excerpt":false},"es":{"title":true,"content":true,"excerpt":false},"fr":{"title":true,"content":true,"excerpt":false},"ru":{"title":true,"content":true,"excerpt":false},"ar":{"title":true,"content":true,"excerpt":false},"zh":{"title":true,"content":true,"excerpt":false},"pt":{"title":true,"content":true,"excerpt":false}}},"acf":[],"_links":{"self":[{"href":"https:\/\/www.ratani.in\/es\/wp-json\/wp\/v2\/pages\/202"}],"collection":[{"href":"https:\/\/www.ratani.in\/es\/wp-json\/wp\/v2\/pages"}],"about":[{"href":"https:\/\/www.ratani.in\/es\/wp-json\/wp\/v2\/types\/page"}],"author":[{"embeddable":true,"href":"https:\/\/www.ratani.in\/es\/wp-json\/wp\/v2\/users\/1"}],"replies":[{"embeddable":true,"href":"https:\/\/www.ratani.in\/es\/wp-json\/wp\/v2\/comments?post=202"}],"version-history":[{"count":13,"href":"https:\/\/www.ratani.in\/es\/wp-json\/wp\/v2\/pages\/202\/revisions"}],"predecessor-version":[{"id":3307,"href":"https:\/\/www.ratani.in\/es\/wp-json\/wp\/v2\/pages\/202\/revisions\/3307"}],"wp:featuredmedia":[{"embeddable":true,"href":"https:\/\/www.ratani.in\/es\/wp-json\/wp\/v2\/media\/210"}],"wp:attachment":[{"href":"https:\/\/www.ratani.in\/es\/wp-json\/wp\/v2\/media?parent=202"}],"curies":[{"name":"wp","href":"https:\/\/api.w.org\/{rel}","templated":true}]}}