{"id":212,"date":"2023-08-16T12:03:34","date_gmt":"2023-08-16T12:03:34","guid":{"rendered":"https:\/\/www.ratani.in\/?page_id=212"},"modified":"2023-09-05T12:18:15","modified_gmt":"2023-09-05T12:18:15","slug":"r-black-brown-spots-granite-manufacturer-and-exporter","status":"publish","type":"page","link":"https:\/\/www.ratani.in\/es\/r-black-brown-spots-granite-manufacturer-and-exporter\/","title":{"rendered":"Granito Negro Con Manchas Marrones"},"content":{"rendered":"<p>El Granito Negro de Rajasthan en la India con puntos marrones es una variedad distintiva de granito que proviene del estado de Rajasthan en la India. Se caracteriza por su color de fondo negro profundo, que est\u00e1 adornado con puntos o motas marrones dispersas.<\/p>\n<p>El color principal del Granito Negro de Rajasthan es un negro rico y aterciopelado que crea una est\u00e9tica audaz y dram\u00e1tica. Los puntos o motas marrones suelen estar dispersos por toda la piedra en diferentes tama\u00f1os y densidades, creando un patr\u00f3n \u00fanico y a\u00f1adiendo inter\u00e9s visual a la superficie.<\/p>\n<p>La textura del Granito Negro de Rajasthan suele ser de grano medio a grueso, ofreciendo una sensaci\u00f3n natural y t\u00e1ctil. A menudo se pule en la f\u00e1brica de granito en Rajasthan para realzar su brillo y suavidad en general.<\/p>\n<p>Esta variedad de granito se utiliza ampliamente tanto en aplicaciones residenciales como comerciales. Se utiliza com\u00fanmente para encimeras de cocina, pisos, revestimientos de paredes, mesas y otros elementos de dise\u00f1o interior y exterior.<br \/>\nEl Granito Negro de Rajasthan con puntos marrones se valora por su durabilidad, resistencia a los ara\u00f1azos y las manchas, y su capacidad para complementar una variedad de estilos de dise\u00f1o.<\/p>\n","protected":false},"excerpt":{"rendered":"<p>El Granito Negro de Rajasthan en la India con puntos marrones es una variedad distintiva de granito que proviene del estado de Rajasthan en la India. Se caracteriza por su color de fondo negro profundo, que est\u00e1 adornado con puntos o motas marrones dispersas. El color principal del Granito Negro de Rajasthan es un negro &hellip; <a href=\"https:\/\/www.ratani.in\/es\/r-black-brown-spots-granite-manufacturer-and-exporter\/\" class=\"more-link\">Continue reading<span class=\"screen-reader-text\"> &#8220;Granito Negro Con Manchas Marrones&#8221;<\/span><\/a><\/p>\n","protected":false},"author":1,"featured_media":213,"parent":0,"menu_order":0,"comment_status":"closed","ping_status":"closed","template":"page-templates\/product.php","meta":{"footnotes":""},"translation":{"provider":"WPGlobus","version":"2.12.2","language":"es","enabled_languages":["en","es","fr","ru","ar","zh","pt"],"languages":{"en":{"title":true,"content":true,"excerpt":false},"es":{"title":true,"content":true,"excerpt":false},"fr":{"title":true,"content":true,"excerpt":false},"ru":{"title":true,"content":true,"excerpt":false},"ar":{"title":true,"content":true,"excerpt":false},"zh":{"title":true,"content":true,"excerpt":false},"pt":{"title":true,"content":true,"excerpt":false}}},"acf":[],"_links":{"self":[{"href":"https:\/\/www.ratani.in\/es\/wp-json\/wp\/v2\/pages\/212"}],"collection":[{"href":"https:\/\/www.ratani.in\/es\/wp-json\/wp\/v2\/pages"}],"about":[{"href":"https:\/\/www.ratani.in\/es\/wp-json\/wp\/v2\/types\/page"}],"author":[{"embeddable":true,"href":"https:\/\/www.ratani.in\/es\/wp-json\/wp\/v2\/users\/1"}],"replies":[{"embeddable":true,"href":"https:\/\/www.ratani.in\/es\/wp-json\/wp\/v2\/comments?post=212"}],"version-history":[{"count":11,"href":"https:\/\/www.ratani.in\/es\/wp-json\/wp\/v2\/pages\/212\/revisions"}],"predecessor-version":[{"id":2666,"href":"https:\/\/www.ratani.in\/es\/wp-json\/wp\/v2\/pages\/212\/revisions\/2666"}],"wp:featuredmedia":[{"embeddable":true,"href":"https:\/\/www.ratani.in\/es\/wp-json\/wp\/v2\/media\/213"}],"wp:attachment":[{"href":"https:\/\/www.ratani.in\/es\/wp-json\/wp\/v2\/media?parent=212"}],"curies":[{"name":"wp","href":"https:\/\/api.w.org\/{rel}","templated":true}]}}