{"id":222,"date":"2023-08-16T12:12:42","date_gmt":"2023-08-16T12:12:42","guid":{"rendered":"https:\/\/www.ratani.in\/?page_id=222"},"modified":"2023-09-05T12:09:37","modified_gmt":"2023-09-05T12:09:37","slug":"bengal-black-g20-granite-manufacturer-and-exporter","status":"publish","type":"page","link":"https:\/\/www.ratani.in\/es\/bengal-black-g20-granite-manufacturer-and-exporter\/","title":{"rendered":"Granito Bengal Negro G20"},"content":{"rendered":"<p>El Granito Bengal Negro G20 de la India es una llamativa piedra natural que emana sofisticaci\u00f3n y elegancia atemporal. El Granito Bengal Negro G20 tiene sus minas de granito en el sur de la India. Presenta un color de base negro profundo que emana un sentido de lujo y refinamiento. Este granito a menudo muestra sutiles variaciones y motas de tonos grises m\u00e1s claros o plateados, a\u00f1adiendo profundidad e inter\u00e9s visual a su apariencia general. La textura suave y consistente del Granito Bengal Negro G20 realza a\u00fan m\u00e1s su atractivo, convirti\u00e9ndolo en una opci\u00f3n muy buscada para encimeras, pisos y diversas aplicaciones interiores y exteriores.<\/p>\n<p>Con su est\u00e9tica elegante y dram\u00e1tica, el Granito Bengal Black complementa sin esfuerzo tanto los estilos de dise\u00f1o modernos como los tradicionales, creando una declaraci\u00f3n audaz en cualquier espacio.<\/p>\n","protected":false},"excerpt":{"rendered":"<p>El Granito Bengal Negro G20 de la India es una llamativa piedra natural que emana sofisticaci\u00f3n y elegancia atemporal. El Granito Bengal Negro G20 tiene sus minas de granito en el sur de la India. Presenta un color de base negro profundo que emana un sentido de lujo y refinamiento. Este granito a menudo muestra &hellip; <a href=\"https:\/\/www.ratani.in\/es\/bengal-black-g20-granite-manufacturer-and-exporter\/\" class=\"more-link\">Continue reading<span class=\"screen-reader-text\"> &#8220;Granito Bengal Negro G20&#8221;<\/span><\/a><\/p>\n","protected":false},"author":1,"featured_media":223,"parent":0,"menu_order":0,"comment_status":"closed","ping_status":"closed","template":"page-templates\/product.php","meta":{"footnotes":""},"translation":{"provider":"WPGlobus","version":"2.12.2","language":"es","enabled_languages":["en","es","fr","ru","ar","zh","pt"],"languages":{"en":{"title":true,"content":true,"excerpt":false},"es":{"title":true,"content":true,"excerpt":false},"fr":{"title":true,"content":true,"excerpt":false},"ru":{"title":true,"content":true,"excerpt":false},"ar":{"title":true,"content":true,"excerpt":false},"zh":{"title":true,"content":true,"excerpt":false},"pt":{"title":true,"content":true,"excerpt":false}}},"acf":[],"_links":{"self":[{"href":"https:\/\/www.ratani.in\/es\/wp-json\/wp\/v2\/pages\/222"}],"collection":[{"href":"https:\/\/www.ratani.in\/es\/wp-json\/wp\/v2\/pages"}],"about":[{"href":"https:\/\/www.ratani.in\/es\/wp-json\/wp\/v2\/types\/page"}],"author":[{"embeddable":true,"href":"https:\/\/www.ratani.in\/es\/wp-json\/wp\/v2\/users\/1"}],"replies":[{"embeddable":true,"href":"https:\/\/www.ratani.in\/es\/wp-json\/wp\/v2\/comments?post=222"}],"version-history":[{"count":12,"href":"https:\/\/www.ratani.in\/es\/wp-json\/wp\/v2\/pages\/222\/revisions"}],"predecessor-version":[{"id":2660,"href":"https:\/\/www.ratani.in\/es\/wp-json\/wp\/v2\/pages\/222\/revisions\/2660"}],"wp:featuredmedia":[{"embeddable":true,"href":"https:\/\/www.ratani.in\/es\/wp-json\/wp\/v2\/media\/223"}],"wp:attachment":[{"href":"https:\/\/www.ratani.in\/es\/wp-json\/wp\/v2\/media?parent=222"}],"curies":[{"name":"wp","href":"https:\/\/api.w.org\/{rel}","templated":true}]}}