{"id":232,"date":"2023-08-16T12:16:11","date_gmt":"2023-08-16T12:16:11","guid":{"rendered":"https:\/\/www.ratani.in\/?page_id=232"},"modified":"2023-09-05T12:21:18","modified_gmt":"2023-09-05T12:21:18","slug":"black-beauty-granite-manufacturer-and-exporter","status":"publish","type":"page","link":"https:\/\/www.ratani.in\/es\/black-beauty-granite-manufacturer-and-exporter\/","title":{"rendered":"Granito Belleza Negra"},"content":{"rendered":"<p>El Granito Black Beauty de la India es una piedra natural cautivadora y elegante, conocida por su color negro profundo y su exquisita belleza. Es una elecci\u00f3n popular para crear un ambiente sofisticado y lujoso en diversos proyectos de dise\u00f1o.<\/p>\n<p>Los granitos Black Beauty en la India se procesan en una f\u00e1brica de granito en el sur de la India. Presenta un rico y uniforme fondo negro con remolinos blancos por todo el cuerpo que emanan una sensaci\u00f3n de profundidad y atemporalidad. Su superficie pulida y elegante refleja la luz, creando un impacto visual llamativo y a\u00f1adiendo un toque de glamour a cualquier espacio.<\/p>\n<p>Posee un acabado suave y brillante, realzando su brillo y suavidad inherentes, lo que eleva a\u00fan m\u00e1s su atractivo est\u00e9tico.<\/p>\n<p>Esta variedad de granito se utiliza ampliamente tanto en aplicaciones interiores como exteriores. Se utiliza com\u00fanmente para encimeras de cocina, tocadores de ba\u00f1o, pisos, revestimientos de paredes y acentos arquitect\u00f3nicos. Su durabilidad, resistencia a los ara\u00f1azos y bajos requisitos de mantenimiento lo convierten en una elecci\u00f3n pr\u00e1ctica para \u00e1reas de alto tr\u00e1fico.<\/p>\n<p>Sirve como un impresionante tel\u00f3n de fondo para resaltar otros elementos de dise\u00f1o y crear una sensaci\u00f3n de drama y sofisticaci\u00f3n.<\/p>\n","protected":false},"excerpt":{"rendered":"<p>El Granito Black Beauty de la India es una piedra natural cautivadora y elegante, conocida por su color negro profundo y su exquisita belleza. Es una elecci\u00f3n popular para crear un ambiente sofisticado y lujoso en diversos proyectos de dise\u00f1o. Los granitos Black Beauty en la India se procesan en una f\u00e1brica de granito en &hellip; <a href=\"https:\/\/www.ratani.in\/es\/black-beauty-granite-manufacturer-and-exporter\/\" class=\"more-link\">Continue reading<span class=\"screen-reader-text\"> &#8220;Granito Belleza Negra&#8221;<\/span><\/a><\/p>\n","protected":false},"author":1,"featured_media":237,"parent":0,"menu_order":0,"comment_status":"closed","ping_status":"closed","template":"page-templates\/product.php","meta":{"footnotes":""},"translation":{"provider":"WPGlobus","version":"2.12.2","language":"es","enabled_languages":["en","es","fr","ru","ar","zh","pt"],"languages":{"en":{"title":true,"content":true,"excerpt":false},"es":{"title":true,"content":true,"excerpt":false},"fr":{"title":true,"content":true,"excerpt":false},"ru":{"title":true,"content":true,"excerpt":false},"ar":{"title":true,"content":true,"excerpt":false},"zh":{"title":true,"content":true,"excerpt":false},"pt":{"title":true,"content":true,"excerpt":false}}},"acf":[],"_links":{"self":[{"href":"https:\/\/www.ratani.in\/es\/wp-json\/wp\/v2\/pages\/232"}],"collection":[{"href":"https:\/\/www.ratani.in\/es\/wp-json\/wp\/v2\/pages"}],"about":[{"href":"https:\/\/www.ratani.in\/es\/wp-json\/wp\/v2\/types\/page"}],"author":[{"embeddable":true,"href":"https:\/\/www.ratani.in\/es\/wp-json\/wp\/v2\/users\/1"}],"replies":[{"embeddable":true,"href":"https:\/\/www.ratani.in\/es\/wp-json\/wp\/v2\/comments?post=232"}],"version-history":[{"count":11,"href":"https:\/\/www.ratani.in\/es\/wp-json\/wp\/v2\/pages\/232\/revisions"}],"predecessor-version":[{"id":2668,"href":"https:\/\/www.ratani.in\/es\/wp-json\/wp\/v2\/pages\/232\/revisions\/2668"}],"wp:featuredmedia":[{"embeddable":true,"href":"https:\/\/www.ratani.in\/es\/wp-json\/wp\/v2\/media\/237"}],"wp:attachment":[{"href":"https:\/\/www.ratani.in\/es\/wp-json\/wp\/v2\/media?parent=232"}],"curies":[{"name":"wp","href":"https:\/\/api.w.org\/{rel}","templated":true}]}}