{"id":25,"date":"2023-08-07T08:35:07","date_gmt":"2023-08-07T08:35:07","guid":{"rendered":"https:\/\/www.ratani.in\/?page_id=25"},"modified":"2025-05-16T13:06:13","modified_gmt":"2025-05-16T13:06:13","slug":"granite-mine-company-in-india","status":"publish","type":"page","link":"https:\/\/www.ratani.in\/es\/granite-mine-company-in-india\/","title":{"rendered":"Sobre nosotros"},"content":{"rendered":"<p>En Ratani, nos enorgullece ser un proveedor l\u00edder de granito en la India para una variedad de productos, incluyendo aquellos que a\u00f1aden elegancia, durabilidad y un acabado natural a cada espacio. Nuestro viaje comenz\u00f3 con una idea y pasi\u00f3n por servir al mundo con piedras naturales de la India, operando como una planta de procesamiento de granito en la India, y una visi\u00f3n de crear un entorno notable como s\u00edmbolo de belleza y sofisticaci\u00f3n. Hemos crecido para convertirnos en un nombre de confianza en la industria, con la dedicaci\u00f3n de ofrecer artesan\u00eda y un servicio al cliente de primera clase a nuestros clientes. Nuestra f\u00e1brica de granito en la India asegura que proporcionemos a nuestros clientes la mejor selecci\u00f3n de granito extra\u00eddo de canteras indias.<\/p>\n<p>En Ratani, reconocemos que cada proyecto y cada necesidad es diferente. Nuestro equipo experimentado de profesionales cualificados selecciona meticulosamente bloques de granito de las minas de granito en la India que se alinean con las visiones y los requisitos de los clientes. Nuestro equipo inspecciona la losa por su color, variaciones, diferentes patrones y durabilidad, asegurando que el producto final cumpla con los m\u00e1s altos est\u00e1ndares de calidad y est\u00e9tica.<\/p>\n","protected":false},"excerpt":{"rendered":"<p>En Ratani, nos enorgullece ser un proveedor l\u00edder de granito en la India para una variedad de productos, incluyendo aquellos que a\u00f1aden elegancia, durabilidad y un acabado natural a cada espacio. Nuestro viaje comenz\u00f3 con una idea y pasi\u00f3n por servir al mundo con piedras naturales de la India, operando como una planta de procesamiento &hellip; <a href=\"https:\/\/www.ratani.in\/es\/granite-mine-company-in-india\/\" class=\"more-link\">Continue reading<span class=\"screen-reader-text\"> &#8220;Sobre nosotros&#8221;<\/span><\/a><\/p>\n","protected":false},"author":1,"featured_media":138,"parent":0,"menu_order":0,"comment_status":"closed","ping_status":"closed","template":"page-templates\/about.php","meta":{"footnotes":""},"translation":{"provider":"WPGlobus","version":"2.12.2","language":"es","enabled_languages":["en","es","fr","ru","ar","zh","pt"],"languages":{"en":{"title":true,"content":true,"excerpt":false},"es":{"title":true,"content":true,"excerpt":false},"fr":{"title":true,"content":true,"excerpt":false},"ru":{"title":true,"content":true,"excerpt":false},"ar":{"title":true,"content":true,"excerpt":false},"zh":{"title":true,"content":true,"excerpt":false},"pt":{"title":true,"content":true,"excerpt":false}}},"acf":[],"_links":{"self":[{"href":"https:\/\/www.ratani.in\/es\/wp-json\/wp\/v2\/pages\/25"}],"collection":[{"href":"https:\/\/www.ratani.in\/es\/wp-json\/wp\/v2\/pages"}],"about":[{"href":"https:\/\/www.ratani.in\/es\/wp-json\/wp\/v2\/types\/page"}],"author":[{"embeddable":true,"href":"https:\/\/www.ratani.in\/es\/wp-json\/wp\/v2\/users\/1"}],"replies":[{"embeddable":true,"href":"https:\/\/www.ratani.in\/es\/wp-json\/wp\/v2\/comments?post=25"}],"version-history":[{"count":19,"href":"https:\/\/www.ratani.in\/es\/wp-json\/wp\/v2\/pages\/25\/revisions"}],"predecessor-version":[{"id":3299,"href":"https:\/\/www.ratani.in\/es\/wp-json\/wp\/v2\/pages\/25\/revisions\/3299"}],"wp:featuredmedia":[{"embeddable":true,"href":"https:\/\/www.ratani.in\/es\/wp-json\/wp\/v2\/media\/138"}],"wp:attachment":[{"href":"https:\/\/www.ratani.in\/es\/wp-json\/wp\/v2\/media?parent=25"}],"curies":[{"name":"wp","href":"https:\/\/api.w.org\/{rel}","templated":true}]}}