{"id":252,"date":"2023-08-16T12:27:55","date_gmt":"2023-08-16T12:27:55","guid":{"rendered":"https:\/\/www.ratani.in\/?page_id=252"},"modified":"2025-05-16T13:12:43","modified_gmt":"2025-05-16T13:12:43","slug":"black-galaxy-granite-manufacturer-and-exporter","status":"publish","type":"page","link":"https:\/\/www.ratani.in\/es\/black-galaxy-granite-manufacturer-and-exporter\/","title":{"rendered":"Granito Galaxia Negra"},"content":{"rendered":"<p>Los granitos Galaxia Negra en la India son una impresionante piedra natural conocida por su apariencia oscura y cautivadora. Se extrae principalmente de minas en Andhra Pradesh, India. Este granito presenta un fondo negro profundo, adornado con peque\u00f1as motas reflectantes de color dorado cobrizo o plateado, que se asemejan a un cielo estrellado en la noche. Estas motas brillantes, a menudo conocidas como formaciones de &#8220;galaxia&#8221; o &#8220;constelaci\u00f3n&#8221;, crean un efecto hipnotizante y le dan a la piedra su car\u00e1cter \u00fanico y elegante.<\/p>\n<p>Las baldosas de granito Galaxia Negra se utilizan com\u00fanmente en diversas aplicaciones como encimeras, pisos, salpicaderos y revestimientos de pared, a\u00f1adiendo un toque de lujo y sofisticaci\u00f3n a cualquier espacio. La durabilidad de las losas de granito Galaxia Negra, su resistencia al calor y los ara\u00f1azos, y su distintivo atractivo visual lo convierten en una opci\u00f3n popular tanto para los propietarios como para los dise\u00f1adores.<\/p>\n","protected":false},"excerpt":{"rendered":"<p>Los granitos Galaxia Negra en la India son una impresionante piedra natural conocida por su apariencia oscura y cautivadora. Se extrae principalmente de minas en Andhra Pradesh, India. Este granito presenta un fondo negro profundo, adornado con peque\u00f1as motas reflectantes de color dorado cobrizo o plateado, que se asemejan a un cielo estrellado en la &hellip; <a href=\"https:\/\/www.ratani.in\/es\/black-galaxy-granite-manufacturer-and-exporter\/\" class=\"more-link\">Continue reading<span class=\"screen-reader-text\"> &#8220;Granito Galaxia Negra&#8221;<\/span><\/a><\/p>\n","protected":false},"author":1,"featured_media":260,"parent":0,"menu_order":0,"comment_status":"closed","ping_status":"closed","template":"page-templates\/product.php","meta":{"footnotes":""},"translation":{"provider":"WPGlobus","version":"2.12.2","language":"es","enabled_languages":["en","es","fr","ru","ar","zh","pt"],"languages":{"en":{"title":true,"content":true,"excerpt":false},"es":{"title":true,"content":true,"excerpt":false},"fr":{"title":true,"content":true,"excerpt":false},"ru":{"title":true,"content":true,"excerpt":false},"ar":{"title":true,"content":true,"excerpt":false},"zh":{"title":true,"content":true,"excerpt":false},"pt":{"title":true,"content":true,"excerpt":false}}},"acf":[],"_links":{"self":[{"href":"https:\/\/www.ratani.in\/es\/wp-json\/wp\/v2\/pages\/252"}],"collection":[{"href":"https:\/\/www.ratani.in\/es\/wp-json\/wp\/v2\/pages"}],"about":[{"href":"https:\/\/www.ratani.in\/es\/wp-json\/wp\/v2\/types\/page"}],"author":[{"embeddable":true,"href":"https:\/\/www.ratani.in\/es\/wp-json\/wp\/v2\/users\/1"}],"replies":[{"embeddable":true,"href":"https:\/\/www.ratani.in\/es\/wp-json\/wp\/v2\/comments?post=252"}],"version-history":[{"count":15,"href":"https:\/\/www.ratani.in\/es\/wp-json\/wp\/v2\/pages\/252\/revisions"}],"predecessor-version":[{"id":2687,"href":"https:\/\/www.ratani.in\/es\/wp-json\/wp\/v2\/pages\/252\/revisions\/2687"}],"wp:featuredmedia":[{"embeddable":true,"href":"https:\/\/www.ratani.in\/es\/wp-json\/wp\/v2\/media\/260"}],"wp:attachment":[{"href":"https:\/\/www.ratani.in\/es\/wp-json\/wp\/v2\/media?parent=252"}],"curies":[{"name":"wp","href":"https:\/\/api.w.org\/{rel}","templated":true}]}}