{"id":282,"date":"2023-08-16T12:34:55","date_gmt":"2023-08-16T12:34:55","guid":{"rendered":"https:\/\/www.ratani.in\/?page_id=282"},"modified":"2023-09-05T12:14:56","modified_gmt":"2023-09-05T12:14:56","slug":"titanium-black-granite-manufacturer-and-exporter","status":"publish","type":"page","link":"https:\/\/www.ratani.in\/es\/titanium-black-granite-manufacturer-and-exporter\/","title":{"rendered":"Granito Negro Titanio"},"content":{"rendered":"<p>El Granito Negro Titanio es una deslumbrante y audaz piedra natural conocida por su profundo color negro y su apariencia met\u00e1lica. Es una elecci\u00f3n popular entre los proveedores de granito en el sur de la India para aquellos que buscan una est\u00e9tica lujosa y contempor\u00e1nea en sus proyectos de dise\u00f1o.<\/p>\n<p>El Granito Negro Titanio presenta un fondo negro constante y uniforme que irradia un ambiente elegante y sofisticado. Su superficie a menudo muestra un brillo met\u00e1lico o una cualidad reflectante, a\u00f1adiendo un toque de glamour y modernidad a cualquier espacio.<\/p>\n<p>Esta variedad de granito se utiliza com\u00fanmente para una variedad de aplicaciones, tanto en interiores como en exteriores. A menudo se utiliza para encimeras de cocina, tocadores de ba\u00f1o, pisos, revestimientos de paredes y acentos arquitect\u00f3nicos. Su durabilidad, resistencia al calor y los ara\u00f1azos, y los bajos requisitos de mantenimiento lo convierten en una elecci\u00f3n pr\u00e1ctica para \u00e1reas de alto tr\u00e1fico.<\/p>\n<p>El profundo color negro y la apariencia met\u00e1lica del Granito Negro Titanio lo convierten en una pieza audaz en cualquier esquema de dise\u00f1o. Complementa los estilos de dise\u00f1o contempor\u00e1neo, moderno e industrial, a\u00f1adiendo un toque de drama y sofisticaci\u00f3n. Tambi\u00e9n combina bien con colores y materiales contrastantes, creando un espacio visualmente din\u00e1mico y cautivador.<\/p>\n","protected":false},"excerpt":{"rendered":"<p>El Granito Negro Titanio es una deslumbrante y audaz piedra natural conocida por su profundo color negro y su apariencia met\u00e1lica. Es una elecci\u00f3n popular entre los proveedores de granito en el sur de la India para aquellos que buscan una est\u00e9tica lujosa y contempor\u00e1nea en sus proyectos de dise\u00f1o. El Granito Negro Titanio presenta &hellip; <a href=\"https:\/\/www.ratani.in\/es\/titanium-black-granite-manufacturer-and-exporter\/\" class=\"more-link\">Continue reading<span class=\"screen-reader-text\"> &#8220;Granito Negro Titanio&#8221;<\/span><\/a><\/p>\n","protected":false},"author":1,"featured_media":290,"parent":0,"menu_order":0,"comment_status":"closed","ping_status":"closed","template":"page-templates\/product.php","meta":{"footnotes":""},"translation":{"provider":"WPGlobus","version":"2.12.2","language":"es","enabled_languages":["en","es","fr","ru","ar","zh","pt"],"languages":{"en":{"title":true,"content":true,"excerpt":false},"es":{"title":true,"content":true,"excerpt":false},"fr":{"title":true,"content":true,"excerpt":false},"ru":{"title":true,"content":true,"excerpt":false},"ar":{"title":true,"content":true,"excerpt":false},"zh":{"title":true,"content":true,"excerpt":false},"pt":{"title":true,"content":true,"excerpt":false}}},"acf":[],"_links":{"self":[{"href":"https:\/\/www.ratani.in\/es\/wp-json\/wp\/v2\/pages\/282"}],"collection":[{"href":"https:\/\/www.ratani.in\/es\/wp-json\/wp\/v2\/pages"}],"about":[{"href":"https:\/\/www.ratani.in\/es\/wp-json\/wp\/v2\/types\/page"}],"author":[{"embeddable":true,"href":"https:\/\/www.ratani.in\/es\/wp-json\/wp\/v2\/users\/1"}],"replies":[{"embeddable":true,"href":"https:\/\/www.ratani.in\/es\/wp-json\/wp\/v2\/comments?post=282"}],"version-history":[{"count":14,"href":"https:\/\/www.ratani.in\/es\/wp-json\/wp\/v2\/pages\/282\/revisions"}],"predecessor-version":[{"id":2539,"href":"https:\/\/www.ratani.in\/es\/wp-json\/wp\/v2\/pages\/282\/revisions\/2539"}],"wp:featuredmedia":[{"embeddable":true,"href":"https:\/\/www.ratani.in\/es\/wp-json\/wp\/v2\/media\/290"}],"wp:attachment":[{"href":"https:\/\/www.ratani.in\/es\/wp-json\/wp\/v2\/media?parent=282"}],"curies":[{"name":"wp","href":"https:\/\/api.w.org\/{rel}","templated":true}]}}