{"id":2866,"date":"2024-08-15T10:17:49","date_gmt":"2024-08-15T10:17:49","guid":{"rendered":"https:\/\/www.ratani.in\/?page_id=2866"},"modified":"2025-01-07T12:26:08","modified_gmt":"2025-01-07T12:26:08","slug":"granite-headstones","status":"publish","type":"page","link":"https:\/\/www.ratani.in\/es\/granite-headstones\/","title":{"rendered":"Granite Headstones"},"content":{"rendered":"<p>En Ratani, nos especializamos en crear las mejores l\u00e1pidas de granito que rinden homenaje a sus seres queridos de una manera duradera y eterna. Ratani es el principal fabricante de l\u00e1pidas de granito de la India. Ofrecemos varias formas y tama\u00f1os diferentes de l\u00e1pidas de granito elaboradas por expertos. Durante a\u00f1os, hemos estado trabajando en la construcci\u00f3n de hermosos monumentos conmemorativos de granito utilizando las piedras adecuadas y proporcionando formas de l\u00e1pidas \u00fanicas. Nuestras l\u00e1pidas de granito son un homenaje a la elegancia y la habilidad, as\u00ed como un signo de recuerdo.<\/p>\n<p>El granito se valora para las l\u00e1pidas debido a su excepcional durabilidad y atractiva belleza. Es tolerante a los da\u00f1os y sigue brillando durante a\u00f1os. El granito viene en una amplia gama de tonos y texturas, lo que brinda infinitas opciones de personalizaci\u00f3n. El granito viene en una variedad de colores, desde tonos brillantes hasta negros profundos y blancos tranquilos, lo que permite personalizar los monumentos para capturar la esencia de la persona fallecida. La mejor parte es que Ratani puede proporcionarle todas las formas y colores con facilidad. La elegancia cl\u00e1sica de las l\u00e1pidas que ofrecemos garantiza que el recuerdo de su ser querido siempre ser\u00e1 hermoso y vibrante.<\/p>\n","protected":false},"excerpt":{"rendered":"<p>En Ratani, nos especializamos en crear las mejores l\u00e1pidas de granito que rinden homenaje a sus seres queridos de una manera duradera y eterna. Ratani es el principal fabricante de l\u00e1pidas de granito de la India. Ofrecemos varias formas y tama\u00f1os diferentes de l\u00e1pidas de granito elaboradas por expertos. Durante a\u00f1os, hemos estado trabajando en &hellip; <a href=\"https:\/\/www.ratani.in\/es\/granite-headstones\/\" class=\"more-link\">Continue reading<span class=\"screen-reader-text\"> &#8220;Granite Headstones&#8221;<\/span><\/a><\/p>\n","protected":false},"author":2,"featured_media":0,"parent":0,"menu_order":0,"comment_status":"closed","ping_status":"closed","template":"page-templates\/graniteheadstone-page.php","meta":{"footnotes":""},"translation":{"provider":"WPGlobus","version":"2.12.2","language":"es","enabled_languages":["en","es","fr","ru","ar","zh","pt"],"languages":{"en":{"title":true,"content":true,"excerpt":false},"es":{"title":false,"content":true,"excerpt":false},"fr":{"title":true,"content":true,"excerpt":false},"ru":{"title":false,"content":true,"excerpt":false},"ar":{"title":false,"content":true,"excerpt":false},"zh":{"title":false,"content":true,"excerpt":false},"pt":{"title":false,"content":true,"excerpt":false}}},"acf":[],"_links":{"self":[{"href":"https:\/\/www.ratani.in\/es\/wp-json\/wp\/v2\/pages\/2866"}],"collection":[{"href":"https:\/\/www.ratani.in\/es\/wp-json\/wp\/v2\/pages"}],"about":[{"href":"https:\/\/www.ratani.in\/es\/wp-json\/wp\/v2\/types\/page"}],"author":[{"embeddable":true,"href":"https:\/\/www.ratani.in\/es\/wp-json\/wp\/v2\/users\/2"}],"replies":[{"embeddable":true,"href":"https:\/\/www.ratani.in\/es\/wp-json\/wp\/v2\/comments?post=2866"}],"version-history":[{"count":38,"href":"https:\/\/www.ratani.in\/es\/wp-json\/wp\/v2\/pages\/2866\/revisions"}],"predecessor-version":[{"id":3164,"href":"https:\/\/www.ratani.in\/es\/wp-json\/wp\/v2\/pages\/2866\/revisions\/3164"}],"wp:attachment":[{"href":"https:\/\/www.ratani.in\/es\/wp-json\/wp\/v2\/media?parent=2866"}],"curies":[{"name":"wp","href":"https:\/\/api.w.org\/{rel}","templated":true}]}}