{"id":292,"date":"2023-08-16T13:24:14","date_gmt":"2023-08-16T13:24:14","guid":{"rendered":"https:\/\/www.ratani.in\/?page_id=292"},"modified":"2023-09-01T12:59:38","modified_gmt":"2023-09-01T12:59:38","slug":"alaska-white-granite-manufacturer-and-exporter","status":"publish","type":"page","link":"https:\/\/www.ratani.in\/es\/alaska-white-granite-manufacturer-and-exporter\/","title":{"rendered":"Granito Blanco Alaska"},"content":{"rendered":"<p>El granito Blanco Alaska se caracteriza por su color de fondo claro, que suele ser un blanco cremoso o un gris p\u00e1lido. El granito Blanco Alaska en la India se caracteriza por sus intrincados patrones de colores contrastantes, que incluyen tonos de gris, beige y negro. Estos patrones pueden parecer delicadas venas o ondas fluidas, a\u00f1adiendo profundidad e inter\u00e9s visual a la superficie de la piedra.<\/p>\n<p>Con un acabado pulido en la planta de procesamiento de granito en el norte de la India, el granito Blanco Alaska exhibe un hermoso brillo que realza su apariencia general. La combinaci\u00f3n de su fondo claro y los acentos m\u00e1s oscuros le permite integrarse perfectamente con varios estilos de dise\u00f1o, convirti\u00e9ndolo en una elecci\u00f3n vers\u00e1til tanto para entornos contempor\u00e1neos como tradicionales.<\/p>\n<p>El granito Blanco Alaska se utiliza com\u00fanmente para encimeras, salpicaderos y caracter\u00edsticas de acento en cocinas y ba\u00f1os. Aporta una sensaci\u00f3n de elegancia y sofisticaci\u00f3n a los espacios, mientras que su durabilidad y resistencia al calor y los ara\u00f1azos lo convierten en una opci\u00f3n pr\u00e1ctica y duradera para superficies que soportan un uso diario intenso.<\/p>\n","protected":false},"excerpt":{"rendered":"<p>El granito Blanco Alaska se caracteriza por su color de fondo claro, que suele ser un blanco cremoso o un gris p\u00e1lido. El granito Blanco Alaska en la India se caracteriza por sus intrincados patrones de colores contrastantes, que incluyen tonos de gris, beige y negro. Estos patrones pueden parecer delicadas venas o ondas fluidas, &hellip; <a href=\"https:\/\/www.ratani.in\/es\/alaska-white-granite-manufacturer-and-exporter\/\" class=\"more-link\">Continue reading<span class=\"screen-reader-text\"> &#8220;Granito Blanco Alaska&#8221;<\/span><\/a><\/p>\n","protected":false},"author":1,"featured_media":293,"parent":0,"menu_order":0,"comment_status":"closed","ping_status":"closed","template":"page-templates\/product.php","meta":{"footnotes":""},"translation":{"provider":"WPGlobus","version":"2.12.2","language":"es","enabled_languages":["en","es","fr","ru","ar","zh","pt"],"languages":{"en":{"title":true,"content":true,"excerpt":false},"es":{"title":true,"content":true,"excerpt":false},"fr":{"title":true,"content":true,"excerpt":false},"ru":{"title":true,"content":true,"excerpt":false},"ar":{"title":true,"content":true,"excerpt":false},"zh":{"title":true,"content":true,"excerpt":false},"pt":{"title":true,"content":true,"excerpt":false}}},"acf":[],"_links":{"self":[{"href":"https:\/\/www.ratani.in\/es\/wp-json\/wp\/v2\/pages\/292"}],"collection":[{"href":"https:\/\/www.ratani.in\/es\/wp-json\/wp\/v2\/pages"}],"about":[{"href":"https:\/\/www.ratani.in\/es\/wp-json\/wp\/v2\/types\/page"}],"author":[{"embeddable":true,"href":"https:\/\/www.ratani.in\/es\/wp-json\/wp\/v2\/users\/1"}],"replies":[{"embeddable":true,"href":"https:\/\/www.ratani.in\/es\/wp-json\/wp\/v2\/comments?post=292"}],"version-history":[{"count":11,"href":"https:\/\/www.ratani.in\/es\/wp-json\/wp\/v2\/pages\/292\/revisions"}],"predecessor-version":[{"id":2556,"href":"https:\/\/www.ratani.in\/es\/wp-json\/wp\/v2\/pages\/292\/revisions\/2556"}],"wp:featuredmedia":[{"embeddable":true,"href":"https:\/\/www.ratani.in\/es\/wp-json\/wp\/v2\/media\/293"}],"wp:attachment":[{"href":"https:\/\/www.ratani.in\/es\/wp-json\/wp\/v2\/media?parent=292"}],"curies":[{"name":"wp","href":"https:\/\/api.w.org\/{rel}","templated":true}]}}