{"id":3013,"date":"2024-10-13T10:40:35","date_gmt":"2024-10-13T10:40:35","guid":{"rendered":"https:\/\/www.ratani.in\/?page_id=3013"},"modified":"2025-01-07T12:27:07","modified_gmt":"2025-01-07T12:27:07","slug":"granite-balls","status":"publish","type":"page","link":"https:\/\/www.ratani.in\/es\/granite-balls\/","title":{"rendered":"bolas de granito"},"content":{"rendered":"<p>En Ratani nos sentimos muy satisfechos al crear impresionantes bolas de granito que son un s\u00edmbolo de gracia, durabilidad y belleza. Siendo el principal fabricante de bolas de granito de la India, tenemos experiencia en producir exquisitas bolas de granito que lucen excelentes como elementos decorativos para jardines, decoraci\u00f3n del hogar y monumentos conmemorativos. Nuestras bolas de granito bellamente hechas son el complemento perfecto para cualquier entorno, ya que combinan perfectamente forma y funci\u00f3n.<\/p>\n<p>El granito es un material muy valorado por su belleza natural y su resistencia. Independientemente del entorno, nuestras bolas de granito seguir\u00e1n luciendo tan hermosas como el d\u00eda en que fueron instaladas gracias a su caracter\u00edstica de resistencia a la intemperie y a la corrosi\u00f3n. Ya sea que est\u00e9 buscando la sutil sofisticaci\u00f3n de Chima White, los impresionantes patrones de Sapphire Blue o la encantadora elegancia de Absolute Black, nuestras bolas de granito se pueden personalizar para que coincidan con sus gustos est\u00e9ticos. Vienen en una amplia selecci\u00f3n de tonos y acabados.<\/p>\n","protected":false},"excerpt":{"rendered":"<p>En Ratani nos sentimos muy satisfechos al crear impresionantes bolas de granito que son un s\u00edmbolo de gracia, durabilidad y belleza. Siendo el principal fabricante de bolas de granito de la India, tenemos experiencia en producir exquisitas bolas de granito que lucen excelentes como elementos decorativos para jardines, decoraci\u00f3n del hogar y monumentos conmemorativos. Nuestras &hellip; <a href=\"https:\/\/www.ratani.in\/es\/granite-balls\/\" class=\"more-link\">Continue reading<span class=\"screen-reader-text\"> &#8220;bolas de granito&#8221;<\/span><\/a><\/p>\n","protected":false},"author":2,"featured_media":2943,"parent":0,"menu_order":0,"comment_status":"closed","ping_status":"closed","template":"page-templates\/graniteheadstone-page.php","meta":{"footnotes":""},"translation":{"provider":"WPGlobus","version":"2.12.2","language":"es","enabled_languages":["en","es","fr","ru","ar","zh","pt"],"languages":{"en":{"title":true,"content":true,"excerpt":false},"es":{"title":true,"content":true,"excerpt":false},"fr":{"title":true,"content":true,"excerpt":false},"ru":{"title":true,"content":true,"excerpt":false},"ar":{"title":true,"content":true,"excerpt":false},"zh":{"title":true,"content":true,"excerpt":false},"pt":{"title":true,"content":true,"excerpt":false}}},"acf":[],"_links":{"self":[{"href":"https:\/\/www.ratani.in\/es\/wp-json\/wp\/v2\/pages\/3013"}],"collection":[{"href":"https:\/\/www.ratani.in\/es\/wp-json\/wp\/v2\/pages"}],"about":[{"href":"https:\/\/www.ratani.in\/es\/wp-json\/wp\/v2\/types\/page"}],"author":[{"embeddable":true,"href":"https:\/\/www.ratani.in\/es\/wp-json\/wp\/v2\/users\/2"}],"replies":[{"embeddable":true,"href":"https:\/\/www.ratani.in\/es\/wp-json\/wp\/v2\/comments?post=3013"}],"version-history":[{"count":15,"href":"https:\/\/www.ratani.in\/es\/wp-json\/wp\/v2\/pages\/3013\/revisions"}],"predecessor-version":[{"id":3167,"href":"https:\/\/www.ratani.in\/es\/wp-json\/wp\/v2\/pages\/3013\/revisions\/3167"}],"wp:featuredmedia":[{"embeddable":true,"href":"https:\/\/www.ratani.in\/es\/wp-json\/wp\/v2\/media\/2943"}],"wp:attachment":[{"href":"https:\/\/www.ratani.in\/es\/wp-json\/wp\/v2\/media?parent=3013"}],"curies":[{"name":"wp","href":"https:\/\/api.w.org\/{rel}","templated":true}]}}