{"id":3019,"date":"2024-10-13T11:03:37","date_gmt":"2024-10-13T11:03:37","guid":{"rendered":"https:\/\/www.ratani.in\/?page_id=3019"},"modified":"2025-01-07T12:27:35","modified_gmt":"2025-01-07T12:27:35","slug":"granite-vase","status":"publish","type":"page","link":"https:\/\/www.ratani.in\/es\/granite-vase\/","title":{"rendered":"Florero de granito"},"content":{"rendered":"<p>En Ratani pensamos que rendir homenaje a la memoria de un ser querido requiere una atenci\u00f3n meticulosa a cada detalle. Nuestros jarrones de granito bellamente elaborados est\u00e1n dise\u00f1ados para servir como monumentos conmemorativos encantadores y duraderos que embellecen tumbas, monumentos conmemorativos, jardines, espacios comerciales y muchas otras \u00e1reas. Est\u00e1n hechos para durar muchos a\u00f1os. Estamos comprometidos a producir jarrones de granito que no solo combinen maravillosamente con nuestras l\u00e1pidas y l\u00e1pidas de granito, sino que tambi\u00e9n embellezcan el dise\u00f1o general de cualquier \u00e1rea conmemorativa. Somos uno de los principales fabricantes de jarrones de granito de la India.<br \/>\n<strong>La belleza eterna de los jarrones de granito<\/strong><br \/>\nEl granito es un material popular para los jarrones conmemorativos debido a su poder, durabilidad y belleza atemporal. Debido a que nuestros jarrones de granito est\u00e1n hechos para sobrevivir a las condiciones clim\u00e1ticas, siguen luciendo tan hermosos y perfectos como el d\u00eda en que fueron colocados. Con tantas texturas y colores de piedra para elegir, puedes seleccionar un jarr\u00f3n que acent\u00fae los lugares circundantes. Tenemos selecciones tan variadas como hermosas, que van desde los tonos tranquilos y suaves del blanco hasta los tonos profundos y sorprendentes del negro.<\/p>\n","protected":false},"excerpt":{"rendered":"<p>En Ratani pensamos que rendir homenaje a la memoria de un ser querido requiere una atenci\u00f3n meticulosa a cada detalle. Nuestros jarrones de granito bellamente elaborados est\u00e1n dise\u00f1ados para servir como monumentos conmemorativos encantadores y duraderos que embellecen tumbas, monumentos conmemorativos, jardines, espacios comerciales y muchas otras \u00e1reas. Est\u00e1n hechos para durar muchos a\u00f1os. Estamos &hellip; <a href=\"https:\/\/www.ratani.in\/es\/granite-vase\/\" class=\"more-link\">Continue reading<span class=\"screen-reader-text\"> &#8220;Florero de granito&#8221;<\/span><\/a><\/p>\n","protected":false},"author":2,"featured_media":0,"parent":0,"menu_order":0,"comment_status":"closed","ping_status":"closed","template":"page-templates\/graniteheadstone-page.php","meta":{"footnotes":""},"translation":{"provider":"WPGlobus","version":"2.12.2","language":"es","enabled_languages":["en","es","fr","ru","ar","zh","pt"],"languages":{"en":{"title":true,"content":true,"excerpt":false},"es":{"title":true,"content":true,"excerpt":false},"fr":{"title":true,"content":true,"excerpt":false},"ru":{"title":true,"content":true,"excerpt":false},"ar":{"title":true,"content":true,"excerpt":false},"zh":{"title":true,"content":true,"excerpt":false},"pt":{"title":true,"content":true,"excerpt":false}}},"acf":[],"_links":{"self":[{"href":"https:\/\/www.ratani.in\/es\/wp-json\/wp\/v2\/pages\/3019"}],"collection":[{"href":"https:\/\/www.ratani.in\/es\/wp-json\/wp\/v2\/pages"}],"about":[{"href":"https:\/\/www.ratani.in\/es\/wp-json\/wp\/v2\/types\/page"}],"author":[{"embeddable":true,"href":"https:\/\/www.ratani.in\/es\/wp-json\/wp\/v2\/users\/2"}],"replies":[{"embeddable":true,"href":"https:\/\/www.ratani.in\/es\/wp-json\/wp\/v2\/comments?post=3019"}],"version-history":[{"count":8,"href":"https:\/\/www.ratani.in\/es\/wp-json\/wp\/v2\/pages\/3019\/revisions"}],"predecessor-version":[{"id":3169,"href":"https:\/\/www.ratani.in\/es\/wp-json\/wp\/v2\/pages\/3019\/revisions\/3169"}],"wp:attachment":[{"href":"https:\/\/www.ratani.in\/es\/wp-json\/wp\/v2\/media?parent=3019"}],"curies":[{"name":"wp","href":"https:\/\/api.w.org\/{rel}","templated":true}]}}