{"id":3025,"date":"2024-10-13T11:37:42","date_gmt":"2024-10-13T11:37:42","guid":{"rendered":"https:\/\/www.ratani.in\/?page_id=3025"},"modified":"2025-01-07T12:28:05","modified_gmt":"2025-01-07T12:28:05","slug":"granite-pillars","status":"publish","type":"page","link":"https:\/\/www.ratani.in\/es\/granite-pillars\/","title":{"rendered":"Pilares de granito"},"content":{"rendered":"<p>En Ratani, disfrutamos much\u00edsimo desarrollando s\u00edmbolos atemporales que reflejan poder, estilo y herencia. Ya sea un gran proyecto arquitect\u00f3nico, un jard\u00edn o un monumento conmemorativo, nuestros pilares de granito est\u00e1n hechos para agregar belleza a cualquier \u00e1rea. Siendo uno de los principales fabricantes de pilares de granito de la India, combinamos la belleza cl\u00e1sica del granito con una h\u00e1bil artesan\u00eda para producir pilares que durar\u00e1n por generaciones.<br \/>\n<strong>O apelo atemporal dos pilares de granito<\/strong><br \/>\nLos pilares de granito se han relacionado durante mucho tiempo con la resistencia y la durabilidad. Su resistencia a la intemperie, longevidad y atractivo natural los hacen perfectos para una variedad de usos, incluidos elementos arquitect\u00f3nicos y monumentos conmemorativos. Debido a su fuerza y \u200b\u200batractivo atemporal, los pilares de granito son perfectos para monumentos conmemorativos que honran a personas o eventos de renombre. Estos pilares confieren a las estructuras arquitect\u00f3nicas solidez y belleza est\u00e9tica, combin\u00e1ndose perfectamente con dise\u00f1os antiguos y modernos. Ofrecemos una variedad de tonos para nuestros pilares de granito en Ratani, como los ricos tonos de Brown, la profunda elegancia de Absolute Black y el encanto atemporal de River White Granite. Cada pilar est\u00e1 cuidadosamente construido para resaltar el atractivo natural y las vetas del granito, lo que lo convierte en una combinaci\u00f3n \u00fanica e impresionante para cualquier entorno.<\/p>\n","protected":false},"excerpt":{"rendered":"<p>En Ratani, disfrutamos much\u00edsimo desarrollando s\u00edmbolos atemporales que reflejan poder, estilo y herencia. Ya sea un gran proyecto arquitect\u00f3nico, un jard\u00edn o un monumento conmemorativo, nuestros pilares de granito est\u00e1n hechos para agregar belleza a cualquier \u00e1rea. Siendo uno de los principales fabricantes de pilares de granito de la India, combinamos la belleza cl\u00e1sica del &hellip; <a href=\"https:\/\/www.ratani.in\/es\/granite-pillars\/\" class=\"more-link\">Continue reading<span class=\"screen-reader-text\"> &#8220;Pilares de granito&#8221;<\/span><\/a><\/p>\n","protected":false},"author":2,"featured_media":0,"parent":0,"menu_order":0,"comment_status":"closed","ping_status":"closed","template":"page-templates\/graniteheadstone-page.php","meta":{"footnotes":""},"translation":{"provider":"WPGlobus","version":"2.12.2","language":"es","enabled_languages":["en","es","fr","ru","ar","zh","pt"],"languages":{"en":{"title":true,"content":true,"excerpt":false},"es":{"title":true,"content":true,"excerpt":false},"fr":{"title":true,"content":true,"excerpt":false},"ru":{"title":true,"content":true,"excerpt":false},"ar":{"title":true,"content":true,"excerpt":false},"zh":{"title":true,"content":true,"excerpt":false},"pt":{"title":true,"content":true,"excerpt":false}}},"acf":[],"_links":{"self":[{"href":"https:\/\/www.ratani.in\/es\/wp-json\/wp\/v2\/pages\/3025"}],"collection":[{"href":"https:\/\/www.ratani.in\/es\/wp-json\/wp\/v2\/pages"}],"about":[{"href":"https:\/\/www.ratani.in\/es\/wp-json\/wp\/v2\/types\/page"}],"author":[{"embeddable":true,"href":"https:\/\/www.ratani.in\/es\/wp-json\/wp\/v2\/users\/2"}],"replies":[{"embeddable":true,"href":"https:\/\/www.ratani.in\/es\/wp-json\/wp\/v2\/comments?post=3025"}],"version-history":[{"count":7,"href":"https:\/\/www.ratani.in\/es\/wp-json\/wp\/v2\/pages\/3025\/revisions"}],"predecessor-version":[{"id":3171,"href":"https:\/\/www.ratani.in\/es\/wp-json\/wp\/v2\/pages\/3025\/revisions\/3171"}],"wp:attachment":[{"href":"https:\/\/www.ratani.in\/es\/wp-json\/wp\/v2\/media?parent=3025"}],"curies":[{"name":"wp","href":"https:\/\/api.w.org\/{rel}","templated":true}]}}