{"id":3029,"date":"2024-10-13T12:03:31","date_gmt":"2024-10-13T12:03:31","guid":{"rendered":"https:\/\/www.ratani.in\/?page_id=3029"},"modified":"2025-05-16T13:09:08","modified_gmt":"2025-05-16T13:09:08","slug":"granite-gravestones","status":"publish","type":"page","link":"https:\/\/www.ratani.in\/es\/granite-gravestones\/","title":{"rendered":"L\u00e1pidas de granito"},"content":{"rendered":"<p>En Ratani, reconocemos que una l\u00e1pida es un recordatorio muy personal de la vida y el legado de un ser querido, m\u00e1s que un simple lugar para marcar. Siendo uno de los principales productores de l\u00e1pidas de granito en la India, nos complace enormemente crear monumentos que sirvan como s\u00edmbolos duraderos de respeto y memoria. Nuestras l\u00e1pidas est\u00e1n hechas teniendo en cuenta la gracia, la elegancia y el respeto para que la memoria de su ser querido viva y sea recordada para siempre.<\/p>\n<p>El granito es la opci\u00f3n preferida para las l\u00e1pidas debido a su notable durabilidad y atractivo atemporal. Resiste la prueba del tiempo y permanece resistente a la intemperie, la erosi\u00f3n y la decoloraci\u00f3n. Esto garantiza que la l\u00e1pida de su ser querido siga siendo tan hermosa y fuerte como el d\u00eda en que se coloc\u00f3. En Ratani, ofrecemos una amplia gama de opciones de granito, lo que le permite elegir la piedra que mejor refleje la personalidad y el esp\u00edritu del difunto. Ya sea que prefiera los tonos profundos del negro, los tonos serenos del azul Vizag o la elegancia sutil del blanco Viscon, nuestra colecci\u00f3n de granito ofrece el lienzo perfecto para un monumento conmemorativo significativo.<\/p>\n","protected":false},"excerpt":{"rendered":"<p>En Ratani, reconocemos que una l\u00e1pida es un recordatorio muy personal de la vida y el legado de un ser querido, m\u00e1s que un simple lugar para marcar. Siendo uno de los principales productores de l\u00e1pidas de granito en la India, nos complace enormemente crear monumentos que sirvan como s\u00edmbolos duraderos de respeto y memoria. &hellip; <a href=\"https:\/\/www.ratani.in\/es\/granite-gravestones\/\" class=\"more-link\">Continue reading<span class=\"screen-reader-text\"> &#8220;L\u00e1pidas de granito&#8221;<\/span><\/a><\/p>\n","protected":false},"author":2,"featured_media":0,"parent":0,"menu_order":0,"comment_status":"closed","ping_status":"closed","template":"page-templates\/graniteheadstone-page.php","meta":{"footnotes":""},"translation":{"provider":"WPGlobus","version":"2.12.2","language":"es","enabled_languages":["en","es","fr","ru","ar","zh","pt"],"languages":{"en":{"title":true,"content":true,"excerpt":false},"es":{"title":true,"content":true,"excerpt":false},"fr":{"title":true,"content":true,"excerpt":false},"ru":{"title":true,"content":true,"excerpt":false},"ar":{"title":true,"content":true,"excerpt":false},"zh":{"title":true,"content":true,"excerpt":false},"pt":{"title":true,"content":true,"excerpt":false}}},"acf":[],"_links":{"self":[{"href":"https:\/\/www.ratani.in\/es\/wp-json\/wp\/v2\/pages\/3029"}],"collection":[{"href":"https:\/\/www.ratani.in\/es\/wp-json\/wp\/v2\/pages"}],"about":[{"href":"https:\/\/www.ratani.in\/es\/wp-json\/wp\/v2\/types\/page"}],"author":[{"embeddable":true,"href":"https:\/\/www.ratani.in\/es\/wp-json\/wp\/v2\/users\/2"}],"replies":[{"embeddable":true,"href":"https:\/\/www.ratani.in\/es\/wp-json\/wp\/v2\/comments?post=3029"}],"version-history":[{"count":6,"href":"https:\/\/www.ratani.in\/es\/wp-json\/wp\/v2\/pages\/3029\/revisions"}],"predecessor-version":[{"id":3173,"href":"https:\/\/www.ratani.in\/es\/wp-json\/wp\/v2\/pages\/3029\/revisions\/3173"}],"wp:attachment":[{"href":"https:\/\/www.ratani.in\/es\/wp-json\/wp\/v2\/media?parent=3029"}],"curies":[{"name":"wp","href":"https:\/\/api.w.org\/{rel}","templated":true}]}}