{"id":3032,"date":"2024-10-13T12:29:58","date_gmt":"2024-10-13T12:29:58","guid":{"rendered":"https:\/\/www.ratani.in\/?page_id=3032"},"modified":"2025-05-16T13:09:48","modified_gmt":"2025-05-16T13:09:48","slug":"granite-tombstones","status":"publish","type":"page","link":"https:\/\/www.ratani.in\/es\/granite-tombstones\/","title":{"rendered":"L\u00e1pidas de granito"},"content":{"rendered":"<p>En Ratani sabemos muy bien que una l\u00e1pida es un monumento a la vida y el legado de nuestros seres queridos, mucho m\u00e1s que un simple lugar para ser enterrado. Nos especializamos en crear l\u00e1pidas de granito personalizadas que duran toda la vida como signos duraderos de amor, respeto y devoci\u00f3n. Somos uno de los principales fabricantes de l\u00e1pidas de granito en la India. La memoria de sus seres queridos se mantendr\u00e1 para las generaciones futuras a trav\u00e9s de cada l\u00e1pida que dise\u00f1amos, que combina una artesan\u00eda exquisita con una durabilidad duradera.<\/p>\n<p>El granito es conocido por su extraordinaria durabilidad y belleza atemporal, lo que lo convierte en el material perfecto para las l\u00e1pidas. Con Granite, el honor de su ser querido dura toda la vida porque es resistente a la decoloraci\u00f3n, la intemperie y la erosi\u00f3n. Puede decidirse por una l\u00e1pida que sea verdaderamente \u00fanica en Ratani porque ofrecemos una amplia gama de tonos y acabados de granito. Nuestras alternativas de granito se adaptan a cada estilo y estado de \u00e1nimo, desde tonos c\u00e1lidos y acogedores como Imperial Gold y el espectacular Black Galaxy hasta negros profundos y solemnes como Absolute Black.<\/p>\n","protected":false},"excerpt":{"rendered":"<p>En Ratani sabemos muy bien que una l\u00e1pida es un monumento a la vida y el legado de nuestros seres queridos, mucho m\u00e1s que un simple lugar para ser enterrado. Nos especializamos en crear l\u00e1pidas de granito personalizadas que duran toda la vida como signos duraderos de amor, respeto y devoci\u00f3n. Somos uno de los &hellip; <a href=\"https:\/\/www.ratani.in\/es\/granite-tombstones\/\" class=\"more-link\">Continue reading<span class=\"screen-reader-text\"> &#8220;L\u00e1pidas de granito&#8221;<\/span><\/a><\/p>\n","protected":false},"author":2,"featured_media":0,"parent":0,"menu_order":0,"comment_status":"closed","ping_status":"closed","template":"page-templates\/graniteheadstone-page.php","meta":{"footnotes":""},"translation":{"provider":"WPGlobus","version":"2.12.2","language":"es","enabled_languages":["en","es","fr","ru","ar","zh","pt"],"languages":{"en":{"title":true,"content":true,"excerpt":false},"es":{"title":true,"content":true,"excerpt":false},"fr":{"title":true,"content":true,"excerpt":false},"ru":{"title":true,"content":true,"excerpt":false},"ar":{"title":true,"content":true,"excerpt":false},"zh":{"title":true,"content":true,"excerpt":false},"pt":{"title":true,"content":true,"excerpt":false}}},"acf":[],"_links":{"self":[{"href":"https:\/\/www.ratani.in\/es\/wp-json\/wp\/v2\/pages\/3032"}],"collection":[{"href":"https:\/\/www.ratani.in\/es\/wp-json\/wp\/v2\/pages"}],"about":[{"href":"https:\/\/www.ratani.in\/es\/wp-json\/wp\/v2\/types\/page"}],"author":[{"embeddable":true,"href":"https:\/\/www.ratani.in\/es\/wp-json\/wp\/v2\/users\/2"}],"replies":[{"embeddable":true,"href":"https:\/\/www.ratani.in\/es\/wp-json\/wp\/v2\/comments?post=3032"}],"version-history":[{"count":9,"href":"https:\/\/www.ratani.in\/es\/wp-json\/wp\/v2\/pages\/3032\/revisions"}],"predecessor-version":[{"id":3177,"href":"https:\/\/www.ratani.in\/es\/wp-json\/wp\/v2\/pages\/3032\/revisions\/3177"}],"wp:attachment":[{"href":"https:\/\/www.ratani.in\/es\/wp-json\/wp\/v2\/media?parent=3032"}],"curies":[{"name":"wp","href":"https:\/\/api.w.org\/{rel}","templated":true}]}}