{"id":3037,"date":"2024-10-13T13:12:18","date_gmt":"2024-10-13T13:12:18","guid":{"rendered":"https:\/\/www.ratani.in\/?page_id=3037"},"modified":"2025-05-16T13:15:57","modified_gmt":"2025-05-16T13:15:57","slug":"pet-memorial","status":"publish","type":"page","link":"https:\/\/www.ratani.in\/es\/pet-memorial\/","title":{"rendered":"Memorial de mascotas"},"content":{"rendered":"<p>En Ratani entendemos el profundo v\u00ednculo entre las mascotas y sus due\u00f1os. Nuestras piedras conmemorativas para mascotas est\u00e1n elaboradas con cuidado y respeto, ofreciendo una forma sincera de honrar y recordar a nuestras queridas mascotas. Como fabricante l\u00edder de piedras conmemorativas para mascotas en la India, nos especializamos en crear tributos hermosos y duraderos que celebran el esp\u00edritu \u00fanico de cada querido compa\u00f1ero. Cada piedra conmemorativa para mascotas es un testimonio del amor y la alegr\u00eda que su mascota trajo a su vida, capturando su recuerdo de una manera elegante y atemporal.<\/p>\n<p>El granito es un material ideal para los monumentos conmemorativos de Garden Pet debido a su durabilidad y atractivo atemporal. Resiste los elementos y conserva su belleza a lo largo de los a\u00f1os, asegurando que el recuerdo de su mascota permanezca v\u00edvido y apreciado. Nuestros monumentos conmemorativos para mascotas, que vienen en una variedad de tonos y texturas, se pueden personalizar para representar con precisi\u00f3n la esencia de su mascota y el lugar especial que ocupa en su vida.<\/p>\n","protected":false},"excerpt":{"rendered":"<p>En Ratani entendemos el profundo v\u00ednculo entre las mascotas y sus due\u00f1os. Nuestras piedras conmemorativas para mascotas est\u00e1n elaboradas con cuidado y respeto, ofreciendo una forma sincera de honrar y recordar a nuestras queridas mascotas. Como fabricante l\u00edder de piedras conmemorativas para mascotas en la India, nos especializamos en crear tributos hermosos y duraderos que &hellip; <a href=\"https:\/\/www.ratani.in\/es\/pet-memorial\/\" class=\"more-link\">Continue reading<span class=\"screen-reader-text\"> &#8220;Memorial de mascotas&#8221;<\/span><\/a><\/p>\n","protected":false},"author":2,"featured_media":0,"parent":0,"menu_order":0,"comment_status":"closed","ping_status":"closed","template":"page-templates\/graniteheadstone-page.php","meta":{"footnotes":""},"translation":{"provider":"WPGlobus","version":"2.12.2","language":"es","enabled_languages":["en","es","fr","ru","ar","zh","pt"],"languages":{"en":{"title":true,"content":true,"excerpt":false},"es":{"title":true,"content":true,"excerpt":false},"fr":{"title":true,"content":true,"excerpt":false},"ru":{"title":true,"content":true,"excerpt":false},"ar":{"title":true,"content":true,"excerpt":false},"zh":{"title":true,"content":true,"excerpt":false},"pt":{"title":true,"content":true,"excerpt":false}}},"acf":[],"_links":{"self":[{"href":"https:\/\/www.ratani.in\/es\/wp-json\/wp\/v2\/pages\/3037"}],"collection":[{"href":"https:\/\/www.ratani.in\/es\/wp-json\/wp\/v2\/pages"}],"about":[{"href":"https:\/\/www.ratani.in\/es\/wp-json\/wp\/v2\/types\/page"}],"author":[{"embeddable":true,"href":"https:\/\/www.ratani.in\/es\/wp-json\/wp\/v2\/users\/2"}],"replies":[{"embeddable":true,"href":"https:\/\/www.ratani.in\/es\/wp-json\/wp\/v2\/comments?post=3037"}],"version-history":[{"count":5,"href":"https:\/\/www.ratani.in\/es\/wp-json\/wp\/v2\/pages\/3037\/revisions"}],"predecessor-version":[{"id":3175,"href":"https:\/\/www.ratani.in\/es\/wp-json\/wp\/v2\/pages\/3037\/revisions\/3175"}],"wp:attachment":[{"href":"https:\/\/www.ratani.in\/es\/wp-json\/wp\/v2\/media?parent=3037"}],"curies":[{"name":"wp","href":"https:\/\/api.w.org\/{rel}","templated":true}]}}