{"id":322,"date":"2023-08-16T13:34:27","date_gmt":"2023-08-16T13:34:27","guid":{"rendered":"https:\/\/www.ratani.in\/?page_id=322"},"modified":"2023-09-01T12:40:28","modified_gmt":"2023-09-01T12:40:28","slug":"jeerawal-white-granite-manufacturer-and-exporter","status":"publish","type":"page","link":"https:\/\/www.ratani.in\/es\/jeerawal-white-granite-manufacturer-and-exporter\/","title":{"rendered":"Granito Blanco Jeerawal"},"content":{"rendered":"<p>El granito Jeerawal White es un tipo de granito conocido por su hermoso color blanco y patrones \u00fanicos. Es una piedra natural principalmente extra\u00edda en India.<\/p>\n<p>El Granito Blanco Jeerawal suele tener un fondo predominantemente blanco con patrones intrincados y vetas que lo recorren. Los patrones pueden variar, desde sutiles y delicados hasta audaces y pronunciados, lo que a\u00f1ade inter\u00e9s visual a la piedra. Puede tener tonos de gris, beige o incluso marr\u00f3n claro intercalados en la base blanca.<\/p>\n<p>La textura del Granito Blanco Jeerawal generalmente es de grano medio a grueso, lo que le confiere un atractivo t\u00e1ctil. A menudo presenta un acabado pulido, que realza su brillo natural y su suavidad. Este granito tiene su.<\/p>\n<p>Esta variedad de granito es altamente vers\u00e1til y se utiliza en diversos proyectos de dise\u00f1o. Com\u00fanmente se usa para encimeras de cocina, tocadores de ba\u00f1o, pisos, revestimientos de paredes y otros elementos arquitect\u00f3nicos tanto en interiores como en exteriores.<\/p>\n<p>La apariencia elegante y atemporal del Granito Blanco Jeerawal lo hace adecuado tanto para estilos de dise\u00f1o modernos como tradicionales.<\/p>\n","protected":false},"excerpt":{"rendered":"<p>El granito Jeerawal White es un tipo de granito conocido por su hermoso color blanco y patrones \u00fanicos. Es una piedra natural principalmente extra\u00edda en India. El Granito Blanco Jeerawal suele tener un fondo predominantemente blanco con patrones intrincados y vetas que lo recorren. Los patrones pueden variar, desde sutiles y delicados hasta audaces y &hellip; <a href=\"https:\/\/www.ratani.in\/es\/jeerawal-white-granite-manufacturer-and-exporter\/\" class=\"more-link\">Continue reading<span class=\"screen-reader-text\"> &#8220;Granito Blanco Jeerawal&#8221;<\/span><\/a><\/p>\n","protected":false},"author":1,"featured_media":323,"parent":0,"menu_order":0,"comment_status":"closed","ping_status":"closed","template":"page-templates\/product.php","meta":{"footnotes":""},"translation":{"provider":"WPGlobus","version":"2.12.2","language":"es","enabled_languages":["en","es","fr","ru","ar","zh","pt"],"languages":{"en":{"title":true,"content":true,"excerpt":false},"es":{"title":true,"content":true,"excerpt":false},"fr":{"title":true,"content":true,"excerpt":false},"ru":{"title":true,"content":true,"excerpt":false},"ar":{"title":true,"content":true,"excerpt":false},"zh":{"title":true,"content":true,"excerpt":false},"pt":{"title":true,"content":true,"excerpt":false}}},"acf":[],"_links":{"self":[{"href":"https:\/\/www.ratani.in\/es\/wp-json\/wp\/v2\/pages\/322"}],"collection":[{"href":"https:\/\/www.ratani.in\/es\/wp-json\/wp\/v2\/pages"}],"about":[{"href":"https:\/\/www.ratani.in\/es\/wp-json\/wp\/v2\/types\/page"}],"author":[{"embeddable":true,"href":"https:\/\/www.ratani.in\/es\/wp-json\/wp\/v2\/users\/1"}],"replies":[{"embeddable":true,"href":"https:\/\/www.ratani.in\/es\/wp-json\/wp\/v2\/comments?post=322"}],"version-history":[{"count":12,"href":"https:\/\/www.ratani.in\/es\/wp-json\/wp\/v2\/pages\/322\/revisions"}],"predecessor-version":[{"id":2394,"href":"https:\/\/www.ratani.in\/es\/wp-json\/wp\/v2\/pages\/322\/revisions\/2394"}],"wp:featuredmedia":[{"embeddable":true,"href":"https:\/\/www.ratani.in\/es\/wp-json\/wp\/v2\/media\/323"}],"wp:attachment":[{"href":"https:\/\/www.ratani.in\/es\/wp-json\/wp\/v2\/media?parent=322"}],"curies":[{"name":"wp","href":"https:\/\/api.w.org\/{rel}","templated":true}]}}