{"id":34,"date":"2023-08-07T13:04:55","date_gmt":"2023-08-07T13:04:55","guid":{"rendered":"https:\/\/www.ratani.in\/?page_id=34"},"modified":"2023-09-01T14:14:00","modified_gmt":"2023-09-01T14:14:00","slug":"contact-us","status":"publish","type":"page","link":"https:\/\/www.ratani.in\/es\/contact-us\/","title":{"rendered":"Cont\u00e1ctenos"},"content":{"rendered":"<p>Somos Ratani Global Private Limited, un fabricante, exportador y proveedor l\u00edder de la India. Por favor, cont\u00e1ctenos si desea convertirse en distribuidor de nuestra empresa, obtener im\u00e1genes\/videos de alta resoluci\u00f3n de los colores de granito, la lista de precios o cualquier otra consulta. Estaremos encantados de responder a todas sus preguntas.<\/p>\n","protected":false},"excerpt":{"rendered":"<p>Somos Ratani Global Private Limited, un fabricante, exportador y proveedor l\u00edder de la India. Por favor, cont\u00e1ctenos si desea convertirse en distribuidor de nuestra empresa, obtener im\u00e1genes\/videos de alta resoluci\u00f3n de los colores de granito, la lista de precios o cualquier otra consulta. Estaremos encantados de responder a todas sus preguntas.<\/p>\n","protected":false},"author":1,"featured_media":37,"parent":0,"menu_order":0,"comment_status":"closed","ping_status":"closed","template":"page-templates\/contact.php","meta":{"footnotes":""},"translation":{"provider":"WPGlobus","version":"2.12.2","language":"es","enabled_languages":["en","es","fr","ru","ar","zh","pt"],"languages":{"en":{"title":true,"content":true,"excerpt":false},"es":{"title":true,"content":true,"excerpt":false},"fr":{"title":true,"content":true,"excerpt":false},"ru":{"title":true,"content":true,"excerpt":false},"ar":{"title":true,"content":true,"excerpt":false},"zh":{"title":true,"content":true,"excerpt":false},"pt":{"title":true,"content":true,"excerpt":false}}},"acf":[],"_links":{"self":[{"href":"https:\/\/www.ratani.in\/es\/wp-json\/wp\/v2\/pages\/34"}],"collection":[{"href":"https:\/\/www.ratani.in\/es\/wp-json\/wp\/v2\/pages"}],"about":[{"href":"https:\/\/www.ratani.in\/es\/wp-json\/wp\/v2\/types\/page"}],"author":[{"embeddable":true,"href":"https:\/\/www.ratani.in\/es\/wp-json\/wp\/v2\/users\/1"}],"replies":[{"embeddable":true,"href":"https:\/\/www.ratani.in\/es\/wp-json\/wp\/v2\/comments?post=34"}],"version-history":[{"count":12,"href":"https:\/\/www.ratani.in\/es\/wp-json\/wp\/v2\/pages\/34\/revisions"}],"predecessor-version":[{"id":2567,"href":"https:\/\/www.ratani.in\/es\/wp-json\/wp\/v2\/pages\/34\/revisions\/2567"}],"wp:featuredmedia":[{"embeddable":true,"href":"https:\/\/www.ratani.in\/es\/wp-json\/wp\/v2\/media\/37"}],"wp:attachment":[{"href":"https:\/\/www.ratani.in\/es\/wp-json\/wp\/v2\/media?parent=34"}],"curies":[{"name":"wp","href":"https:\/\/api.w.org\/{rel}","templated":true}]}}