{"id":353,"date":"2023-08-16T13:46:06","date_gmt":"2023-08-16T13:46:06","guid":{"rendered":"https:\/\/www.ratani.in\/?page_id=353"},"modified":"2023-09-01T13:03:30","modified_gmt":"2023-09-01T13:03:30","slug":"panchalwada-granite-manufacturer-and-exporter","status":"publish","type":"page","link":"https:\/\/www.ratani.in\/es\/panchalwada-granite-manufacturer-and-exporter\/","title":{"rendered":"Granito Panchalwada"},"content":{"rendered":"<p>El granito Panchalwada de la India t\u00edpicamente muestra una textura de grano medio a grueso, brindando una sensaci\u00f3n natural y t\u00e1ctil. Este granito se extrae del distrito de Pali, pero tambi\u00e9n se procesa en la planta de procesamiento de granito en Jalore, as\u00ed como en las f\u00e1bricas de granito en Kishangarh. Su paleta de colores puede variar, desde tonos claros hasta oscuros, incluyendo variaciones de gris, beige, marr\u00f3n e incluso destellos de rosa o rojo. El fondo es blanco perlado. Estas variaciones de color contribuyen a la apariencia distintiva del granito Panchalwada.<\/p>\n<p>Una de las caracter\u00edsticas notables del granito Panchalwada es su capacidad para exhibir patrones intrincados y dep\u00f3sitos minerales. Estas formaciones naturales a\u00f1aden profundidad e inter\u00e9s visual a la piedra, convirtiendo cada losa en una obra de arte \u00fanica.<\/p>\n<p>Es una elecci\u00f3n popular para encimeras de cocina, tocadores de ba\u00f1o, pisos, revestimientos de paredes y otros proyectos de dise\u00f1o de interiores y exteriores.<\/p>\n","protected":false},"excerpt":{"rendered":"<p>El granito Panchalwada de la India t\u00edpicamente muestra una textura de grano medio a grueso, brindando una sensaci\u00f3n natural y t\u00e1ctil. Este granito se extrae del distrito de Pali, pero tambi\u00e9n se procesa en la planta de procesamiento de granito en Jalore, as\u00ed como en las f\u00e1bricas de granito en Kishangarh. Su paleta de colores &hellip; <a href=\"https:\/\/www.ratani.in\/es\/panchalwada-granite-manufacturer-and-exporter\/\" class=\"more-link\">Continue reading<span class=\"screen-reader-text\"> &#8220;Granito Panchalwada&#8221;<\/span><\/a><\/p>\n","protected":false},"author":1,"featured_media":361,"parent":0,"menu_order":0,"comment_status":"closed","ping_status":"closed","template":"page-templates\/product.php","meta":{"footnotes":""},"translation":{"provider":"WPGlobus","version":"2.12.2","language":"es","enabled_languages":["en","es","fr","ru","ar","zh","pt"],"languages":{"en":{"title":true,"content":true,"excerpt":false},"es":{"title":true,"content":true,"excerpt":false},"fr":{"title":true,"content":true,"excerpt":false},"ru":{"title":true,"content":true,"excerpt":false},"ar":{"title":true,"content":true,"excerpt":false},"zh":{"title":true,"content":true,"excerpt":false},"pt":{"title":true,"content":true,"excerpt":false}}},"acf":[],"_links":{"self":[{"href":"https:\/\/www.ratani.in\/es\/wp-json\/wp\/v2\/pages\/353"}],"collection":[{"href":"https:\/\/www.ratani.in\/es\/wp-json\/wp\/v2\/pages"}],"about":[{"href":"https:\/\/www.ratani.in\/es\/wp-json\/wp\/v2\/types\/page"}],"author":[{"embeddable":true,"href":"https:\/\/www.ratani.in\/es\/wp-json\/wp\/v2\/users\/1"}],"replies":[{"embeddable":true,"href":"https:\/\/www.ratani.in\/es\/wp-json\/wp\/v2\/comments?post=353"}],"version-history":[{"count":11,"href":"https:\/\/www.ratani.in\/es\/wp-json\/wp\/v2\/pages\/353\/revisions"}],"predecessor-version":[{"id":2559,"href":"https:\/\/www.ratani.in\/es\/wp-json\/wp\/v2\/pages\/353\/revisions\/2559"}],"wp:featuredmedia":[{"embeddable":true,"href":"https:\/\/www.ratani.in\/es\/wp-json\/wp\/v2\/media\/361"}],"wp:attachment":[{"href":"https:\/\/www.ratani.in\/es\/wp-json\/wp\/v2\/media?parent=353"}],"curies":[{"name":"wp","href":"https:\/\/api.w.org\/{rel}","templated":true}]}}