{"id":364,"date":"2023-08-16T13:55:16","date_gmt":"2023-08-16T13:55:16","guid":{"rendered":"https:\/\/www.ratani.in\/?page_id=364"},"modified":"2023-09-01T13:00:30","modified_gmt":"2023-09-01T13:00:30","slug":"s-white-granite-manufacturer-and-exporter","status":"publish","type":"page","link":"https:\/\/www.ratani.in\/es\/s-white-granite-manufacturer-and-exporter\/","title":{"rendered":"Granito Blanco S"},"content":{"rendered":"<p>El granito Blanco S de la India es un tipo de granito conocido por su hermoso y pr\u00edstino color blanco. Presenta un fondo predominantemente blanco con variaciones sutiles en tono, que van desde el blanco puro hasta el blanco hueso o marfil. Aunque es una piedra natural en el norte de la India, el color suele ser consistente en toda la piedra, creando una apariencia limpia y elegante. Es un granito blanco brillante conocido por la presencia de motas grises oscuras y claras en su superficie.<\/p>\n<p>Lo que distingue al granito Blanco S es su capacidad para reflejar la luz, lo que le confiere una cualidad luminosa y brillante. Esto lo convierte en una excelente opci\u00f3n para espacios que requieren una sensaci\u00f3n de amplitud y apertura. El color blanco tambi\u00e9n permite una f\u00e1cil coordinaci\u00f3n con diversos estilos de dise\u00f1o, lo que lo convierte en una opci\u00f3n vers\u00e1til tanto para entornos modernos como cl\u00e1sicos.<\/p>\n<p>El granito Blanco S se usa com\u00fanmente para encimeras, salpicaderos y pisos, agregando un toque de sofisticaci\u00f3n y elegancia a cocinas y ba\u00f1os. Su superficie suave y pulida mejora a\u00fan m\u00e1s su atractivo est\u00e9tico, mientras que su durabilidad y resistencia al calor y las manchas lo convierten en una elecci\u00f3n pr\u00e1ctica para \u00e1reas de alto tr\u00e1fico.<\/p>\n<p>La mejor raz\u00f3n para importar este granito del norte de la India es que su color blanco n\u00edtido y atemporal aporta una sensaci\u00f3n de pureza y serenidad a cualquier espacio, creando una atm\u00f3sfera visualmente agradable y acogedora.<\/p>\n","protected":false},"excerpt":{"rendered":"<p>El granito Blanco S de la India es un tipo de granito conocido por su hermoso y pr\u00edstino color blanco. Presenta un fondo predominantemente blanco con variaciones sutiles en tono, que van desde el blanco puro hasta el blanco hueso o marfil. Aunque es una piedra natural en el norte de la India, el color &hellip; <a href=\"https:\/\/www.ratani.in\/es\/s-white-granite-manufacturer-and-exporter\/\" class=\"more-link\">Continue reading<span class=\"screen-reader-text\"> &#8220;Granito Blanco S&#8221;<\/span><\/a><\/p>\n","protected":false},"author":1,"featured_media":372,"parent":0,"menu_order":0,"comment_status":"closed","ping_status":"closed","template":"page-templates\/product.php","meta":{"footnotes":""},"translation":{"provider":"WPGlobus","version":"2.12.2","language":"es","enabled_languages":["en","es","fr","ru","ar","zh","pt"],"languages":{"en":{"title":true,"content":true,"excerpt":false},"es":{"title":true,"content":true,"excerpt":false},"fr":{"title":true,"content":true,"excerpt":false},"ru":{"title":true,"content":true,"excerpt":false},"ar":{"title":true,"content":true,"excerpt":false},"zh":{"title":true,"content":true,"excerpt":false},"pt":{"title":true,"content":true,"excerpt":false}}},"acf":[],"_links":{"self":[{"href":"https:\/\/www.ratani.in\/es\/wp-json\/wp\/v2\/pages\/364"}],"collection":[{"href":"https:\/\/www.ratani.in\/es\/wp-json\/wp\/v2\/pages"}],"about":[{"href":"https:\/\/www.ratani.in\/es\/wp-json\/wp\/v2\/types\/page"}],"author":[{"embeddable":true,"href":"https:\/\/www.ratani.in\/es\/wp-json\/wp\/v2\/users\/1"}],"replies":[{"embeddable":true,"href":"https:\/\/www.ratani.in\/es\/wp-json\/wp\/v2\/comments?post=364"}],"version-history":[{"count":11,"href":"https:\/\/www.ratani.in\/es\/wp-json\/wp\/v2\/pages\/364\/revisions"}],"predecessor-version":[{"id":2558,"href":"https:\/\/www.ratani.in\/es\/wp-json\/wp\/v2\/pages\/364\/revisions\/2558"}],"wp:featuredmedia":[{"embeddable":true,"href":"https:\/\/www.ratani.in\/es\/wp-json\/wp\/v2\/media\/372"}],"wp:attachment":[{"href":"https:\/\/www.ratani.in\/es\/wp-json\/wp\/v2\/media?parent=364"}],"curies":[{"name":"wp","href":"https:\/\/api.w.org\/{rel}","templated":true}]}}