{"id":393,"date":"2023-08-16T14:02:31","date_gmt":"2023-08-16T14:02:31","guid":{"rendered":"https:\/\/www.ratani.in\/?page_id=393"},"modified":"2023-09-01T12:39:33","modified_gmt":"2023-09-01T12:39:33","slug":"river-white-granite-manufacturer-and-exporter","status":"publish","type":"page","link":"https:\/\/www.ratani.in\/es\/river-white-granite-manufacturer-and-exporter\/","title":{"rendered":"Granito Blanco R\u00edo"},"content":{"rendered":"<p>El Granito Blanco R\u00edo de la India es una impresionante piedra natural en Visakhapatnam, India, caracterizada por su fondo blanco impoluto y patrones intrincados de vetas en tonos de gris, negro y burdeos. El Granito Blanco R\u00edo exhibe una textura de grano fino que le confiere una apariencia suave y pulida. El color principal de este granito es un blanco cremoso, que sirve como una base neutral que se mezcla bien con una variedad de estilos de dise\u00f1o. Las vetas y los patrones en tonos de gris, negro y burdeos serpentean por la superficie, creando una sensaci\u00f3n de movimiento e inter\u00e9s visual.<\/p>\n<p>El contraste entre el fondo blanco y las venas m\u00e1s oscuras a\u00f1ade profundidad y elegancia al aspecto general. El Granito Blanco R\u00edo se utiliza com\u00fanmente para encimeras, pisos, salpicaderos y revestimientos de pared, aportando un toque de sofisticaci\u00f3n y belleza atemporal a cualquier espacio.<\/p>\n<p>Su durabilidad, resistencia al calor y los ara\u00f1azos, y su versatilidad para complementar diferentes est\u00e9ticas de dise\u00f1o, lo convierten en una opci\u00f3n popular tanto entre propietarios de viviendas como dise\u00f1adores que compran granito de la India. El Granito Blanco R\u00edo aporta una sensaci\u00f3n de elegancia natural y tranquilidad, lo que lo convierte en una elecci\u00f3n cautivadora para diversos proyectos residenciales y comerciales.<\/p>\n","protected":false},"excerpt":{"rendered":"<p>El Granito Blanco R\u00edo de la India es una impresionante piedra natural en Visakhapatnam, India, caracterizada por su fondo blanco impoluto y patrones intrincados de vetas en tonos de gris, negro y burdeos. El Granito Blanco R\u00edo exhibe una textura de grano fino que le confiere una apariencia suave y pulida. El color principal de &hellip; <a href=\"https:\/\/www.ratani.in\/es\/river-white-granite-manufacturer-and-exporter\/\" class=\"more-link\">Continue reading<span class=\"screen-reader-text\"> &#8220;Granito Blanco R\u00edo&#8221;<\/span><\/a><\/p>\n","protected":false},"author":1,"featured_media":398,"parent":0,"menu_order":0,"comment_status":"closed","ping_status":"closed","template":"page-templates\/product.php","meta":{"footnotes":""},"translation":{"provider":"WPGlobus","version":"2.12.2","language":"es","enabled_languages":["en","es","fr","ru","ar","zh","pt"],"languages":{"en":{"title":true,"content":true,"excerpt":false},"es":{"title":true,"content":true,"excerpt":false},"fr":{"title":true,"content":true,"excerpt":false},"ru":{"title":true,"content":true,"excerpt":false},"ar":{"title":true,"content":true,"excerpt":false},"zh":{"title":true,"content":true,"excerpt":false},"pt":{"title":true,"content":true,"excerpt":false}}},"acf":[],"_links":{"self":[{"href":"https:\/\/www.ratani.in\/es\/wp-json\/wp\/v2\/pages\/393"}],"collection":[{"href":"https:\/\/www.ratani.in\/es\/wp-json\/wp\/v2\/pages"}],"about":[{"href":"https:\/\/www.ratani.in\/es\/wp-json\/wp\/v2\/types\/page"}],"author":[{"embeddable":true,"href":"https:\/\/www.ratani.in\/es\/wp-json\/wp\/v2\/users\/1"}],"replies":[{"embeddable":true,"href":"https:\/\/www.ratani.in\/es\/wp-json\/wp\/v2\/comments?post=393"}],"version-history":[{"count":10,"href":"https:\/\/www.ratani.in\/es\/wp-json\/wp\/v2\/pages\/393\/revisions"}],"predecessor-version":[{"id":2139,"href":"https:\/\/www.ratani.in\/es\/wp-json\/wp\/v2\/pages\/393\/revisions\/2139"}],"wp:featuredmedia":[{"embeddable":true,"href":"https:\/\/www.ratani.in\/es\/wp-json\/wp\/v2\/media\/398"}],"wp:attachment":[{"href":"https:\/\/www.ratani.in\/es\/wp-json\/wp\/v2\/media?parent=393"}],"curies":[{"name":"wp","href":"https:\/\/api.w.org\/{rel}","templated":true}]}}