{"id":403,"date":"2023-08-16T14:05:24","date_gmt":"2023-08-16T14:05:24","guid":{"rendered":"https:\/\/www.ratani.in\/?page_id=403"},"modified":"2023-09-01T12:57:15","modified_gmt":"2023-09-01T12:57:15","slug":"thunder-white-granite-manufacturer-and-exporter","status":"publish","type":"page","link":"https:\/\/www.ratani.in\/es\/thunder-white-granite-manufacturer-and-exporter\/","title":{"rendered":"Granito Blanco Trueno"},"content":{"rendered":"<p>El granito Blanco Trueno es una deslumbrante piedra natural importada de la India, conocida por su belleza impactante y apariencia cautivadora. Es una elecci\u00f3n popular para aquellos que buscan una combinaci\u00f3n de elegancia y singularidad en sus proyectos de dise\u00f1o.<\/p>\n<p>El granito Blanco Trueno presenta un fondo predominantemente blanco con patrones y vetas intrincadas que se asemejan al movimiento dram\u00e1tico de las tormentas de truenos. Estos patrones pueden variar desde sutiles trazos y remolinos hasta vetas audaces y prominentes, creando un efecto visual din\u00e1mico y dram\u00e1tico.<\/p>\n<p>Esta variedad de granito se utiliza com\u00fanmente para aplicaciones interiores y exteriores, lo que la hace vers\u00e1til en su uso. A menudo se utiliza para encimeras de cocina, tocadores de ba\u00f1o, pisos, revestimientos de pared, revestimientos de chimeneas y acentos decorativos. Su durabilidad, resistencia a las manchas y facilidad de mantenimiento lo convierten en una opci\u00f3n pr\u00e1ctica para diversos entornos.<\/p>\n<p>El Granito Blanco Trueno aporta una sensaci\u00f3n de elegancia y sofisticaci\u00f3n a cualquier espacio. Su brillante fondo blanco crea un ambiente limpio y pr\u00edstino, mientras que los patrones intrincados a\u00f1aden un toque de drama e inter\u00e9s visual. Ya sea utilizado en un esquema de dise\u00f1o contempor\u00e1neo o tradicional, el granito Blanco Trueno seguramente dejar\u00e1 una impresi\u00f3n duradera.<\/p>\n<p>Esto le otorga la apariencia del m\u00e1rmol blanco de Carrara, pero solo con las caracter\u00edsticas del granito, lo que lo convierte en una mejor opci\u00f3n para las personas que desean comprar granito del sur de la India.<\/p>\n","protected":false},"excerpt":{"rendered":"<p>El granito Blanco Trueno es una deslumbrante piedra natural importada de la India, conocida por su belleza impactante y apariencia cautivadora. Es una elecci\u00f3n popular para aquellos que buscan una combinaci\u00f3n de elegancia y singularidad en sus proyectos de dise\u00f1o. El granito Blanco Trueno presenta un fondo predominantemente blanco con patrones y vetas intrincadas que &hellip; <a href=\"https:\/\/www.ratani.in\/es\/thunder-white-granite-manufacturer-and-exporter\/\" class=\"more-link\">Continue reading<span class=\"screen-reader-text\"> &#8220;Granito Blanco Trueno&#8221;<\/span><\/a><\/p>\n","protected":false},"author":1,"featured_media":411,"parent":0,"menu_order":0,"comment_status":"closed","ping_status":"closed","template":"page-templates\/product.php","meta":{"footnotes":""},"translation":{"provider":"WPGlobus","version":"2.12.2","language":"es","enabled_languages":["en","es","fr","ru","ar","zh","pt"],"languages":{"en":{"title":true,"content":true,"excerpt":false},"es":{"title":true,"content":true,"excerpt":false},"fr":{"title":true,"content":true,"excerpt":false},"ru":{"title":true,"content":true,"excerpt":false},"ar":{"title":true,"content":true,"excerpt":false},"zh":{"title":true,"content":true,"excerpt":false},"pt":{"title":true,"content":true,"excerpt":false}}},"acf":[],"_links":{"self":[{"href":"https:\/\/www.ratani.in\/es\/wp-json\/wp\/v2\/pages\/403"}],"collection":[{"href":"https:\/\/www.ratani.in\/es\/wp-json\/wp\/v2\/pages"}],"about":[{"href":"https:\/\/www.ratani.in\/es\/wp-json\/wp\/v2\/types\/page"}],"author":[{"embeddable":true,"href":"https:\/\/www.ratani.in\/es\/wp-json\/wp\/v2\/users\/1"}],"replies":[{"embeddable":true,"href":"https:\/\/www.ratani.in\/es\/wp-json\/wp\/v2\/comments?post=403"}],"version-history":[{"count":11,"href":"https:\/\/www.ratani.in\/es\/wp-json\/wp\/v2\/pages\/403\/revisions"}],"predecessor-version":[{"id":2407,"href":"https:\/\/www.ratani.in\/es\/wp-json\/wp\/v2\/pages\/403\/revisions\/2407"}],"wp:featuredmedia":[{"embeddable":true,"href":"https:\/\/www.ratani.in\/es\/wp-json\/wp\/v2\/media\/411"}],"wp:attachment":[{"href":"https:\/\/www.ratani.in\/es\/wp-json\/wp\/v2\/media?parent=403"}],"curies":[{"name":"wp","href":"https:\/\/api.w.org\/{rel}","templated":true}]}}