{"id":413,"date":"2023-08-16T14:07:53","date_gmt":"2023-08-16T14:07:53","guid":{"rendered":"https:\/\/www.ratani.in\/?page_id=413"},"modified":"2024-06-28T12:22:07","modified_gmt":"2024-06-28T12:22:07","slug":"viscon-white-granite-manufacturer-and-exporter","status":"publish","type":"page","link":"https:\/\/www.ratani.in\/es\/viscon-white-granite-manufacturer-and-exporter\/","title":{"rendered":"Granito Blanco Viscon"},"content":{"rendered":"<p>El Granito Blanco Viscon de la India es una piedra natural sofisticada y visualmente impactante, conocida por su distintivo fondo blanco y patrones intrincados. Es una elecci\u00f3n popular para aquellos que buscan una combinaci\u00f3n de elegancia y singularidad en sus proyectos de dise\u00f1o.<\/p>\n<p>El Granito Blanco Viscon presenta un color de base predominantemente blanco o blanco hueso, que sirve como lienzo para patrones y vetas fascinantes. Estos patrones pueden variar desde delicados trazos y remolinos hasta formaciones m\u00e1s audaces y dram\u00e1ticas. La interacci\u00f3n entre los tonos claros y oscuros dentro de la piedra crea un atractivo visual cautivador y a\u00f1ade profundidad a su apariencia general.<\/p>\n<p>Su durabilidad, resistencia a las manchas y facilidad de mantenimiento lo convierten en una opci\u00f3n pr\u00e1ctica para diversos entornos.<br \/>\nCada losa de Granito Blanco Viscon posee sus propios patrones y caracter\u00edsticas \u00fanicas, asegurando que su proyecto tenga un toque distintivo.<\/p>\n","protected":false},"excerpt":{"rendered":"<p>El Granito Blanco Viscon de la India es una piedra natural sofisticada y visualmente impactante, conocida por su distintivo fondo blanco y patrones intrincados. Es una elecci\u00f3n popular para aquellos que buscan una combinaci\u00f3n de elegancia y singularidad en sus proyectos de dise\u00f1o. El Granito Blanco Viscon presenta un color de base predominantemente blanco o &hellip; <a href=\"https:\/\/www.ratani.in\/es\/viscon-white-granite-manufacturer-and-exporter\/\" class=\"more-link\">Continue reading<span class=\"screen-reader-text\"> &#8220;Granito Blanco Viscon&#8221;<\/span><\/a><\/p>\n","protected":false},"author":1,"featured_media":421,"parent":0,"menu_order":0,"comment_status":"closed","ping_status":"closed","template":"page-templates\/product.php","meta":{"footnotes":""},"translation":{"provider":"WPGlobus","version":"2.12.2","language":"es","enabled_languages":["en","es","fr","ru","ar","zh","pt"],"languages":{"en":{"title":true,"content":true,"excerpt":false},"es":{"title":true,"content":true,"excerpt":false},"fr":{"title":true,"content":true,"excerpt":false},"ru":{"title":true,"content":true,"excerpt":false},"ar":{"title":true,"content":true,"excerpt":false},"zh":{"title":true,"content":true,"excerpt":false},"pt":{"title":true,"content":true,"excerpt":false}}},"acf":[],"_links":{"self":[{"href":"https:\/\/www.ratani.in\/es\/wp-json\/wp\/v2\/pages\/413"}],"collection":[{"href":"https:\/\/www.ratani.in\/es\/wp-json\/wp\/v2\/pages"}],"about":[{"href":"https:\/\/www.ratani.in\/es\/wp-json\/wp\/v2\/types\/page"}],"author":[{"embeddable":true,"href":"https:\/\/www.ratani.in\/es\/wp-json\/wp\/v2\/users\/1"}],"replies":[{"embeddable":true,"href":"https:\/\/www.ratani.in\/es\/wp-json\/wp\/v2\/comments?post=413"}],"version-history":[{"count":12,"href":"https:\/\/www.ratani.in\/es\/wp-json\/wp\/v2\/pages\/413\/revisions"}],"predecessor-version":[{"id":2690,"href":"https:\/\/www.ratani.in\/es\/wp-json\/wp\/v2\/pages\/413\/revisions\/2690"}],"wp:featuredmedia":[{"embeddable":true,"href":"https:\/\/www.ratani.in\/es\/wp-json\/wp\/v2\/media\/421"}],"wp:attachment":[{"href":"https:\/\/www.ratani.in\/es\/wp-json\/wp\/v2\/media?parent=413"}],"curies":[{"name":"wp","href":"https:\/\/api.w.org\/{rel}","templated":true}]}}