{"id":423,"date":"2023-08-16T14:20:44","date_gmt":"2023-08-16T14:20:44","guid":{"rendered":"https:\/\/www.ratani.in\/?page_id=423"},"modified":"2023-09-01T12:26:22","modified_gmt":"2023-09-01T12:26:22","slug":"azul-nuevo-granite-manufacturer-and-exporter","status":"publish","type":"page","link":"https:\/\/www.ratani.in\/es\/azul-nuevo-granite-manufacturer-and-exporter\/","title":{"rendered":"Granito Azul Nuevo"},"content":{"rendered":"<p>El granito Azul Nuevo de la India es una impresionante variedad de granito conocida por su cautivador color azul y sus intrincados patrones. Es una piedra natural extra\u00edda de minas alrededor de Kishangarh, Rajasthan, India, y tambi\u00e9n procesada en empresas de granito en Jalore, Rajasthan, India, que ofrece una est\u00e9tica \u00fanica y lujosa.<\/p>\n<p>El granito Azul Nuevo presenta un fondo predominantemente azul profundo, reminiscente de un cielo despejado o las profundidades del oc\u00e9ano, lo que lo convierte en un granito azul popular en la India. El color azul puede variar desde tonos vibrantes e intensos hasta tonos m\u00e1s suaves y apagados, creando diferentes efectos visuales. Adem\u00e1s, a menudo muestra patrones intrincados, como ondas, remolinos o vetas, en colores complementarios como blanco, gris o negro. Estos patrones agregan profundidad y car\u00e1cter a la piedra, haciendo que cada losa sea distintiva.<\/p>\n<p>La textura del granito Azul Nuevo suele ser de grano medio a grueso, proporcionando una sensaci\u00f3n t\u00e1ctil y natural. Es un material duradero, lo que lo hace adecuado para diversas aplicaciones, incluyendo encimeras, pisos, revestimientos de paredes y acentos decorativos. El llamativo color azul y los patrones intrincados del granito Azul Nuevo lo convierten en una excelente elecci\u00f3n para agregar un toque de elegancia y sofisticaci\u00f3n tanto a espacios residenciales como comerciales.<\/p>\n","protected":false},"excerpt":{"rendered":"<p>El granito Azul Nuevo de la India es una impresionante variedad de granito conocida por su cautivador color azul y sus intrincados patrones. Es una piedra natural extra\u00edda de minas alrededor de Kishangarh, Rajasthan, India, y tambi\u00e9n procesada en empresas de granito en Jalore, Rajasthan, India, que ofrece una est\u00e9tica \u00fanica y lujosa. El granito &hellip; <a href=\"https:\/\/www.ratani.in\/es\/azul-nuevo-granite-manufacturer-and-exporter\/\" class=\"more-link\">Continue reading<span class=\"screen-reader-text\"> &#8220;Granito Azul Nuevo&#8221;<\/span><\/a><\/p>\n","protected":false},"author":1,"featured_media":425,"parent":0,"menu_order":0,"comment_status":"closed","ping_status":"closed","template":"page-templates\/product.php","meta":{"footnotes":""},"translation":{"provider":"WPGlobus","version":"2.12.2","language":"es","enabled_languages":["en","es","fr","ru","ar","zh","pt"],"languages":{"en":{"title":true,"content":true,"excerpt":false},"es":{"title":true,"content":true,"excerpt":false},"fr":{"title":true,"content":true,"excerpt":false},"ru":{"title":true,"content":true,"excerpt":false},"ar":{"title":true,"content":true,"excerpt":false},"zh":{"title":true,"content":true,"excerpt":false},"pt":{"title":true,"content":true,"excerpt":false}}},"acf":[],"_links":{"self":[{"href":"https:\/\/www.ratani.in\/es\/wp-json\/wp\/v2\/pages\/423"}],"collection":[{"href":"https:\/\/www.ratani.in\/es\/wp-json\/wp\/v2\/pages"}],"about":[{"href":"https:\/\/www.ratani.in\/es\/wp-json\/wp\/v2\/types\/page"}],"author":[{"embeddable":true,"href":"https:\/\/www.ratani.in\/es\/wp-json\/wp\/v2\/users\/1"}],"replies":[{"embeddable":true,"href":"https:\/\/www.ratani.in\/es\/wp-json\/wp\/v2\/comments?post=423"}],"version-history":[{"count":12,"href":"https:\/\/www.ratani.in\/es\/wp-json\/wp\/v2\/pages\/423\/revisions"}],"predecessor-version":[{"id":2481,"href":"https:\/\/www.ratani.in\/es\/wp-json\/wp\/v2\/pages\/423\/revisions\/2481"}],"wp:featuredmedia":[{"embeddable":true,"href":"https:\/\/www.ratani.in\/es\/wp-json\/wp\/v2\/media\/425"}],"wp:attachment":[{"href":"https:\/\/www.ratani.in\/es\/wp-json\/wp\/v2\/media?parent=423"}],"curies":[{"name":"wp","href":"https:\/\/api.w.org\/{rel}","templated":true}]}}