{"id":434,"date":"2023-08-16T14:30:04","date_gmt":"2023-08-16T14:30:04","guid":{"rendered":"https:\/\/www.ratani.in\/?page_id=434"},"modified":"2023-09-01T12:10:59","modified_gmt":"2023-09-01T12:10:59","slug":"crystal-blue-granite-manufacturer-and-exporter","status":"publish","type":"page","link":"https:\/\/www.ratani.in\/es\/crystal-blue-granite-manufacturer-and-exporter\/","title":{"rendered":"Granito Azul Cristal"},"content":{"rendered":"<p>El granito Azul Cristal de la India es una piedra natural cautivadora conocida por su llamativo color azul y su apariencia cristalina. Se extrae de las minas en el norte de la India y es una elecci\u00f3n popular para agregar un toque \u00fanico y lujoso a varios proyectos arquitect\u00f3nicos y de dise\u00f1o.<\/p>\n<p>El color base del granito Azul Cristal es predominantemente azul, que va desde un tono medio a oscuro. Su superficie est\u00e1 adornada con patrones intrincados y cristales en tonos contrastantes de azul, blanco y gris, que se asemejan a un cielo nocturno celestial o agua brillante. Estos patrones naturales y formaciones cristalinas contribuyen al atractivo visual general de la piedra.<\/p>\n<p>El color azul cristal es muy apreciado por los exportadores de granito en Gujarat, India, y promocionan activamente las losas de granito gangsaw, las losas de granito cortadas y las baldosas de granito de Gujarat con este tono.<\/p>\n<p>El granito Azul Cristal a menudo se pule para realzar su brillo y resaltar la belleza de sus patrones intrincados. La superficie pulida crea un acabado suave y reflectante, a\u00f1adiendo un toque de elegancia a cualquier espacio.<\/p>\n<p>Debido a su apariencia distintiva y durabilidad, el granito Azul Cristal se utiliza com\u00fanmente para encimeras, salpicaderos, pisos y caracter\u00edsticas de acento. Aporta una sensaci\u00f3n de sofisticaci\u00f3n y una declaraci\u00f3n audaz tanto a aplicaciones residenciales como comerciales, especialmente en estilos de dise\u00f1o contempor\u00e1neo o moderno.<\/p>\n","protected":false},"excerpt":{"rendered":"<p>El granito Azul Cristal de la India es una piedra natural cautivadora conocida por su llamativo color azul y su apariencia cristalina. Se extrae de las minas en el norte de la India y es una elecci\u00f3n popular para agregar un toque \u00fanico y lujoso a varios proyectos arquitect\u00f3nicos y de dise\u00f1o. El color base &hellip; <a href=\"https:\/\/www.ratani.in\/es\/crystal-blue-granite-manufacturer-and-exporter\/\" class=\"more-link\">Continue reading<span class=\"screen-reader-text\"> &#8220;Granito Azul Cristal&#8221;<\/span><\/a><\/p>\n","protected":false},"author":1,"featured_media":441,"parent":0,"menu_order":0,"comment_status":"closed","ping_status":"closed","template":"page-templates\/product.php","meta":{"footnotes":""},"translation":{"provider":"WPGlobus","version":"2.12.2","language":"es","enabled_languages":["en","es","fr","ru","ar","zh","pt"],"languages":{"en":{"title":true,"content":true,"excerpt":false},"es":{"title":true,"content":true,"excerpt":false},"fr":{"title":true,"content":true,"excerpt":false},"ru":{"title":true,"content":true,"excerpt":false},"ar":{"title":true,"content":true,"excerpt":false},"zh":{"title":true,"content":true,"excerpt":false},"pt":{"title":true,"content":true,"excerpt":false}}},"acf":[],"_links":{"self":[{"href":"https:\/\/www.ratani.in\/es\/wp-json\/wp\/v2\/pages\/434"}],"collection":[{"href":"https:\/\/www.ratani.in\/es\/wp-json\/wp\/v2\/pages"}],"about":[{"href":"https:\/\/www.ratani.in\/es\/wp-json\/wp\/v2\/types\/page"}],"author":[{"embeddable":true,"href":"https:\/\/www.ratani.in\/es\/wp-json\/wp\/v2\/users\/1"}],"replies":[{"embeddable":true,"href":"https:\/\/www.ratani.in\/es\/wp-json\/wp\/v2\/comments?post=434"}],"version-history":[{"count":10,"href":"https:\/\/www.ratani.in\/es\/wp-json\/wp\/v2\/pages\/434\/revisions"}],"predecessor-version":[{"id":2530,"href":"https:\/\/www.ratani.in\/es\/wp-json\/wp\/v2\/pages\/434\/revisions\/2530"}],"wp:featuredmedia":[{"embeddable":true,"href":"https:\/\/www.ratani.in\/es\/wp-json\/wp\/v2\/media\/441"}],"wp:attachment":[{"href":"https:\/\/www.ratani.in\/es\/wp-json\/wp\/v2\/media?parent=434"}],"curies":[{"name":"wp","href":"https:\/\/api.w.org\/{rel}","templated":true}]}}