{"id":444,"date":"2023-08-16T14:33:56","date_gmt":"2023-08-16T14:33:56","guid":{"rendered":"https:\/\/www.ratani.in\/?page_id=444"},"modified":"2023-09-01T12:05:42","modified_gmt":"2023-09-01T12:05:42","slug":"koliwada-blue-granite-manufacturer-and-exporter","status":"publish","type":"page","link":"https:\/\/www.ratani.in\/es\/koliwada-blue-granite-manufacturer-and-exporter\/","title":{"rendered":"Granito Azul Koliwada"},"content":{"rendered":"<p>El granito Azul Koliwada de la India es una impresionante piedra natural que es muy apreciada por su \u00fanico color azul y su cautivadora apariencia. Se extrae principalmente en Rajasthan, India, y Ratani es uno de los principales exportadores de diferentes colores de granito indio.<\/p>\n<p>El granito Azul Koliwada muestra una mezcla fascinante de tonos azules y grises, por lo que es el granito azul indio m\u00e1s buscado. El color base var\u00eda desde el azul marino profundo hasta tonos m\u00e1s claros de azul, a menudo acompa\u00f1ados de sutiles vetas y patrones grises y blancos. Estas variaciones crean una sensaci\u00f3n de movimiento y profundidad, similar a las olas hipnotizantes de un oc\u00e9ano o la vasta extensi\u00f3n de un cielo nocturno. La superficie del granito Azul Koliwada suele pulirse a alto brillo, realzando la belleza natural de la piedra y permitiendo que sus colores y patrones \u00fanicos brillen. El acabado pulido a\u00f1ade un toque de elegancia y sofisticaci\u00f3n a cualquier espacio.<\/p>\n<p>El granito Azul Koliwada es una piedra vers\u00e1til que se puede utilizar en diversas aplicaciones. Se utiliza com\u00fanmente para encimeras, pisos, revestimientos de paredes y caracter\u00edsticas de acento en entornos residenciales y comerciales. Su durabilidad, resistencia al calor y capacidad para resistir un uso diario intenso lo convierten en una elecci\u00f3n pr\u00e1ctica para \u00e1reas de alto tr\u00e1fico.<\/p>\n","protected":false},"excerpt":{"rendered":"<p>El granito Azul Koliwada de la India es una impresionante piedra natural que es muy apreciada por su \u00fanico color azul y su cautivadora apariencia. Se extrae principalmente en Rajasthan, India, y Ratani es uno de los principales exportadores de diferentes colores de granito indio. El granito Azul Koliwada muestra una mezcla fascinante de tonos &hellip; <a href=\"https:\/\/www.ratani.in\/es\/koliwada-blue-granite-manufacturer-and-exporter\/\" class=\"more-link\">Continue reading<span class=\"screen-reader-text\"> &#8220;Granito Azul Koliwada&#8221;<\/span><\/a><\/p>\n","protected":false},"author":1,"featured_media":452,"parent":0,"menu_order":0,"comment_status":"closed","ping_status":"closed","template":"page-templates\/product.php","meta":{"footnotes":""},"translation":{"provider":"WPGlobus","version":"2.12.2","language":"es","enabled_languages":["en","es","fr","ru","ar","zh","pt"],"languages":{"en":{"title":true,"content":true,"excerpt":false},"es":{"title":true,"content":true,"excerpt":false},"fr":{"title":true,"content":true,"excerpt":false},"ru":{"title":true,"content":true,"excerpt":false},"ar":{"title":true,"content":true,"excerpt":false},"zh":{"title":true,"content":true,"excerpt":false},"pt":{"title":true,"content":true,"excerpt":false}}},"acf":[],"_links":{"self":[{"href":"https:\/\/www.ratani.in\/es\/wp-json\/wp\/v2\/pages\/444"}],"collection":[{"href":"https:\/\/www.ratani.in\/es\/wp-json\/wp\/v2\/pages"}],"about":[{"href":"https:\/\/www.ratani.in\/es\/wp-json\/wp\/v2\/types\/page"}],"author":[{"embeddable":true,"href":"https:\/\/www.ratani.in\/es\/wp-json\/wp\/v2\/users\/1"}],"replies":[{"embeddable":true,"href":"https:\/\/www.ratani.in\/es\/wp-json\/wp\/v2\/comments?post=444"}],"version-history":[{"count":10,"href":"https:\/\/www.ratani.in\/es\/wp-json\/wp\/v2\/pages\/444\/revisions"}],"predecessor-version":[{"id":2528,"href":"https:\/\/www.ratani.in\/es\/wp-json\/wp\/v2\/pages\/444\/revisions\/2528"}],"wp:featuredmedia":[{"embeddable":true,"href":"https:\/\/www.ratani.in\/es\/wp-json\/wp\/v2\/media\/452"}],"wp:attachment":[{"href":"https:\/\/www.ratani.in\/es\/wp-json\/wp\/v2\/media?parent=444"}],"curies":[{"name":"wp","href":"https:\/\/api.w.org\/{rel}","templated":true}]}}