{"id":465,"date":"2023-08-16T14:48:22","date_gmt":"2023-08-16T14:48:22","guid":{"rendered":"https:\/\/www.ratani.in\/?page_id=465"},"modified":"2023-09-01T12:21:15","modified_gmt":"2023-09-01T12:21:15","slug":"lavender-blue-granite-manufacturer-and-exporter","status":"publish","type":"page","link":"https:\/\/www.ratani.in\/es\/lavender-blue-granite-manufacturer-and-exporter\/","title":{"rendered":"Granito Azul Lavanda"},"content":{"rendered":"<p>El granito Lavender Blue de la India es una exquisita piedra natural india reconocida por su suave y calmante paleta de colores y su elegante apariencia. Esta piedra de granito popular se extrae de las canteras de granito azul de la India y se procesa en f\u00e1bricas de granito del sur de la India. El granito Lavender Blue presenta una delicada mezcla de tonos de lavanda p\u00e1lida, gris y azul, que crean un efecto sereno y calmante. La piedra exhibe un patr\u00f3n consistente con motas y vetas en tonos m\u00e1s claros de gris o blanco, agregando profundidad e inter\u00e9s visual a la apariencia general. La textura de grano fino y el acabado pulido de este granito realzan su atractivo lujoso.<\/p>\n<p>El granito Lavender Blue se utiliza com\u00fanmente en aplicaciones interiores y exteriores, incluidas encimeras, pisos, revestimientos de paredes y acentos decorativos. Su coloraci\u00f3n \u00fanica le permite mezclarse perfectamente con diversos estilos de dise\u00f1o, desde contempor\u00e1neos hasta tradicionales.<\/p>\n<p>Los tonos suaves y los patrones elegantes del granito Lavender Blue aportan una sensaci\u00f3n de tranquilidad y sofisticaci\u00f3n a cualquier espacio, lo que lo convierte en una opci\u00f3n popular para aquellos que buscan una piedra natural sutil pero visualmente llamativa.<\/p>\n","protected":false},"excerpt":{"rendered":"<p>El granito Lavender Blue de la India es una exquisita piedra natural india reconocida por su suave y calmante paleta de colores y su elegante apariencia. Esta piedra de granito popular se extrae de las canteras de granito azul de la India y se procesa en f\u00e1bricas de granito del sur de la India. El &hellip; <a href=\"https:\/\/www.ratani.in\/es\/lavender-blue-granite-manufacturer-and-exporter\/\" class=\"more-link\">Continue reading<span class=\"screen-reader-text\"> &#8220;Granito Azul Lavanda&#8221;<\/span><\/a><\/p>\n","protected":false},"author":1,"featured_media":471,"parent":0,"menu_order":0,"comment_status":"closed","ping_status":"closed","template":"page-templates\/product.php","meta":{"footnotes":""},"translation":{"provider":"WPGlobus","version":"2.12.2","language":"es","enabled_languages":["en","es","fr","ru","ar","zh","pt"],"languages":{"en":{"title":true,"content":true,"excerpt":false},"es":{"title":true,"content":true,"excerpt":false},"fr":{"title":true,"content":true,"excerpt":false},"ru":{"title":true,"content":true,"excerpt":false},"ar":{"title":true,"content":true,"excerpt":false},"zh":{"title":true,"content":true,"excerpt":false},"pt":{"title":true,"content":true,"excerpt":false}}},"acf":[],"_links":{"self":[{"href":"https:\/\/www.ratani.in\/es\/wp-json\/wp\/v2\/pages\/465"}],"collection":[{"href":"https:\/\/www.ratani.in\/es\/wp-json\/wp\/v2\/pages"}],"about":[{"href":"https:\/\/www.ratani.in\/es\/wp-json\/wp\/v2\/types\/page"}],"author":[{"embeddable":true,"href":"https:\/\/www.ratani.in\/es\/wp-json\/wp\/v2\/users\/1"}],"replies":[{"embeddable":true,"href":"https:\/\/www.ratani.in\/es\/wp-json\/wp\/v2\/comments?post=465"}],"version-history":[{"count":11,"href":"https:\/\/www.ratani.in\/es\/wp-json\/wp\/v2\/pages\/465\/revisions"}],"predecessor-version":[{"id":2534,"href":"https:\/\/www.ratani.in\/es\/wp-json\/wp\/v2\/pages\/465\/revisions\/2534"}],"wp:featuredmedia":[{"embeddable":true,"href":"https:\/\/www.ratani.in\/es\/wp-json\/wp\/v2\/media\/471"}],"wp:attachment":[{"href":"https:\/\/www.ratani.in\/es\/wp-json\/wp\/v2\/media?parent=465"}],"curies":[{"name":"wp","href":"https:\/\/api.w.org\/{rel}","templated":true}]}}