{"id":485,"date":"2023-08-16T14:52:36","date_gmt":"2023-08-16T14:52:36","guid":{"rendered":"https:\/\/www.ratani.in\/?page_id=485"},"modified":"2023-09-01T12:23:16","modified_gmt":"2023-09-01T12:23:16","slug":"vizag-blue-granite-manufacturer-and-exporter","status":"publish","type":"page","link":"https:\/\/www.ratani.in\/es\/vizag-blue-granite-manufacturer-and-exporter\/","title":{"rendered":"Granito Azul Vizag"},"content":{"rendered":"<p>El granito Azul Vizag, tambi\u00e9n conocido como Zafiro Azul Vizag, es una piedra natural visualmente impresionante conocida por su profundo color azul y patrones cautivadores. Este granito presenta un rico color base azul, a menudo con intrincados remolinos y ondas de tonos m\u00e1s claros de azul, plateado o gris. Los patrones dentro del granito Azul Vizag se asemejan al movimiento del agua o las nubes, creando una sensaci\u00f3n de profundidad e inter\u00e9s visual. Su apariencia audaz y dram\u00e1tica lo convierte en una elecci\u00f3n popular para encimeras, pisos y piezas de acento, agregando un toque de lujo y elegancia a cualquier espacio.<\/p>\n","protected":false},"excerpt":{"rendered":"<p>El granito Azul Vizag, tambi\u00e9n conocido como Zafiro Azul Vizag, es una piedra natural visualmente impresionante conocida por su profundo color azul y patrones cautivadores. Este granito presenta un rico color base azul, a menudo con intrincados remolinos y ondas de tonos m\u00e1s claros de azul, plateado o gris. Los patrones dentro del granito Azul &hellip; <a href=\"https:\/\/www.ratani.in\/es\/vizag-blue-granite-manufacturer-and-exporter\/\" class=\"more-link\">Continue reading<span class=\"screen-reader-text\"> &#8220;Granito Azul Vizag&#8221;<\/span><\/a><\/p>\n","protected":false},"author":1,"featured_media":492,"parent":0,"menu_order":0,"comment_status":"closed","ping_status":"closed","template":"page-templates\/product.php","meta":{"footnotes":""},"translation":{"provider":"WPGlobus","version":"2.12.2","language":"es","enabled_languages":["en","es","fr","ru","ar","zh","pt"],"languages":{"en":{"title":true,"content":true,"excerpt":false},"es":{"title":true,"content":true,"excerpt":false},"fr":{"title":true,"content":true,"excerpt":false},"ru":{"title":true,"content":true,"excerpt":false},"ar":{"title":true,"content":true,"excerpt":false},"zh":{"title":true,"content":true,"excerpt":false},"pt":{"title":true,"content":true,"excerpt":false}}},"acf":[],"_links":{"self":[{"href":"https:\/\/www.ratani.in\/es\/wp-json\/wp\/v2\/pages\/485"}],"collection":[{"href":"https:\/\/www.ratani.in\/es\/wp-json\/wp\/v2\/pages"}],"about":[{"href":"https:\/\/www.ratani.in\/es\/wp-json\/wp\/v2\/types\/page"}],"author":[{"embeddable":true,"href":"https:\/\/www.ratani.in\/es\/wp-json\/wp\/v2\/users\/1"}],"replies":[{"embeddable":true,"href":"https:\/\/www.ratani.in\/es\/wp-json\/wp\/v2\/comments?post=485"}],"version-history":[{"count":9,"href":"https:\/\/www.ratani.in\/es\/wp-json\/wp\/v2\/pages\/485\/revisions"}],"predecessor-version":[{"id":2490,"href":"https:\/\/www.ratani.in\/es\/wp-json\/wp\/v2\/pages\/485\/revisions\/2490"}],"wp:featuredmedia":[{"embeddable":true,"href":"https:\/\/www.ratani.in\/es\/wp-json\/wp\/v2\/media\/492"}],"wp:attachment":[{"href":"https:\/\/www.ratani.in\/es\/wp-json\/wp\/v2\/media?parent=485"}],"curies":[{"name":"wp","href":"https:\/\/api.w.org\/{rel}","templated":true}]}}