{"id":519,"date":"2023-08-17T07:25:03","date_gmt":"2023-08-17T07:25:03","guid":{"rendered":"https:\/\/www.ratani.in\/?page_id=519"},"modified":"2023-09-04T05:52:15","modified_gmt":"2023-09-04T05:52:15","slug":"grey-granite-manufacturer-and-exporter","status":"publish","type":"page","link":"https:\/\/www.ratani.in\/es\/grey-granite-manufacturer-and-exporter\/","title":{"rendered":"Gris"},"content":{"rendered":"<p>Podemos garantizar que nuestros Granitos Grises de la India ofrecen versatilidad. Como neutrales modernos, estas losas de granito para m\u00e1quina gangsaw y losas de granito para cortadora de la India se adaptan sin esfuerzo, proporcionando un fondo elegante que complementa diversas est\u00e9ticas. Estos podr\u00edan ser tu elecci\u00f3n para enlosar cualquier espacio.<\/p>\n","protected":false},"excerpt":{"rendered":"<p>Podemos garantizar que nuestros Granitos Grises de la India ofrecen versatilidad. Como neutrales modernos, estas losas de granito para m\u00e1quina gangsaw y losas de granito para cortadora de la India se adaptan sin esfuerzo, proporcionando un fondo elegante que complementa diversas est\u00e9ticas. Estos podr\u00edan ser tu elecci\u00f3n para enlosar cualquier espacio.<\/p>\n","protected":false},"author":1,"featured_media":736,"parent":0,"menu_order":0,"comment_status":"closed","ping_status":"closed","template":"page-templates\/color-page.php","meta":{"footnotes":""},"translation":{"provider":"WPGlobus","version":"2.12.2","language":"es","enabled_languages":["en","es","fr","ru","ar","zh","pt"],"languages":{"en":{"title":true,"content":true,"excerpt":false},"es":{"title":true,"content":true,"excerpt":false},"fr":{"title":true,"content":true,"excerpt":false},"ru":{"title":true,"content":true,"excerpt":false},"ar":{"title":true,"content":true,"excerpt":false},"zh":{"title":true,"content":true,"excerpt":false},"pt":{"title":true,"content":true,"excerpt":false}}},"acf":[],"_links":{"self":[{"href":"https:\/\/www.ratani.in\/es\/wp-json\/wp\/v2\/pages\/519"}],"collection":[{"href":"https:\/\/www.ratani.in\/es\/wp-json\/wp\/v2\/pages"}],"about":[{"href":"https:\/\/www.ratani.in\/es\/wp-json\/wp\/v2\/types\/page"}],"author":[{"embeddable":true,"href":"https:\/\/www.ratani.in\/es\/wp-json\/wp\/v2\/users\/1"}],"replies":[{"embeddable":true,"href":"https:\/\/www.ratani.in\/es\/wp-json\/wp\/v2\/comments?post=519"}],"version-history":[{"count":13,"href":"https:\/\/www.ratani.in\/es\/wp-json\/wp\/v2\/pages\/519\/revisions"}],"predecessor-version":[{"id":2644,"href":"https:\/\/www.ratani.in\/es\/wp-json\/wp\/v2\/pages\/519\/revisions\/2644"}],"wp:featuredmedia":[{"embeddable":true,"href":"https:\/\/www.ratani.in\/es\/wp-json\/wp\/v2\/media\/736"}],"wp:attachment":[{"href":"https:\/\/www.ratani.in\/es\/wp-json\/wp\/v2\/media?parent=519"}],"curies":[{"name":"wp","href":"https:\/\/api.w.org\/{rel}","templated":true}]}}