{"id":529,"date":"2023-08-17T07:36:06","date_gmt":"2023-08-17T07:36:06","guid":{"rendered":"https:\/\/www.ratani.in\/?page_id=529"},"modified":"2023-09-01T12:53:56","modified_gmt":"2023-09-01T12:53:56","slug":"crystal-brown-granite-manufacturer-and-exporter","status":"publish","type":"page","link":"https:\/\/www.ratani.in\/es\/crystal-brown-granite-manufacturer-and-exporter\/","title":{"rendered":"Granito Marr\u00f3n Cristal"},"content":{"rendered":"<p>El granito Marr\u00f3n Cristal de la India es una impresionante piedra natural de Gujarat conocida por sus tonos c\u00e1lidos y terrosos. Es una elecci\u00f3n popular para agregar elegancia y un toque de belleza natural a varios proyectos arquitect\u00f3nicos y de dise\u00f1o. <\/p>\n<p>El color base del granito Marr\u00f3n Cristal de la India es t\u00edpicamente un marr\u00f3n rico, que var\u00eda de tonos medios a oscuros. A menudo presenta patrones intrincados y vetas en tonos contrastantes de marr\u00f3n, negro y ocasionalmente oro. Estas variaciones naturales en color y patr\u00f3n contribuyen al atractivo visual de la piedra y crean una sensaci\u00f3n de profundidad y textura.<\/p>\n<p>El granito Marr\u00f3n Cristal se procesa en nuestra planta de procesamiento de granito en Gujarat y com\u00fanmente se pule para obtener un acabado brillante, realzando su belleza natural y proporcionando una superficie lisa. El acabado pulido tambi\u00e9n permite que la piedra refleje la luz, a\u00f1adiendo un toque de elegancia a cualquier espacio.<\/p>\n<p>Debido a su durabilidad y resistencia al calor, los ara\u00f1azos y las manchas, el granito Marr\u00f3n Cristal es adecuado para una variedad de aplicaciones. A menudo se utiliza para encimeras, pisos, salpicaderos y detalles decorativos tanto en entornos residenciales como comerciales. Sus c\u00e1lidos tonos marrones pueden complementar varios estilos de dise\u00f1o, desde tradicionales hasta contempor\u00e1neos, y agregar una sensaci\u00f3n de sofisticaci\u00f3n a la est\u00e9tica general.<\/p>\n","protected":false},"excerpt":{"rendered":"<p>El granito Marr\u00f3n Cristal de la India es una impresionante piedra natural de Gujarat conocida por sus tonos c\u00e1lidos y terrosos. Es una elecci\u00f3n popular para agregar elegancia y un toque de belleza natural a varios proyectos arquitect\u00f3nicos y de dise\u00f1o. El color base del granito Marr\u00f3n Cristal de la India es t\u00edpicamente un marr\u00f3n &hellip; <a href=\"https:\/\/www.ratani.in\/es\/crystal-brown-granite-manufacturer-and-exporter\/\" class=\"more-link\">Continue reading<span class=\"screen-reader-text\"> &#8220;Granito Marr\u00f3n Cristal&#8221;<\/span><\/a><\/p>\n","protected":false},"author":1,"featured_media":530,"parent":0,"menu_order":0,"comment_status":"closed","ping_status":"closed","template":"page-templates\/product.php","meta":{"footnotes":""},"translation":{"provider":"WPGlobus","version":"2.12.2","language":"es","enabled_languages":["en","es","fr","ru","ar","zh","pt"],"languages":{"en":{"title":true,"content":true,"excerpt":false},"es":{"title":true,"content":true,"excerpt":false},"fr":{"title":true,"content":true,"excerpt":false},"ru":{"title":true,"content":true,"excerpt":false},"ar":{"title":true,"content":true,"excerpt":false},"zh":{"title":true,"content":true,"excerpt":false},"pt":{"title":true,"content":true,"excerpt":false}}},"acf":[],"_links":{"self":[{"href":"https:\/\/www.ratani.in\/es\/wp-json\/wp\/v2\/pages\/529"}],"collection":[{"href":"https:\/\/www.ratani.in\/es\/wp-json\/wp\/v2\/pages"}],"about":[{"href":"https:\/\/www.ratani.in\/es\/wp-json\/wp\/v2\/types\/page"}],"author":[{"embeddable":true,"href":"https:\/\/www.ratani.in\/es\/wp-json\/wp\/v2\/users\/1"}],"replies":[{"embeddable":true,"href":"https:\/\/www.ratani.in\/es\/wp-json\/wp\/v2\/comments?post=529"}],"version-history":[{"count":11,"href":"https:\/\/www.ratani.in\/es\/wp-json\/wp\/v2\/pages\/529\/revisions"}],"predecessor-version":[{"id":2436,"href":"https:\/\/www.ratani.in\/es\/wp-json\/wp\/v2\/pages\/529\/revisions\/2436"}],"wp:featuredmedia":[{"embeddable":true,"href":"https:\/\/www.ratani.in\/es\/wp-json\/wp\/v2\/media\/530"}],"wp:attachment":[{"href":"https:\/\/www.ratani.in\/es\/wp-json\/wp\/v2\/media?parent=529"}],"curies":[{"name":"wp","href":"https:\/\/api.w.org\/{rel}","templated":true}]}}