{"id":539,"date":"2023-08-17T07:38:03","date_gmt":"2023-08-17T07:38:03","guid":{"rendered":"https:\/\/www.ratani.in\/?page_id=539"},"modified":"2023-09-01T12:54:55","modified_gmt":"2023-09-01T12:54:55","slug":"desert-brown-granite-manufacturer-and-exporter","status":"publish","type":"page","link":"https:\/\/www.ratani.in\/es\/desert-brown-granite-manufacturer-and-exporter\/","title":{"rendered":"Granito Marr\u00f3n Desierto"},"content":{"rendered":"<p>El Granito Marr\u00f3n Desierto de la India es una cautivadora piedra natural que evoca la esencia de un paisaje de desierto rugoso. Es conocido por su paleta de colores c\u00e1lidos y terrosos, que combina tonos de marr\u00f3n, beige y pinceladas de negro. Esta combinaci\u00f3n \u00fanica de colores crea una sensaci\u00f3n de profundidad y a\u00f1ade car\u00e1cter a cualquier espacio.<\/p>\n<p>Su superficie muestra patrones intrincados y vetas, parecidos a las formaciones geol\u00f3gicas naturales que se encuentran en las regiones des\u00e9rticas. La interacci\u00f3n de diferentes tonos y vetas crea una apariencia visualmente din\u00e1mica que captura la imaginaci\u00f3n.<\/p>\n<p>Con su naturaleza duradera y resistencia a los ara\u00f1azos y manchas, el Granito Marr\u00f3n Desierto es muy adecuado para una amplia gama de aplicaciones y se procesa en nuestra f\u00e1brica de granito en Gujarat. Com\u00fanmente se utiliza para encimeras de cocina, tocadores de ba\u00f1o, pisos, revestimientos de paredes y otros elementos de dise\u00f1o interiores y exteriores.<\/p>\n<p>Los tonos c\u00e1lidos y acogedores del Granito Marr\u00f3n Desierto lo convierten en una elecci\u00f3n vers\u00e1til que complementa diversos estilos de dise\u00f1o, desde r\u00fasticos y tradicionales hasta contempor\u00e1neos y modernos. Aporta una sensaci\u00f3n de calidez y elegancia a cualquier espacio, creando un ambiente acogedor y acogedor.<\/p>\n","protected":false},"excerpt":{"rendered":"<p>El Granito Marr\u00f3n Desierto de la India es una cautivadora piedra natural que evoca la esencia de un paisaje de desierto rugoso. Es conocido por su paleta de colores c\u00e1lidos y terrosos, que combina tonos de marr\u00f3n, beige y pinceladas de negro. Esta combinaci\u00f3n \u00fanica de colores crea una sensaci\u00f3n de profundidad y a\u00f1ade car\u00e1cter &hellip; <a href=\"https:\/\/www.ratani.in\/es\/desert-brown-granite-manufacturer-and-exporter\/\" class=\"more-link\">Continue reading<span class=\"screen-reader-text\"> &#8220;Granito Marr\u00f3n Desierto&#8221;<\/span><\/a><\/p>\n","protected":false},"author":1,"featured_media":547,"parent":0,"menu_order":0,"comment_status":"closed","ping_status":"closed","template":"page-templates\/product.php","meta":{"footnotes":""},"translation":{"provider":"WPGlobus","version":"2.12.2","language":"es","enabled_languages":["en","es","fr","ru","ar","zh","pt"],"languages":{"en":{"title":true,"content":true,"excerpt":false},"es":{"title":true,"content":true,"excerpt":false},"fr":{"title":true,"content":true,"excerpt":false},"ru":{"title":true,"content":true,"excerpt":false},"ar":{"title":true,"content":true,"excerpt":false},"zh":{"title":true,"content":true,"excerpt":false},"pt":{"title":true,"content":true,"excerpt":false}}},"acf":[],"_links":{"self":[{"href":"https:\/\/www.ratani.in\/es\/wp-json\/wp\/v2\/pages\/539"}],"collection":[{"href":"https:\/\/www.ratani.in\/es\/wp-json\/wp\/v2\/pages"}],"about":[{"href":"https:\/\/www.ratani.in\/es\/wp-json\/wp\/v2\/types\/page"}],"author":[{"embeddable":true,"href":"https:\/\/www.ratani.in\/es\/wp-json\/wp\/v2\/users\/1"}],"replies":[{"embeddable":true,"href":"https:\/\/www.ratani.in\/es\/wp-json\/wp\/v2\/comments?post=539"}],"version-history":[{"count":12,"href":"https:\/\/www.ratani.in\/es\/wp-json\/wp\/v2\/pages\/539\/revisions"}],"predecessor-version":[{"id":2438,"href":"https:\/\/www.ratani.in\/es\/wp-json\/wp\/v2\/pages\/539\/revisions\/2438"}],"wp:featuredmedia":[{"embeddable":true,"href":"https:\/\/www.ratani.in\/es\/wp-json\/wp\/v2\/media\/547"}],"wp:attachment":[{"href":"https:\/\/www.ratani.in\/es\/wp-json\/wp\/v2\/media?parent=539"}],"curies":[{"name":"wp","href":"https:\/\/api.w.org\/{rel}","templated":true}]}}