{"id":549,"date":"2023-08-17T07:40:11","date_gmt":"2023-08-17T07:40:11","guid":{"rendered":"https:\/\/www.ratani.in\/?page_id=549"},"modified":"2023-09-01T12:59:14","modified_gmt":"2023-09-01T12:59:14","slug":"j-d-brown-granite-manufacturer-and-exporter","status":"publish","type":"page","link":"https:\/\/www.ratani.in\/es\/j-d-brown-granite-manufacturer-and-exporter\/","title":{"rendered":"Granito J.D. Marr\u00f3n"},"content":{"rendered":"<p>El granito J.D. Marr\u00f3n presenta un color marr\u00f3n intenso y profundo con motas o vetas negras y grises que lo recorren. Los patrones y vetas espec\u00edficos pueden variar de losas a losas, otorgando a cada pieza una apariencia \u00fanica. Tiene una textura de grano mediano a grueso, que proporciona un aspecto natural y elegante.<\/p>\n<p>Debido a su durabilidad, el granito J.D. Brown se utiliza com\u00fanmente para encimeras, pisos, revestimientos de paredes y otras aplicaciones interiores y exteriores. Es altamente resistente a los ara\u00f1azos, al calor y a las manchas, lo que lo hace adecuado para \u00e1reas de alto tr\u00e1fico.<\/p>\n<p>Siendo uno de los mayores proveedores de granito en el norte de la India, es importante tener en cuenta que pueden ocurrir variaciones en el color, las vetas y la apariencia general debido a las caracter\u00edsticas naturales de la piedra.<\/p>\n","protected":false},"excerpt":{"rendered":"<p>El granito J.D. Marr\u00f3n presenta un color marr\u00f3n intenso y profundo con motas o vetas negras y grises que lo recorren. Los patrones y vetas espec\u00edficos pueden variar de losas a losas, otorgando a cada pieza una apariencia \u00fanica. Tiene una textura de grano mediano a grueso, que proporciona un aspecto natural y elegante. Debido &hellip; <a href=\"https:\/\/www.ratani.in\/es\/j-d-brown-granite-manufacturer-and-exporter\/\" class=\"more-link\">Continue reading<span class=\"screen-reader-text\"> &#8220;Granito J.D. Marr\u00f3n&#8221;<\/span><\/a><\/p>\n","protected":false},"author":1,"featured_media":557,"parent":0,"menu_order":0,"comment_status":"closed","ping_status":"closed","template":"page-templates\/product.php","meta":{"footnotes":""},"translation":{"provider":"WPGlobus","version":"2.12.2","language":"es","enabled_languages":["en","es","fr","ru","ar","zh","pt"],"languages":{"en":{"title":true,"content":true,"excerpt":false},"es":{"title":true,"content":true,"excerpt":false},"fr":{"title":true,"content":true,"excerpt":false},"ru":{"title":true,"content":true,"excerpt":false},"ar":{"title":true,"content":true,"excerpt":false},"zh":{"title":true,"content":true,"excerpt":false},"pt":{"title":true,"content":true,"excerpt":false}}},"acf":[],"_links":{"self":[{"href":"https:\/\/www.ratani.in\/es\/wp-json\/wp\/v2\/pages\/549"}],"collection":[{"href":"https:\/\/www.ratani.in\/es\/wp-json\/wp\/v2\/pages"}],"about":[{"href":"https:\/\/www.ratani.in\/es\/wp-json\/wp\/v2\/types\/page"}],"author":[{"embeddable":true,"href":"https:\/\/www.ratani.in\/es\/wp-json\/wp\/v2\/users\/1"}],"replies":[{"embeddable":true,"href":"https:\/\/www.ratani.in\/es\/wp-json\/wp\/v2\/comments?post=549"}],"version-history":[{"count":13,"href":"https:\/\/www.ratani.in\/es\/wp-json\/wp\/v2\/pages\/549\/revisions"}],"predecessor-version":[{"id":2440,"href":"https:\/\/www.ratani.in\/es\/wp-json\/wp\/v2\/pages\/549\/revisions\/2440"}],"wp:featuredmedia":[{"embeddable":true,"href":"https:\/\/www.ratani.in\/es\/wp-json\/wp\/v2\/media\/557"}],"wp:attachment":[{"href":"https:\/\/www.ratani.in\/es\/wp-json\/wp\/v2\/media?parent=549"}],"curies":[{"name":"wp","href":"https:\/\/api.w.org\/{rel}","templated":true}]}}