{"id":579,"date":"2023-08-17T07:47:36","date_gmt":"2023-08-17T07:47:36","guid":{"rendered":"https:\/\/www.ratani.in\/?page_id=579"},"modified":"2023-09-01T12:57:56","modified_gmt":"2023-09-01T12:57:56","slug":"coffee-brown-granite-manufacturer-and-exporter","status":"publish","type":"page","link":"https:\/\/www.ratani.in\/es\/coffee-brown-granite-manufacturer-and-exporter\/","title":{"rendered":"Granito Marr\u00f3n Caf\u00e9"},"content":{"rendered":"<p>El Granito Marr\u00f3n Caf\u00e9 de la India es una piedra natural c\u00e1lida y acogedora de la India conocida por sus tonos marrones intensos y patrones distintivos. Presenta un color de base predominantemente marr\u00f3n oscuro con remolinos intrincados y motas de tonos m\u00e1s claros de marr\u00f3n, caramelo y a veces tonos negros. Los patrones dentro del Granito Marr\u00f3n Caf\u00e9 se asemejan a los remolinos y ondulaciones en una taza de caf\u00e9, de ah\u00ed su nombre. Este granito aporta una sensaci\u00f3n de calidez y comodidad a cualquier espacio, lo que lo convierte en una elecci\u00f3n popular para encimeras, pisos y otras aplicaciones interiores. Los tonos terrosos del Granito Marr\u00f3n Caf\u00e9 se combinan bien con una variedad de estilos de dise\u00f1o, desde tradicionales hasta contempor\u00e1neos.<\/p>\n<p>Su durabilidad, resistencia al calor y facilidad de mantenimiento lo convierten en una opci\u00f3n pr\u00e1ctica y visualmente atractiva para aquellos que buscan una piedra natural con beneficios est\u00e9ticos y funcionales.<\/p>\n","protected":false},"excerpt":{"rendered":"<p>El Granito Marr\u00f3n Caf\u00e9 de la India es una piedra natural c\u00e1lida y acogedora de la India conocida por sus tonos marrones intensos y patrones distintivos. Presenta un color de base predominantemente marr\u00f3n oscuro con remolinos intrincados y motas de tonos m\u00e1s claros de marr\u00f3n, caramelo y a veces tonos negros. Los patrones dentro del &hellip; <a href=\"https:\/\/www.ratani.in\/es\/coffee-brown-granite-manufacturer-and-exporter\/\" class=\"more-link\">Continue reading<span class=\"screen-reader-text\"> &#8220;Granito Marr\u00f3n Caf\u00e9&#8221;<\/span><\/a><\/p>\n","protected":false},"author":1,"featured_media":584,"parent":0,"menu_order":0,"comment_status":"closed","ping_status":"closed","template":"page-templates\/product.php","meta":{"footnotes":""},"translation":{"provider":"WPGlobus","version":"2.12.2","language":"es","enabled_languages":["en","es","fr","ru","ar","zh","pt"],"languages":{"en":{"title":true,"content":true,"excerpt":false},"es":{"title":true,"content":true,"excerpt":false},"fr":{"title":true,"content":true,"excerpt":false},"ru":{"title":true,"content":true,"excerpt":false},"ar":{"title":true,"content":true,"excerpt":false},"zh":{"title":true,"content":true,"excerpt":false},"pt":{"title":true,"content":true,"excerpt":false}}},"acf":[],"_links":{"self":[{"href":"https:\/\/www.ratani.in\/es\/wp-json\/wp\/v2\/pages\/579"}],"collection":[{"href":"https:\/\/www.ratani.in\/es\/wp-json\/wp\/v2\/pages"}],"about":[{"href":"https:\/\/www.ratani.in\/es\/wp-json\/wp\/v2\/types\/page"}],"author":[{"embeddable":true,"href":"https:\/\/www.ratani.in\/es\/wp-json\/wp\/v2\/users\/1"}],"replies":[{"embeddable":true,"href":"https:\/\/www.ratani.in\/es\/wp-json\/wp\/v2\/comments?post=579"}],"version-history":[{"count":11,"href":"https:\/\/www.ratani.in\/es\/wp-json\/wp\/v2\/pages\/579\/revisions"}],"predecessor-version":[{"id":2213,"href":"https:\/\/www.ratani.in\/es\/wp-json\/wp\/v2\/pages\/579\/revisions\/2213"}],"wp:featuredmedia":[{"embeddable":true,"href":"https:\/\/www.ratani.in\/es\/wp-json\/wp\/v2\/media\/584"}],"wp:attachment":[{"href":"https:\/\/www.ratani.in\/es\/wp-json\/wp\/v2\/media?parent=579"}],"curies":[{"name":"wp","href":"https:\/\/api.w.org\/{rel}","templated":true}]}}