{"id":589,"date":"2023-08-17T07:49:08","date_gmt":"2023-08-17T07:49:08","guid":{"rendered":"https:\/\/www.ratani.in\/?page_id=589"},"modified":"2023-09-01T12:56:13","modified_gmt":"2023-09-01T12:56:13","slug":"tan-brown-granite-manufacturer-and-exporter","status":"publish","type":"page","link":"https:\/\/www.ratani.in\/es\/tan-brown-granite-manufacturer-and-exporter\/","title":{"rendered":"Granito Tan Marr\u00f3n"},"content":{"rendered":"<p>El granito Tan Marr\u00f3n es una piedra natural popular conocida por su apariencia c\u00e1lida y acogedora. Las canteras de granito Tan Marr\u00f3n producen bloques de granito de color base rico en la India que var\u00edan desde marr\u00f3n oscuro hasta negro, con un patr\u00f3n consistente de motas y vetas m\u00e1s claras de color marr\u00f3n o marr\u00f3n rojizo. Esta combinaci\u00f3n de colores crea un hermoso contraste y a\u00f1ade profundidad a la apariencia general de la piedra. Las motas y vetas pueden variar en tama\u00f1o y densidad, dando a cada losa un atractivo \u00fanico y lleno de car\u00e1cter. El granito Tan Marr\u00f3n es muy vers\u00e1til y se puede utilizar en varias aplicaciones como encimeras, pisos, salpicaderos y paredes decorativas. Su durabilidad, resistencia al calor y capacidad para combinar bien con una variedad de estilos de dise\u00f1o lo convierten en una elecci\u00f3n popular entre los propietarios y dise\u00f1adores.<\/p>\n","protected":false},"excerpt":{"rendered":"<p>El granito Tan Marr\u00f3n es una piedra natural popular conocida por su apariencia c\u00e1lida y acogedora. Las canteras de granito Tan Marr\u00f3n producen bloques de granito de color base rico en la India que var\u00edan desde marr\u00f3n oscuro hasta negro, con un patr\u00f3n consistente de motas y vetas m\u00e1s claras de color marr\u00f3n o marr\u00f3n &hellip; <a href=\"https:\/\/www.ratani.in\/es\/tan-brown-granite-manufacturer-and-exporter\/\" class=\"more-link\">Continue reading<span class=\"screen-reader-text\"> &#8220;Granito Tan Marr\u00f3n&#8221;<\/span><\/a><\/p>\n","protected":false},"author":1,"featured_media":590,"parent":0,"menu_order":0,"comment_status":"closed","ping_status":"closed","template":"page-templates\/product.php","meta":{"footnotes":""},"translation":{"provider":"WPGlobus","version":"2.12.2","language":"es","enabled_languages":["en","es","fr","ru","ar","zh","pt"],"languages":{"en":{"title":true,"content":true,"excerpt":false},"es":{"title":true,"content":true,"excerpt":false},"fr":{"title":true,"content":true,"excerpt":false},"ru":{"title":true,"content":true,"excerpt":false},"ar":{"title":true,"content":true,"excerpt":false},"zh":{"title":true,"content":true,"excerpt":false},"pt":{"title":true,"content":true,"excerpt":false}}},"acf":[],"_links":{"self":[{"href":"https:\/\/www.ratani.in\/es\/wp-json\/wp\/v2\/pages\/589"}],"collection":[{"href":"https:\/\/www.ratani.in\/es\/wp-json\/wp\/v2\/pages"}],"about":[{"href":"https:\/\/www.ratani.in\/es\/wp-json\/wp\/v2\/types\/page"}],"author":[{"embeddable":true,"href":"https:\/\/www.ratani.in\/es\/wp-json\/wp\/v2\/users\/1"}],"replies":[{"embeddable":true,"href":"https:\/\/www.ratani.in\/es\/wp-json\/wp\/v2\/comments?post=589"}],"version-history":[{"count":10,"href":"https:\/\/www.ratani.in\/es\/wp-json\/wp\/v2\/pages\/589\/revisions"}],"predecessor-version":[{"id":1899,"href":"https:\/\/www.ratani.in\/es\/wp-json\/wp\/v2\/pages\/589\/revisions\/1899"}],"wp:featuredmedia":[{"embeddable":true,"href":"https:\/\/www.ratani.in\/es\/wp-json\/wp\/v2\/media\/590"}],"wp:attachment":[{"href":"https:\/\/www.ratani.in\/es\/wp-json\/wp\/v2\/media?parent=589"}],"curies":[{"name":"wp","href":"https:\/\/api.w.org\/{rel}","templated":true}]}}