{"id":599,"date":"2023-08-17T08:10:21","date_gmt":"2023-08-17T08:10:21","guid":{"rendered":"https:\/\/www.ratani.in\/?page_id=599"},"modified":"2023-09-01T13:07:38","modified_gmt":"2023-09-01T13:07:38","slug":"alaska-gold-granite-manufacturer-and-exporter","status":"publish","type":"page","link":"https:\/\/www.ratani.in\/es\/alaska-gold-granite-manufacturer-and-exporter\/","title":{"rendered":"Granito Oro de Alaska"},"content":{"rendered":"<p>El Granito Oro de Alaska en la India presenta un color base dorado o amarillento con patrones intrincados y vetas en tonos de marr\u00f3n, gris y a veces negro. Los patrones dentro del Granito Oro de Alaska se asemejan a las formaciones naturales que se encuentran en el paisaje de Alaska, a\u00f1adiendo profundidad e inter\u00e9s visual a su est\u00e9tica general. Compre granito de Rajasthan en nuestra planta de procesamiento de granito en el norte de la India, ya que esta piedra opulenta irradia un profundo sentido de lujo y sofisticaci\u00f3n, lo que la convierte en una elecci\u00f3n popular para encimeras, salpicaderos y piezas de acento. Los c\u00e1lidos tonos dorados del Granito Oro de Alaska aportan un toque de belleza natural y elegancia a cualquier aplicaci\u00f3n.<\/p>\n","protected":false},"excerpt":{"rendered":"<p>El Granito Oro de Alaska en la India presenta un color base dorado o amarillento con patrones intrincados y vetas en tonos de marr\u00f3n, gris y a veces negro. Los patrones dentro del Granito Oro de Alaska se asemejan a las formaciones naturales que se encuentran en el paisaje de Alaska, a\u00f1adiendo profundidad e inter\u00e9s &hellip; <a href=\"https:\/\/www.ratani.in\/es\/alaska-gold-granite-manufacturer-and-exporter\/\" class=\"more-link\">Continue reading<span class=\"screen-reader-text\"> &#8220;Granito Oro de Alaska&#8221;<\/span><\/a><\/p>\n","protected":false},"author":1,"featured_media":607,"parent":0,"menu_order":0,"comment_status":"closed","ping_status":"closed","template":"page-templates\/product.php","meta":{"footnotes":""},"translation":{"provider":"WPGlobus","version":"2.12.2","language":"es","enabled_languages":["en","es","fr","ru","ar","zh","pt"],"languages":{"en":{"title":true,"content":true,"excerpt":false},"es":{"title":true,"content":true,"excerpt":false},"fr":{"title":true,"content":true,"excerpt":false},"ru":{"title":true,"content":true,"excerpt":false},"ar":{"title":true,"content":true,"excerpt":false},"zh":{"title":true,"content":true,"excerpt":false},"pt":{"title":true,"content":true,"excerpt":false}}},"acf":[],"_links":{"self":[{"href":"https:\/\/www.ratani.in\/es\/wp-json\/wp\/v2\/pages\/599"}],"collection":[{"href":"https:\/\/www.ratani.in\/es\/wp-json\/wp\/v2\/pages"}],"about":[{"href":"https:\/\/www.ratani.in\/es\/wp-json\/wp\/v2\/types\/page"}],"author":[{"embeddable":true,"href":"https:\/\/www.ratani.in\/es\/wp-json\/wp\/v2\/users\/1"}],"replies":[{"embeddable":true,"href":"https:\/\/www.ratani.in\/es\/wp-json\/wp\/v2\/comments?post=599"}],"version-history":[{"count":9,"href":"https:\/\/www.ratani.in\/es\/wp-json\/wp\/v2\/pages\/599\/revisions"}],"predecessor-version":[{"id":1863,"href":"https:\/\/www.ratani.in\/es\/wp-json\/wp\/v2\/pages\/599\/revisions\/1863"}],"wp:featuredmedia":[{"embeddable":true,"href":"https:\/\/www.ratani.in\/es\/wp-json\/wp\/v2\/media\/607"}],"wp:attachment":[{"href":"https:\/\/www.ratani.in\/es\/wp-json\/wp\/v2\/media?parent=599"}],"curies":[{"name":"wp","href":"https:\/\/api.w.org\/{rel}","templated":true}]}}