{"id":609,"date":"2023-08-17T08:13:51","date_gmt":"2023-08-17T08:13:51","guid":{"rendered":"https:\/\/www.ratani.in\/?page_id=609"},"modified":"2023-09-01T13:06:27","modified_gmt":"2023-09-01T13:06:27","slug":"colonial-gold-granite-manufacturer-and-exporter","status":"publish","type":"page","link":"https:\/\/www.ratani.in\/es\/colonial-gold-granite-manufacturer-and-exporter\/","title":{"rendered":"Granito Oro Colonial"},"content":{"rendered":"<p>El Granito Oro Colonial es una cautivadora piedra natural conocida por su aspecto c\u00e1lido y acogedor. Presenta un color base dorado o beige con patrones intrincados y vetas en tonos de marr\u00f3n, gris y ocasionalmente negro. Los patrones dentro del Granito Oro Colonial se asemejan a las pinceladas de un artista, creando una superficie visualmente din\u00e1mica y atractiva. Este granito exhibe una hermosa mezcla de colores que a\u00f1ade profundidad y car\u00e1cter a cualquier espacio.<\/p>\n<p>Siendo uno de los principales exportadores de granito en Chennai, India, creemos que el Granito Oro Colonial se utiliza con frecuencia para encimeras, salpicaderos y piezas de acento, ya que complementa sin esfuerzo diversos estilos de dise\u00f1o, desde los tradicionales hasta los contempor\u00e1neos. El Granito Oro Colonial agrega un toque de belleza natural y sofisticaci\u00f3n a cualquier aplicaci\u00f3n interior o exterior.<\/p>\n","protected":false},"excerpt":{"rendered":"<p>El Granito Oro Colonial es una cautivadora piedra natural conocida por su aspecto c\u00e1lido y acogedor. Presenta un color base dorado o beige con patrones intrincados y vetas en tonos de marr\u00f3n, gris y ocasionalmente negro. Los patrones dentro del Granito Oro Colonial se asemejan a las pinceladas de un artista, creando una superficie visualmente &hellip; <a href=\"https:\/\/www.ratani.in\/es\/colonial-gold-granite-manufacturer-and-exporter\/\" class=\"more-link\">Continue reading<span class=\"screen-reader-text\"> &#8220;Granito Oro Colonial&#8221;<\/span><\/a><\/p>\n","protected":false},"author":1,"featured_media":613,"parent":0,"menu_order":0,"comment_status":"closed","ping_status":"closed","template":"page-templates\/product.php","meta":{"footnotes":""},"translation":{"provider":"WPGlobus","version":"2.12.2","language":"es","enabled_languages":["en","es","fr","ru","ar","zh","pt"],"languages":{"en":{"title":true,"content":true,"excerpt":false},"es":{"title":true,"content":true,"excerpt":false},"fr":{"title":true,"content":true,"excerpt":false},"ru":{"title":true,"content":true,"excerpt":false},"ar":{"title":true,"content":true,"excerpt":false},"zh":{"title":true,"content":true,"excerpt":false},"pt":{"title":true,"content":true,"excerpt":false}}},"acf":[],"_links":{"self":[{"href":"https:\/\/www.ratani.in\/es\/wp-json\/wp\/v2\/pages\/609"}],"collection":[{"href":"https:\/\/www.ratani.in\/es\/wp-json\/wp\/v2\/pages"}],"about":[{"href":"https:\/\/www.ratani.in\/es\/wp-json\/wp\/v2\/types\/page"}],"author":[{"embeddable":true,"href":"https:\/\/www.ratani.in\/es\/wp-json\/wp\/v2\/users\/1"}],"replies":[{"embeddable":true,"href":"https:\/\/www.ratani.in\/es\/wp-json\/wp\/v2\/comments?post=609"}],"version-history":[{"count":10,"href":"https:\/\/www.ratani.in\/es\/wp-json\/wp\/v2\/pages\/609\/revisions"}],"predecessor-version":[{"id":2563,"href":"https:\/\/www.ratani.in\/es\/wp-json\/wp\/v2\/pages\/609\/revisions\/2563"}],"wp:featuredmedia":[{"embeddable":true,"href":"https:\/\/www.ratani.in\/es\/wp-json\/wp\/v2\/media\/613"}],"wp:attachment":[{"href":"https:\/\/www.ratani.in\/es\/wp-json\/wp\/v2\/media?parent=609"}],"curies":[{"name":"wp","href":"https:\/\/api.w.org\/{rel}","templated":true}]}}