{"id":619,"date":"2023-08-17T08:23:22","date_gmt":"2023-08-17T08:23:22","guid":{"rendered":"https:\/\/www.ratani.in\/?page_id=619"},"modified":"2023-09-01T13:04:05","modified_gmt":"2023-09-01T13:04:05","slug":"golden-beach-granite-manufacturer-and-exporter","status":"publish","type":"page","link":"https:\/\/www.ratani.in\/es\/golden-beach-granite-manufacturer-and-exporter\/","title":{"rendered":"Granito Playa Dorada"},"content":{"rendered":"<p>El Granito Playa Dorada de las canteras de granito en India es una impresionante piedra natural conocida por su aspecto c\u00e1lido y radiante. Presenta un color base dorado o beige con patrones intrincados y vetas en tonos de marr\u00f3n, gris y a veces negro. Los patrones dentro del Granito Playa Dorada se asemejan al movimiento natural de la arena en una playa, creando una sensaci\u00f3n de profundidad y textura. Este granito emana una sensaci\u00f3n de calidez y tranquilidad, lo que lo convierte en una elecci\u00f3n popular para crear espacios acogedores y agradables. Las losas cortadas de granito en India se utilizan a menudo para encimeras, salpicaderos y piezas de acento, ya que a\u00f1ade un toque de belleza natural y elegancia a cualquier aplicaci\u00f3n interior o exterior.<\/p>\n","protected":false},"excerpt":{"rendered":"<p>El Granito Playa Dorada de las canteras de granito en India es una impresionante piedra natural conocida por su aspecto c\u00e1lido y radiante. Presenta un color base dorado o beige con patrones intrincados y vetas en tonos de marr\u00f3n, gris y a veces negro. Los patrones dentro del Granito Playa Dorada se asemejan al movimiento &hellip; <a href=\"https:\/\/www.ratani.in\/es\/golden-beach-granite-manufacturer-and-exporter\/\" class=\"more-link\">Continue reading<span class=\"screen-reader-text\"> &#8220;Granito Playa Dorada&#8221;<\/span><\/a><\/p>\n","protected":false},"author":1,"featured_media":627,"parent":0,"menu_order":0,"comment_status":"closed","ping_status":"closed","template":"page-templates\/product.php","meta":{"footnotes":""},"translation":{"provider":"WPGlobus","version":"2.12.2","language":"es","enabled_languages":["en","es","fr","ru","ar","zh","pt"],"languages":{"en":{"title":true,"content":true,"excerpt":false},"es":{"title":true,"content":true,"excerpt":false},"fr":{"title":true,"content":true,"excerpt":false},"ru":{"title":true,"content":true,"excerpt":false},"ar":{"title":true,"content":true,"excerpt":false},"zh":{"title":true,"content":true,"excerpt":false},"pt":{"title":true,"content":true,"excerpt":false}}},"acf":[],"_links":{"self":[{"href":"https:\/\/www.ratani.in\/es\/wp-json\/wp\/v2\/pages\/619"}],"collection":[{"href":"https:\/\/www.ratani.in\/es\/wp-json\/wp\/v2\/pages"}],"about":[{"href":"https:\/\/www.ratani.in\/es\/wp-json\/wp\/v2\/types\/page"}],"author":[{"embeddable":true,"href":"https:\/\/www.ratani.in\/es\/wp-json\/wp\/v2\/users\/1"}],"replies":[{"embeddable":true,"href":"https:\/\/www.ratani.in\/es\/wp-json\/wp\/v2\/comments?post=619"}],"version-history":[{"count":9,"href":"https:\/\/www.ratani.in\/es\/wp-json\/wp\/v2\/pages\/619\/revisions"}],"predecessor-version":[{"id":2560,"href":"https:\/\/www.ratani.in\/es\/wp-json\/wp\/v2\/pages\/619\/revisions\/2560"}],"wp:featuredmedia":[{"embeddable":true,"href":"https:\/\/www.ratani.in\/es\/wp-json\/wp\/v2\/media\/627"}],"wp:attachment":[{"href":"https:\/\/www.ratani.in\/es\/wp-json\/wp\/v2\/media?parent=619"}],"curies":[{"name":"wp","href":"https:\/\/api.w.org\/{rel}","templated":true}]}}