{"id":629,"date":"2023-08-17T09:12:50","date_gmt":"2023-08-17T09:12:50","guid":{"rendered":"https:\/\/www.ratani.in\/?page_id=629"},"modified":"2023-09-01T13:08:40","modified_gmt":"2023-09-01T13:08:40","slug":"imperial-gold-granite-manufacturer-and-exporter","status":"publish","type":"page","link":"https:\/\/www.ratani.in\/es\/imperial-gold-granite-manufacturer-and-exporter\/","title":{"rendered":"Granito Oro Imperial"},"content":{"rendered":"<p>El Granito Oro Imperial de la India es una impresionante y lujosa piedra natural conocida por sus c\u00e1lidos tonos dorados y sus exquisitos patrones, teniendo sus minas de granito en India. Es una variedad muy buscada de granito que a\u00f1ade un toque de elegancia y opulencia a cualquier espacio.<\/p>\n<p>El Granito Oro Imperial presenta un color base que va desde el amarillo dorado hasta tonos de miel o \u00e1mbar. Se complementa con patrones intrincados, vetas y motas en varios tonos de marr\u00f3n, gris y negro. Estas formaciones naturales crean una sensaci\u00f3n de movimiento e inter\u00e9s visual, otorgando a la piedra una apariencia cautivadora y din\u00e1mica.<\/p>\n<p>Esta variedad de granito se utiliza com\u00fanmente para una amplia gama de aplicaciones tanto interiores como exteriores. A menudo se emplea para encimeras de cocina, tocadores de ba\u00f1o, pisos, revestimiento de paredes, alrededores de chimeneas y acentos decorativos.<\/p>\n<p>El Granito Oro Imperial aporta una sensaci\u00f3n de grandeza y opulencia a cualquier esquema de dise\u00f1o. Sus c\u00e1lidos tonos dorados crean un ambiente acogedor y lujoso, lo que lo hace adecuado para entornos tradicionales, cl\u00e1sicos e incluso contempor\u00e1neos.<\/p>\n","protected":false},"excerpt":{"rendered":"<p>El Granito Oro Imperial de la India es una impresionante y lujosa piedra natural conocida por sus c\u00e1lidos tonos dorados y sus exquisitos patrones, teniendo sus minas de granito en India. Es una variedad muy buscada de granito que a\u00f1ade un toque de elegancia y opulencia a cualquier espacio. El Granito Oro Imperial presenta un &hellip; <a href=\"https:\/\/www.ratani.in\/es\/imperial-gold-granite-manufacturer-and-exporter\/\" class=\"more-link\">Continue reading<span class=\"screen-reader-text\"> &#8220;Granito Oro Imperial&#8221;<\/span><\/a><\/p>\n","protected":false},"author":1,"featured_media":633,"parent":0,"menu_order":0,"comment_status":"closed","ping_status":"closed","template":"page-templates\/product.php","meta":{"footnotes":""},"translation":{"provider":"WPGlobus","version":"2.12.2","language":"es","enabled_languages":["en","es","fr","ru","ar","zh","pt"],"languages":{"en":{"title":true,"content":true,"excerpt":false},"es":{"title":true,"content":true,"excerpt":false},"fr":{"title":true,"content":true,"excerpt":false},"ru":{"title":false,"content":false,"excerpt":false},"ar":{"title":true,"content":true,"excerpt":false},"zh":{"title":true,"content":true,"excerpt":false},"pt":{"title":true,"content":true,"excerpt":false}}},"acf":[],"_links":{"self":[{"href":"https:\/\/www.ratani.in\/es\/wp-json\/wp\/v2\/pages\/629"}],"collection":[{"href":"https:\/\/www.ratani.in\/es\/wp-json\/wp\/v2\/pages"}],"about":[{"href":"https:\/\/www.ratani.in\/es\/wp-json\/wp\/v2\/types\/page"}],"author":[{"embeddable":true,"href":"https:\/\/www.ratani.in\/es\/wp-json\/wp\/v2\/users\/1"}],"replies":[{"embeddable":true,"href":"https:\/\/www.ratani.in\/es\/wp-json\/wp\/v2\/comments?post=629"}],"version-history":[{"count":11,"href":"https:\/\/www.ratani.in\/es\/wp-json\/wp\/v2\/pages\/629\/revisions"}],"predecessor-version":[{"id":2565,"href":"https:\/\/www.ratani.in\/es\/wp-json\/wp\/v2\/pages\/629\/revisions\/2565"}],"wp:featuredmedia":[{"embeddable":true,"href":"https:\/\/www.ratani.in\/es\/wp-json\/wp\/v2\/media\/633"}],"wp:attachment":[{"href":"https:\/\/www.ratani.in\/es\/wp-json\/wp\/v2\/media?parent=629"}],"curies":[{"name":"wp","href":"https:\/\/api.w.org\/{rel}","templated":true}]}}