{"id":649,"date":"2023-08-17T09:17:18","date_gmt":"2023-08-17T09:17:18","guid":{"rendered":"https:\/\/www.ratani.in\/?page_id=649"},"modified":"2023-09-01T12:50:18","modified_gmt":"2023-09-01T12:50:18","slug":"apple-green-granite-manufacturer-and-exporter","status":"publish","type":"page","link":"https:\/\/www.ratani.in\/es\/apple-green-granite-manufacturer-and-exporter\/","title":{"rendered":"Granito Verde Manzana"},"content":{"rendered":"<p>El Granito Verde Manzana de la India es un tipo de granito conocido por su vibrante y distintivo color verde, y es procesado en las f\u00e1bricas de procesamiento de piedra del norte de la India. Presenta principalmente una base verde con tonos y patrones variables que pueden ir desde verde claro hasta tonos m\u00e1s oscuros, a veces acompa\u00f1ados de motas o vetas en colores contrastantes como el blanco o el gris. La apariencia general se asemeja al color de las manzanas verdes maduras, de ah\u00ed su nombre. El granito Verde Manzana, vendido por los proveedores de granito en Rajast\u00e1n, a menudo es buscado por su apariencia \u00fanica y llamativa, lo que lo convierte en una elecci\u00f3n popular para encimeras, pisos y piezas decorativas en espacios residenciales y comerciales. Su tono vivo y refrescante puede a\u00f1adir un toque de belleza natural y luminosidad a cualquier dise\u00f1o de interiores.<\/p>\n","protected":false},"excerpt":{"rendered":"<p>El Granito Verde Manzana de la India es un tipo de granito conocido por su vibrante y distintivo color verde, y es procesado en las f\u00e1bricas de procesamiento de piedra del norte de la India. Presenta principalmente una base verde con tonos y patrones variables que pueden ir desde verde claro hasta tonos m\u00e1s oscuros, &hellip; <a href=\"https:\/\/www.ratani.in\/es\/apple-green-granite-manufacturer-and-exporter\/\" class=\"more-link\">Continue reading<span class=\"screen-reader-text\"> &#8220;Granito Verde Manzana&#8221;<\/span><\/a><\/p>\n","protected":false},"author":1,"featured_media":650,"parent":0,"menu_order":0,"comment_status":"closed","ping_status":"closed","template":"page-templates\/product.php","meta":{"footnotes":""},"translation":{"provider":"WPGlobus","version":"2.12.2","language":"es","enabled_languages":["en","es","fr","ru","ar","zh","pt"],"languages":{"en":{"title":true,"content":true,"excerpt":false},"es":{"title":true,"content":true,"excerpt":false},"fr":{"title":true,"content":true,"excerpt":false},"ru":{"title":true,"content":true,"excerpt":false},"ar":{"title":true,"content":true,"excerpt":false},"zh":{"title":true,"content":true,"excerpt":false},"pt":{"title":true,"content":true,"excerpt":false}}},"acf":[],"_links":{"self":[{"href":"https:\/\/www.ratani.in\/es\/wp-json\/wp\/v2\/pages\/649"}],"collection":[{"href":"https:\/\/www.ratani.in\/es\/wp-json\/wp\/v2\/pages"}],"about":[{"href":"https:\/\/www.ratani.in\/es\/wp-json\/wp\/v2\/types\/page"}],"author":[{"embeddable":true,"href":"https:\/\/www.ratani.in\/es\/wp-json\/wp\/v2\/users\/1"}],"replies":[{"embeddable":true,"href":"https:\/\/www.ratani.in\/es\/wp-json\/wp\/v2\/comments?post=649"}],"version-history":[{"count":9,"href":"https:\/\/www.ratani.in\/es\/wp-json\/wp\/v2\/pages\/649\/revisions"}],"predecessor-version":[{"id":2555,"href":"https:\/\/www.ratani.in\/es\/wp-json\/wp\/v2\/pages\/649\/revisions\/2555"}],"wp:featuredmedia":[{"embeddable":true,"href":"https:\/\/www.ratani.in\/es\/wp-json\/wp\/v2\/media\/650"}],"wp:attachment":[{"href":"https:\/\/www.ratani.in\/es\/wp-json\/wp\/v2\/media?parent=649"}],"curies":[{"name":"wp","href":"https:\/\/api.w.org\/{rel}","templated":true}]}}