{"id":659,"date":"2023-08-17T09:19:23","date_gmt":"2023-08-17T09:19:23","guid":{"rendered":"https:\/\/www.ratani.in\/?page_id=659"},"modified":"2023-09-01T12:49:13","modified_gmt":"2023-09-01T12:49:13","slug":"green-pearl-granite-manufacturer-and-exporter","status":"publish","type":"page","link":"https:\/\/www.ratani.in\/es\/green-pearl-granite-manufacturer-and-exporter\/","title":{"rendered":"Granito Perla Verde"},"content":{"rendered":"<p>El Granito Perla Verde es una variedad cautivadora de granito conocida por su hermoso color verde y su apariencia brillante. Es una piedra natural muy buscada por sus caracter\u00edsticas \u00fanicas.<\/p>\n<p>El Granito Perla Verde suele presentar un color de base verde, que puede variar desde tonos claros hasta oscuros. A menudo es complementado por sutiles variaciones de vetas grises, blancas o negras y motas plateadas en toda la piedra. Estos elementos crean un efecto visual impresionante y le dan al granito una sensaci\u00f3n de profundidad y movimiento. <\/p>\n<p>La textura del Granito Perla Verde suele ser de grano medio a grueso, proporcionando una sensaci\u00f3n natural y t\u00e1ctil. Tiene un acabado pulido, que realza su lustre inherente y a\u00f1ade a su elegancia general.<\/p>\n","protected":false},"excerpt":{"rendered":"<p>El Granito Perla Verde es una variedad cautivadora de granito conocida por su hermoso color verde y su apariencia brillante. Es una piedra natural muy buscada por sus caracter\u00edsticas \u00fanicas. El Granito Perla Verde suele presentar un color de base verde, que puede variar desde tonos claros hasta oscuros. A menudo es complementado por sutiles &hellip; <a href=\"https:\/\/www.ratani.in\/es\/green-pearl-granite-manufacturer-and-exporter\/\" class=\"more-link\">Continue reading<span class=\"screen-reader-text\"> &#8220;Granito Perla Verde&#8221;<\/span><\/a><\/p>\n","protected":false},"author":1,"featured_media":666,"parent":0,"menu_order":0,"comment_status":"closed","ping_status":"closed","template":"page-templates\/product.php","meta":{"footnotes":""},"translation":{"provider":"WPGlobus","version":"2.12.2","language":"es","enabled_languages":["en","es","fr","ru","ar","zh","pt"],"languages":{"en":{"title":true,"content":true,"excerpt":false},"es":{"title":true,"content":true,"excerpt":false},"fr":{"title":true,"content":true,"excerpt":false},"ru":{"title":true,"content":true,"excerpt":false},"ar":{"title":true,"content":true,"excerpt":false},"zh":{"title":true,"content":true,"excerpt":false},"pt":{"title":true,"content":true,"excerpt":false}}},"acf":[],"_links":{"self":[{"href":"https:\/\/www.ratani.in\/es\/wp-json\/wp\/v2\/pages\/659"}],"collection":[{"href":"https:\/\/www.ratani.in\/es\/wp-json\/wp\/v2\/pages"}],"about":[{"href":"https:\/\/www.ratani.in\/es\/wp-json\/wp\/v2\/types\/page"}],"author":[{"embeddable":true,"href":"https:\/\/www.ratani.in\/es\/wp-json\/wp\/v2\/users\/1"}],"replies":[{"embeddable":true,"href":"https:\/\/www.ratani.in\/es\/wp-json\/wp\/v2\/comments?post=659"}],"version-history":[{"count":12,"href":"https:\/\/www.ratani.in\/es\/wp-json\/wp\/v2\/pages\/659\/revisions"}],"predecessor-version":[{"id":2554,"href":"https:\/\/www.ratani.in\/es\/wp-json\/wp\/v2\/pages\/659\/revisions\/2554"}],"wp:featuredmedia":[{"embeddable":true,"href":"https:\/\/www.ratani.in\/es\/wp-json\/wp\/v2\/media\/666"}],"wp:attachment":[{"href":"https:\/\/www.ratani.in\/es\/wp-json\/wp\/v2\/media?parent=659"}],"curies":[{"name":"wp","href":"https:\/\/api.w.org\/{rel}","templated":true}]}}