{"id":669,"date":"2023-08-17T09:21:35","date_gmt":"2023-08-17T09:21:35","guid":{"rendered":"https:\/\/www.ratani.in\/?page_id=669"},"modified":"2023-09-01T12:44:20","modified_gmt":"2023-09-01T12:44:20","slug":"naushera-green-granite-manufacturer-and-exporter","status":"publish","type":"page","link":"https:\/\/www.ratani.in\/es\/naushera-green-granite-manufacturer-and-exporter\/","title":{"rendered":"Granito Naushera Verde"},"content":{"rendered":"<p>El Granito Naushera Verde es una piedra natural visualmente impactante que es procesada en las f\u00e1bricas de granito en Jalore, India, y presenta un cautivador esquema de color verde. Este granito verde suele mostrar un color de base verde, que var\u00eda desde tonos claros hasta oscuros, con patrones y vetas variables en toda la piedra. Los patrones pueden ser intrincados, con remolinos, ondas o motas que crean una apariencia \u00fanica y llamativa.<\/p>\n<p>La textura del Granito Naushera Verde suele ser granular y de grano grueso, caracter\u00edsticas comunes del granito. Tiene un brillo natural que a\u00f1ade a su atractivo general. Debido a su durabilidad y resistencia a los ara\u00f1azos, el calor y las manchas, el Granito Naushera Verde se utiliza a menudo en encimeras de cocina, tocadores de ba\u00f1o y varias aplicaciones interiores y exteriores.<\/p>\n<p>Las variaciones y patrones espec\u00edficos en el Granito Naushera Verde pueden variar de losa a losa, ya que es un material natural extra\u00eddo de canteras de granito en el norte de la India. Esta singularidad a\u00f1ade encanto, haciendo que cada pieza de Granito Naushera Verde sea distintiva y \u00fanica.<\/p>\n","protected":false},"excerpt":{"rendered":"<p>El Granito Naushera Verde es una piedra natural visualmente impactante que es procesada en las f\u00e1bricas de granito en Jalore, India, y presenta un cautivador esquema de color verde. Este granito verde suele mostrar un color de base verde, que var\u00eda desde tonos claros hasta oscuros, con patrones y vetas variables en toda la piedra. &hellip; <a href=\"https:\/\/www.ratani.in\/es\/naushera-green-granite-manufacturer-and-exporter\/\" class=\"more-link\">Continue reading<span class=\"screen-reader-text\"> &#8220;Granito Naushera Verde&#8221;<\/span><\/a><\/p>\n","protected":false},"author":1,"featured_media":677,"parent":0,"menu_order":0,"comment_status":"closed","ping_status":"closed","template":"page-templates\/product.php","meta":{"footnotes":""},"translation":{"provider":"WPGlobus","version":"2.12.2","language":"es","enabled_languages":["en","es","fr","ru","ar","zh","pt"],"languages":{"en":{"title":true,"content":true,"excerpt":false},"es":{"title":true,"content":true,"excerpt":false},"fr":{"title":true,"content":true,"excerpt":false},"ru":{"title":true,"content":true,"excerpt":false},"ar":{"title":true,"content":true,"excerpt":false},"zh":{"title":true,"content":true,"excerpt":false},"pt":{"title":true,"content":true,"excerpt":false}}},"acf":[],"_links":{"self":[{"href":"https:\/\/www.ratani.in\/es\/wp-json\/wp\/v2\/pages\/669"}],"collection":[{"href":"https:\/\/www.ratani.in\/es\/wp-json\/wp\/v2\/pages"}],"about":[{"href":"https:\/\/www.ratani.in\/es\/wp-json\/wp\/v2\/types\/page"}],"author":[{"embeddable":true,"href":"https:\/\/www.ratani.in\/es\/wp-json\/wp\/v2\/users\/1"}],"replies":[{"embeddable":true,"href":"https:\/\/www.ratani.in\/es\/wp-json\/wp\/v2\/comments?post=669"}],"version-history":[{"count":10,"href":"https:\/\/www.ratani.in\/es\/wp-json\/wp\/v2\/pages\/669\/revisions"}],"predecessor-version":[{"id":2552,"href":"https:\/\/www.ratani.in\/es\/wp-json\/wp\/v2\/pages\/669\/revisions\/2552"}],"wp:featuredmedia":[{"embeddable":true,"href":"https:\/\/www.ratani.in\/es\/wp-json\/wp\/v2\/media\/677"}],"wp:attachment":[{"href":"https:\/\/www.ratani.in\/es\/wp-json\/wp\/v2\/media?parent=669"}],"curies":[{"name":"wp","href":"https:\/\/api.w.org\/{rel}","templated":true}]}}