{"id":679,"date":"2023-08-17T09:24:17","date_gmt":"2023-08-17T09:24:17","guid":{"rendered":"https:\/\/www.ratani.in\/?page_id=679"},"modified":"2023-09-01T12:47:50","modified_gmt":"2023-09-01T12:47:50","slug":"hassan-green-granite-manufacturer-and-exporter","status":"publish","type":"page","link":"https:\/\/www.ratani.in\/es\/hassan-green-granite-manufacturer-and-exporter\/","title":{"rendered":"Granito Hassan Verde"},"content":{"rendered":"<p>El Granito Hassan Verde de la India es una impresionante piedra natural conocida por su vibrante color verde y sus cautivadores patrones. Este granito se extrae de canteras de granito en el sur de la India y presenta un rico color base verde, que var\u00eda desde un verde bosque oscuro hasta tonos de verde medio. A menudo est\u00e1 acentuado por motas y vetas de verdes m\u00e1s claros, junto con toques ocasionales de gris y negro. Los patrones intrincados y las variaciones dentro del Granito Hassan Verde se asemejan a ondas fluidas o follaje intrincado, a\u00f1adiendo profundidad e inter\u00e9s visual a cualquier espacio. Su apariencia \u00fanica y viva lo convierte en una elecci\u00f3n popular para encimeras, pisos, revestimientos de paredes y otras aplicaciones interiores y exteriores.<\/p>\n<p>Este Granito Verde de la India no solo ofrece un toque de elegancia natural, sino que tambi\u00e9n proporciona durabilidad y resistencia, lo que lo convierte en una excelente elecci\u00f3n para mejorar la belleza y funcionalidad de cualquier proyecto de dise\u00f1o.<\/p>\n","protected":false},"excerpt":{"rendered":"<p>El Granito Hassan Verde de la India es una impresionante piedra natural conocida por su vibrante color verde y sus cautivadores patrones. Este granito se extrae de canteras de granito en el sur de la India y presenta un rico color base verde, que var\u00eda desde un verde bosque oscuro hasta tonos de verde medio. &hellip; <a href=\"https:\/\/www.ratani.in\/es\/hassan-green-granite-manufacturer-and-exporter\/\" class=\"more-link\">Continue reading<span class=\"screen-reader-text\"> &#8220;Granito Hassan Verde&#8221;<\/span><\/a><\/p>\n","protected":false},"author":1,"featured_media":680,"parent":0,"menu_order":0,"comment_status":"closed","ping_status":"closed","template":"page-templates\/product.php","meta":{"footnotes":""},"translation":{"provider":"WPGlobus","version":"2.12.2","language":"es","enabled_languages":["en","es","fr","ru","ar","zh","pt"],"languages":{"en":{"title":true,"content":true,"excerpt":false},"es":{"title":true,"content":true,"excerpt":false},"fr":{"title":true,"content":true,"excerpt":false},"ru":{"title":true,"content":true,"excerpt":false},"ar":{"title":true,"content":true,"excerpt":false},"zh":{"title":true,"content":true,"excerpt":false},"pt":{"title":true,"content":true,"excerpt":false}}},"acf":[],"_links":{"self":[{"href":"https:\/\/www.ratani.in\/es\/wp-json\/wp\/v2\/pages\/679"}],"collection":[{"href":"https:\/\/www.ratani.in\/es\/wp-json\/wp\/v2\/pages"}],"about":[{"href":"https:\/\/www.ratani.in\/es\/wp-json\/wp\/v2\/types\/page"}],"author":[{"embeddable":true,"href":"https:\/\/www.ratani.in\/es\/wp-json\/wp\/v2\/users\/1"}],"replies":[{"embeddable":true,"href":"https:\/\/www.ratani.in\/es\/wp-json\/wp\/v2\/comments?post=679"}],"version-history":[{"count":11,"href":"https:\/\/www.ratani.in\/es\/wp-json\/wp\/v2\/pages\/679\/revisions"}],"predecessor-version":[{"id":2553,"href":"https:\/\/www.ratani.in\/es\/wp-json\/wp\/v2\/pages\/679\/revisions\/2553"}],"wp:featuredmedia":[{"embeddable":true,"href":"https:\/\/www.ratani.in\/es\/wp-json\/wp\/v2\/media\/680"}],"wp:attachment":[{"href":"https:\/\/www.ratani.in\/es\/wp-json\/wp\/v2\/media?parent=679"}],"curies":[{"name":"wp","href":"https:\/\/api.w.org\/{rel}","templated":true}]}}