{"id":689,"date":"2023-08-17T09:26:32","date_gmt":"2023-08-17T09:26:32","guid":{"rendered":"https:\/\/www.ratani.in\/?page_id=689"},"modified":"2023-09-01T12:46:43","modified_gmt":"2023-09-01T12:46:43","slug":"kuppam-green-granite-manufacturer-and-exporter","status":"publish","type":"page","link":"https:\/\/www.ratani.in\/es\/kuppam-green-granite-manufacturer-and-exporter\/","title":{"rendered":"Granito Kuppam Verde"},"content":{"rendered":"<p>El Granito Kuppam Verde es una piedra natural visualmente cautivadora que muestra una mezcla \u00fanica de tonos verdes y patrones intrincados. El color base de este granito var\u00eda desde el verde claro hasta el verde oscuro, a menudo acompa\u00f1ado de variaciones sutiles y rayas ocasionales de blanco o gris. Los patrones y vetas en espiral en el Granito Kuppam Verde crean una exhibici\u00f3n llamativa que recuerda al agua que fluye o a paisajes naturales. Este granito de la India tiene tonos vibrantes y terrosos, lo que lo convierte en una elecci\u00f3n popular para encimeras, pisos y acentos decorativos en aplicaciones interiores y exteriores. La durabilidad del Granito Kuppam Verde, junto con su llamativo atractivo est\u00e9tico, le permite transformar espacios en entornos visualmente impresionantes y acogedores.<\/p>\n<p>Si deseas importar granito verde de la India, puedes comprarlo a los principales proveedores y exportadores de granito verde de la India.<\/p>\n","protected":false},"excerpt":{"rendered":"<p>El Granito Kuppam Verde es una piedra natural visualmente cautivadora que muestra una mezcla \u00fanica de tonos verdes y patrones intrincados. El color base de este granito var\u00eda desde el verde claro hasta el verde oscuro, a menudo acompa\u00f1ado de variaciones sutiles y rayas ocasionales de blanco o gris. Los patrones y vetas en espiral &hellip; <a href=\"https:\/\/www.ratani.in\/es\/kuppam-green-granite-manufacturer-and-exporter\/\" class=\"more-link\">Continue reading<span class=\"screen-reader-text\"> &#8220;Granito Kuppam Verde&#8221;<\/span><\/a><\/p>\n","protected":false},"author":1,"featured_media":697,"parent":0,"menu_order":0,"comment_status":"closed","ping_status":"closed","template":"page-templates\/product.php","meta":{"footnotes":""},"translation":{"provider":"WPGlobus","version":"2.12.2","language":"es","enabled_languages":["en","es","fr","ru","ar","zh","pt"],"languages":{"en":{"title":true,"content":true,"excerpt":false},"es":{"title":true,"content":true,"excerpt":false},"fr":{"title":true,"content":true,"excerpt":false},"ru":{"title":true,"content":true,"excerpt":false},"ar":{"title":true,"content":true,"excerpt":false},"zh":{"title":true,"content":true,"excerpt":false},"pt":{"title":true,"content":true,"excerpt":false}}},"acf":[],"_links":{"self":[{"href":"https:\/\/www.ratani.in\/es\/wp-json\/wp\/v2\/pages\/689"}],"collection":[{"href":"https:\/\/www.ratani.in\/es\/wp-json\/wp\/v2\/pages"}],"about":[{"href":"https:\/\/www.ratani.in\/es\/wp-json\/wp\/v2\/types\/page"}],"author":[{"embeddable":true,"href":"https:\/\/www.ratani.in\/es\/wp-json\/wp\/v2\/users\/1"}],"replies":[{"embeddable":true,"href":"https:\/\/www.ratani.in\/es\/wp-json\/wp\/v2\/comments?post=689"}],"version-history":[{"count":9,"href":"https:\/\/www.ratani.in\/es\/wp-json\/wp\/v2\/pages\/689\/revisions"}],"predecessor-version":[{"id":2457,"href":"https:\/\/www.ratani.in\/es\/wp-json\/wp\/v2\/pages\/689\/revisions\/2457"}],"wp:featuredmedia":[{"embeddable":true,"href":"https:\/\/www.ratani.in\/es\/wp-json\/wp\/v2\/media\/697"}],"wp:attachment":[{"href":"https:\/\/www.ratani.in\/es\/wp-json\/wp\/v2\/media?parent=689"}],"curies":[{"name":"wp","href":"https:\/\/api.w.org\/{rel}","templated":true}]}}