{"id":729,"date":"2023-08-17T09:39:13","date_gmt":"2023-08-17T09:39:13","guid":{"rendered":"https:\/\/www.ratani.in\/?page_id=729"},"modified":"2023-09-01T12:38:32","modified_gmt":"2023-09-01T12:38:32","slug":"steel-grey-granite-manufacturer-and-exporter","status":"publish","type":"page","link":"https:\/\/www.ratani.in\/es\/steel-grey-granite-manufacturer-and-exporter\/","title":{"rendered":"Granito Steel Gris"},"content":{"rendered":"<p>El Granito Steel Gris de la India es una piedra natural refinada y vers\u00e1til conocida por su apariencia sofisticada. Presenta un color de base gris medio a oscuro constante, reminiscente de la elegancia fresca del acero. Este granito a menudo muestra variaciones sutiles en el tono y motas ocasionales de gris m\u00e1s claro o negro, a\u00f1adiendo profundidad e inter\u00e9s visual al dise\u00f1o general. La textura uniforme del Granito Steel Gris realza su aspecto contempor\u00e1neo y elegante. Este granito gris se utiliza en una amplia gama de aplicaciones interiores y exteriores. Ya sea utilizado para encimeras, pisos o revestimientos de paredes, el Granito Steel Gris a\u00f1ade un toque de sofisticaci\u00f3n y modernidad a cualquier espacio.<\/p>\n","protected":false},"excerpt":{"rendered":"<p>El Granito Steel Gris de la India es una piedra natural refinada y vers\u00e1til conocida por su apariencia sofisticada. Presenta un color de base gris medio a oscuro constante, reminiscente de la elegancia fresca del acero. Este granito a menudo muestra variaciones sutiles en el tono y motas ocasionales de gris m\u00e1s claro o negro, &hellip; <a href=\"https:\/\/www.ratani.in\/es\/steel-grey-granite-manufacturer-and-exporter\/\" class=\"more-link\">Continue reading<span class=\"screen-reader-text\"> &#8220;Granito Steel Gris&#8221;<\/span><\/a><\/p>\n","protected":false},"author":1,"featured_media":1053,"parent":0,"menu_order":0,"comment_status":"closed","ping_status":"closed","template":"page-templates\/product.php","meta":{"footnotes":""},"translation":{"provider":"WPGlobus","version":"2.12.2","language":"es","enabled_languages":["en","es","fr","ru","ar","zh","pt"],"languages":{"en":{"title":true,"content":true,"excerpt":false},"es":{"title":true,"content":true,"excerpt":false},"fr":{"title":true,"content":true,"excerpt":false},"ru":{"title":true,"content":true,"excerpt":false},"ar":{"title":true,"content":true,"excerpt":false},"zh":{"title":true,"content":true,"excerpt":false},"pt":{"title":true,"content":true,"excerpt":false}}},"acf":[],"_links":{"self":[{"href":"https:\/\/www.ratani.in\/es\/wp-json\/wp\/v2\/pages\/729"}],"collection":[{"href":"https:\/\/www.ratani.in\/es\/wp-json\/wp\/v2\/pages"}],"about":[{"href":"https:\/\/www.ratani.in\/es\/wp-json\/wp\/v2\/types\/page"}],"author":[{"embeddable":true,"href":"https:\/\/www.ratani.in\/es\/wp-json\/wp\/v2\/users\/1"}],"replies":[{"embeddable":true,"href":"https:\/\/www.ratani.in\/es\/wp-json\/wp\/v2\/comments?post=729"}],"version-history":[{"count":10,"href":"https:\/\/www.ratani.in\/es\/wp-json\/wp\/v2\/pages\/729\/revisions"}],"predecessor-version":[{"id":2473,"href":"https:\/\/www.ratani.in\/es\/wp-json\/wp\/v2\/pages\/729\/revisions\/2473"}],"wp:featuredmedia":[{"embeddable":true,"href":"https:\/\/www.ratani.in\/es\/wp-json\/wp\/v2\/media\/1053"}],"wp:attachment":[{"href":"https:\/\/www.ratani.in\/es\/wp-json\/wp\/v2\/media?parent=729"}],"curies":[{"name":"wp","href":"https:\/\/api.w.org\/{rel}","templated":true}]}}