{"id":739,"date":"2023-08-17T09:43:36","date_gmt":"2023-08-17T09:43:36","guid":{"rendered":"https:\/\/www.ratani.in\/?page_id=739"},"modified":"2023-09-01T11:53:10","modified_gmt":"2023-09-01T11:53:10","slug":"blue-dunes-granite-manufacturer-and-exporter","status":"publish","type":"page","link":"https:\/\/www.ratani.in\/es\/blue-dunes-granite-manufacturer-and-exporter\/","title":{"rendered":"Granito Blue Dunes"},"content":{"rendered":"<p>El granito Blue Dunes de Rajast\u00e1n, India, es una piedra natural visualmente llamativa conocida por su combinaci\u00f3n \u00fanica de colores y patrones.<\/p>\n<p>Como una empresa de granito en Rajast\u00e1n, podemos proporcionar este granito que tiene una belleza de tono terroso y toques de azul con un flujo sim\u00e9trico que crea un aspecto completamente natural. Seduce con su tono terroso natural que se duplica con matices de crema, gris y negro err\u00e1ticos. Presenta una base predominantemente azul con ondas intrincadas y vetas en tonos variados de azul, gris y blanco, pareci\u00e9ndose a los cautivadores patrones formados por dunas de arena movidas por el viento. La superficie del granito a menudo muestra un acabado pulido, realzando su belleza y creando una est\u00e9tica lujosa. El granito Blue Dunes es muy buscado por su capacidad para agregar un toque de elegancia y sofisticaci\u00f3n tanto a espacios interiores como exteriores, lo que lo convierte en una elecci\u00f3n popular para encimeras, pisos y revestimientos de paredes.<\/p>\n","protected":false},"excerpt":{"rendered":"<p>El granito Blue Dunes de Rajast\u00e1n, India, es una piedra natural visualmente llamativa conocida por su combinaci\u00f3n \u00fanica de colores y patrones. Como una empresa de granito en Rajast\u00e1n, podemos proporcionar este granito que tiene una belleza de tono terroso y toques de azul con un flujo sim\u00e9trico que crea un aspecto completamente natural. Seduce &hellip; <a href=\"https:\/\/www.ratani.in\/es\/blue-dunes-granite-manufacturer-and-exporter\/\" class=\"more-link\">Continue reading<span class=\"screen-reader-text\"> &#8220;Granito Blue Dunes&#8221;<\/span><\/a><\/p>\n","protected":false},"author":1,"featured_media":745,"parent":0,"menu_order":0,"comment_status":"closed","ping_status":"closed","template":"page-templates\/product.php","meta":{"footnotes":""},"translation":{"provider":"WPGlobus","version":"2.12.2","language":"es","enabled_languages":["en","es","fr","ru","ar","zh","pt"],"languages":{"en":{"title":true,"content":true,"excerpt":false},"es":{"title":true,"content":true,"excerpt":false},"fr":{"title":true,"content":true,"excerpt":false},"ru":{"title":true,"content":true,"excerpt":false},"ar":{"title":true,"content":true,"excerpt":false},"zh":{"title":true,"content":true,"excerpt":false},"pt":{"title":false,"content":false,"excerpt":false}}},"acf":[],"_links":{"self":[{"href":"https:\/\/www.ratani.in\/es\/wp-json\/wp\/v2\/pages\/739"}],"collection":[{"href":"https:\/\/www.ratani.in\/es\/wp-json\/wp\/v2\/pages"}],"about":[{"href":"https:\/\/www.ratani.in\/es\/wp-json\/wp\/v2\/types\/page"}],"author":[{"embeddable":true,"href":"https:\/\/www.ratani.in\/es\/wp-json\/wp\/v2\/users\/1"}],"replies":[{"embeddable":true,"href":"https:\/\/www.ratani.in\/es\/wp-json\/wp\/v2\/comments?post=739"}],"version-history":[{"count":11,"href":"https:\/\/www.ratani.in\/es\/wp-json\/wp\/v2\/pages\/739\/revisions"}],"predecessor-version":[{"id":2517,"href":"https:\/\/www.ratani.in\/es\/wp-json\/wp\/v2\/pages\/739\/revisions\/2517"}],"wp:featuredmedia":[{"embeddable":true,"href":"https:\/\/www.ratani.in\/es\/wp-json\/wp\/v2\/media\/745"}],"wp:attachment":[{"href":"https:\/\/www.ratani.in\/es\/wp-json\/wp\/v2\/media?parent=739"}],"curies":[{"name":"wp","href":"https:\/\/api.w.org\/{rel}","templated":true}]}}