{"id":749,"date":"2023-08-17T09:46:04","date_gmt":"2023-08-17T09:46:04","guid":{"rendered":"https:\/\/www.ratani.in\/?page_id=749"},"modified":"2023-09-01T11:54:59","modified_gmt":"2023-09-01T11:54:59","slug":"astoria-cream-granite-manufacturer-and-exporter","status":"publish","type":"page","link":"https:\/\/www.ratani.in\/es\/astoria-cream-granite-manufacturer-and-exporter\/","title":{"rendered":"Granito Astoria Crema"},"content":{"rendered":"<p>El granito Astoria de la India es una hermosa piedra natural conocida por su apariencia c\u00e1lida y acogedora. Como exportadores de granito en el sur de la India, ofrecemos el granito Astoria que presenta una base de color beige claro o crema con intrincados patrones de venas y motas marrones, grises y negras. La combinaci\u00f3n de colores y los patrones fluidos crean una sensaci\u00f3n de movimiento e inter\u00e9s visual en la superficie de la piedra. La textura del granito Astoria suele ser fina y pulida, lo que le confiere un acabado suave y lujoso. Este granito se caracteriza a menudo por su atractivo elegante y atemporal, lo que lo hace adecuado para una variedad de estilos de dise\u00f1o. El granito Astoria se utiliza com\u00fanmente para encimeras, pisos, salpicaderos y paredes de acento, a\u00f1adiendo un toque de sofisticaci\u00f3n y belleza natural a cualquier espacio. Ya sea utilizado como pieza principal o como elemento complementario, el granito Astoria aporta un ambiente c\u00e1lido y acogedor a aplicaciones interiores y exteriores.<\/p>\n","protected":false},"excerpt":{"rendered":"<p>El granito Astoria de la India es una hermosa piedra natural conocida por su apariencia c\u00e1lida y acogedora. Como exportadores de granito en el sur de la India, ofrecemos el granito Astoria que presenta una base de color beige claro o crema con intrincados patrones de venas y motas marrones, grises y negras. La combinaci\u00f3n &hellip; <a href=\"https:\/\/www.ratani.in\/es\/astoria-cream-granite-manufacturer-and-exporter\/\" class=\"more-link\">Continue reading<span class=\"screen-reader-text\"> &#8220;Granito Astoria Crema&#8221;<\/span><\/a><\/p>\n","protected":false},"author":1,"featured_media":755,"parent":0,"menu_order":0,"comment_status":"closed","ping_status":"closed","template":"page-templates\/product.php","meta":{"footnotes":""},"translation":{"provider":"WPGlobus","version":"2.12.2","language":"es","enabled_languages":["en","es","fr","ru","ar","zh","pt"],"languages":{"en":{"title":true,"content":true,"excerpt":false},"es":{"title":true,"content":true,"excerpt":false},"fr":{"title":true,"content":true,"excerpt":false},"ru":{"title":true,"content":true,"excerpt":false},"ar":{"title":true,"content":true,"excerpt":false},"zh":{"title":true,"content":true,"excerpt":false},"pt":{"title":false,"content":false,"excerpt":false}}},"acf":[],"_links":{"self":[{"href":"https:\/\/www.ratani.in\/es\/wp-json\/wp\/v2\/pages\/749"}],"collection":[{"href":"https:\/\/www.ratani.in\/es\/wp-json\/wp\/v2\/pages"}],"about":[{"href":"https:\/\/www.ratani.in\/es\/wp-json\/wp\/v2\/types\/page"}],"author":[{"embeddable":true,"href":"https:\/\/www.ratani.in\/es\/wp-json\/wp\/v2\/users\/1"}],"replies":[{"embeddable":true,"href":"https:\/\/www.ratani.in\/es\/wp-json\/wp\/v2\/comments?post=749"}],"version-history":[{"count":9,"href":"https:\/\/www.ratani.in\/es\/wp-json\/wp\/v2\/pages\/749\/revisions"}],"predecessor-version":[{"id":2518,"href":"https:\/\/www.ratani.in\/es\/wp-json\/wp\/v2\/pages\/749\/revisions\/2518"}],"wp:featuredmedia":[{"embeddable":true,"href":"https:\/\/www.ratani.in\/es\/wp-json\/wp\/v2\/media\/755"}],"wp:attachment":[{"href":"https:\/\/www.ratani.in\/es\/wp-json\/wp\/v2\/media?parent=749"}],"curies":[{"name":"wp","href":"https:\/\/api.w.org\/{rel}","templated":true}]}}