{"id":759,"date":"2023-08-17T09:49:31","date_gmt":"2023-08-17T09:49:31","guid":{"rendered":"https:\/\/www.ratani.in\/?page_id=759"},"modified":"2023-09-01T11:50:56","modified_gmt":"2023-09-01T11:50:56","slug":"astoria-ivory-granite-manufacturer-and-exporter","status":"publish","type":"page","link":"https:\/\/www.ratani.in\/es\/astoria-ivory-granite-manufacturer-and-exporter\/","title":{"rendered":"Granito Astoria Marfil"},"content":{"rendered":"<p>El granito Astoria Marfil de la India presenta un color de base marfil claro o beige cremoso con sutiles variaciones y motas ocasionales de tonos marrones o grises m\u00e1s oscuros. Los patrones intrincados dentro del granito Astoria Marfil se asemejan a suaves ondas o pinceladas suaves, a\u00f1adiendo profundidad e inter\u00e9s visual a su apariencia general. Como empresa de granito en el sur de la India, ofrecemos la paleta de colores neutra y vers\u00e1til de este granito que le permite mezclarse perfectamente con una amplia gama de estilos de dise\u00f1o, desde tradicionales hasta contempor\u00e1neos. El granito Astoria Marfil se utiliza frecuentemente para encimeras, salpicaderos y piezas de acento, ya que aporta un toque de belleza y refinamiento atemporal a cualquier espacio.<\/p>\n","protected":false},"excerpt":{"rendered":"<p>El granito Astoria Marfil de la India presenta un color de base marfil claro o beige cremoso con sutiles variaciones y motas ocasionales de tonos marrones o grises m\u00e1s oscuros. Los patrones intrincados dentro del granito Astoria Marfil se asemejan a suaves ondas o pinceladas suaves, a\u00f1adiendo profundidad e inter\u00e9s visual a su apariencia general. &hellip; <a href=\"https:\/\/www.ratani.in\/es\/astoria-ivory-granite-manufacturer-and-exporter\/\" class=\"more-link\">Continue reading<span class=\"screen-reader-text\"> &#8220;Granito Astoria Marfil&#8221;<\/span><\/a><\/p>\n","protected":false},"author":1,"featured_media":765,"parent":0,"menu_order":0,"comment_status":"closed","ping_status":"closed","template":"page-templates\/product.php","meta":{"footnotes":""},"translation":{"provider":"WPGlobus","version":"2.12.2","language":"es","enabled_languages":["en","es","fr","ru","ar","zh","pt"],"languages":{"en":{"title":true,"content":true,"excerpt":false},"es":{"title":true,"content":true,"excerpt":false},"fr":{"title":true,"content":true,"excerpt":false},"ru":{"title":true,"content":true,"excerpt":false},"ar":{"title":true,"content":true,"excerpt":false},"zh":{"title":true,"content":true,"excerpt":false},"pt":{"title":true,"content":true,"excerpt":false}}},"acf":[],"_links":{"self":[{"href":"https:\/\/www.ratani.in\/es\/wp-json\/wp\/v2\/pages\/759"}],"collection":[{"href":"https:\/\/www.ratani.in\/es\/wp-json\/wp\/v2\/pages"}],"about":[{"href":"https:\/\/www.ratani.in\/es\/wp-json\/wp\/v2\/types\/page"}],"author":[{"embeddable":true,"href":"https:\/\/www.ratani.in\/es\/wp-json\/wp\/v2\/users\/1"}],"replies":[{"embeddable":true,"href":"https:\/\/www.ratani.in\/es\/wp-json\/wp\/v2\/comments?post=759"}],"version-history":[{"count":9,"href":"https:\/\/www.ratani.in\/es\/wp-json\/wp\/v2\/pages\/759\/revisions"}],"predecessor-version":[{"id":2516,"href":"https:\/\/www.ratani.in\/es\/wp-json\/wp\/v2\/pages\/759\/revisions\/2516"}],"wp:featuredmedia":[{"embeddable":true,"href":"https:\/\/www.ratani.in\/es\/wp-json\/wp\/v2\/media\/765"}],"wp:attachment":[{"href":"https:\/\/www.ratani.in\/es\/wp-json\/wp\/v2\/media?parent=759"}],"curies":[{"name":"wp","href":"https:\/\/api.w.org\/{rel}","templated":true}]}}