{"id":769,"date":"2023-08-17T09:51:17","date_gmt":"2023-08-17T09:51:17","guid":{"rendered":"https:\/\/www.ratani.in\/?page_id=769"},"modified":"2023-09-01T11:57:34","modified_gmt":"2023-09-01T11:57:34","slug":"indian-juprana-granite-manufacturer-and-exporter","status":"publish","type":"page","link":"https:\/\/www.ratani.in\/es\/indian-juprana-granite-manufacturer-and-exporter\/","title":{"rendered":"Granito Indian Juprana"},"content":{"rendered":"<p>El granito Indian Juprana es una cautivadora piedra natural conocida por su apariencia \u00fanica y vibrante. Originario de las canteras de granito en la India, este granito muestra una combinaci\u00f3n de colores c\u00e1lidos y terrosos, incluyendo tonos de rosa, naranja, dorado y gris. Presenta una base predominantemente de color claro con patrones intrincados y ondas de colores contrastantes que crean una exhibici\u00f3n visual hipnotizante. Los patrones ricos y din\u00e1micos dentro del granito Indian Juprana se asemejan a las pinceladas de un artista, a\u00f1adiendo profundidad y car\u00e1cter a cualquier espacio. Este granito se utiliza com\u00fanmente para encimeras, salpicaderos y piezas de acento, lo que le permite convertirse en un punto focal en dise\u00f1os tanto tradicionales como contempor\u00e1neos. Importar granito del sur de la India como este granito, que tiene una belleza y durabilidad distintivas, agrega un toque de elegancia y personalidad a cualquier aplicaci\u00f3n interior o exterior.<\/p>\n","protected":false},"excerpt":{"rendered":"<p>El granito Indian Juprana es una cautivadora piedra natural conocida por su apariencia \u00fanica y vibrante. Originario de las canteras de granito en la India, este granito muestra una combinaci\u00f3n de colores c\u00e1lidos y terrosos, incluyendo tonos de rosa, naranja, dorado y gris. Presenta una base predominantemente de color claro con patrones intrincados y ondas &hellip; <a href=\"https:\/\/www.ratani.in\/es\/indian-juprana-granite-manufacturer-and-exporter\/\" class=\"more-link\">Continue reading<span class=\"screen-reader-text\"> &#8220;Granito Indian Juprana&#8221;<\/span><\/a><\/p>\n","protected":false},"author":1,"featured_media":775,"parent":0,"menu_order":0,"comment_status":"closed","ping_status":"closed","template":"page-templates\/product.php","meta":{"footnotes":""},"translation":{"provider":"WPGlobus","version":"2.12.2","language":"es","enabled_languages":["en","es","fr","ru","ar","zh","pt"],"languages":{"en":{"title":true,"content":true,"excerpt":false},"es":{"title":true,"content":true,"excerpt":false},"fr":{"title":true,"content":true,"excerpt":false},"ru":{"title":true,"content":true,"excerpt":false},"ar":{"title":true,"content":true,"excerpt":false},"zh":{"title":true,"content":true,"excerpt":false},"pt":{"title":true,"content":true,"excerpt":false}}},"acf":[],"_links":{"self":[{"href":"https:\/\/www.ratani.in\/es\/wp-json\/wp\/v2\/pages\/769"}],"collection":[{"href":"https:\/\/www.ratani.in\/es\/wp-json\/wp\/v2\/pages"}],"about":[{"href":"https:\/\/www.ratani.in\/es\/wp-json\/wp\/v2\/types\/page"}],"author":[{"embeddable":true,"href":"https:\/\/www.ratani.in\/es\/wp-json\/wp\/v2\/users\/1"}],"replies":[{"embeddable":true,"href":"https:\/\/www.ratani.in\/es\/wp-json\/wp\/v2\/comments?post=769"}],"version-history":[{"count":9,"href":"https:\/\/www.ratani.in\/es\/wp-json\/wp\/v2\/pages\/769\/revisions"}],"predecessor-version":[{"id":2520,"href":"https:\/\/www.ratani.in\/es\/wp-json\/wp\/v2\/pages\/769\/revisions\/2520"}],"wp:featuredmedia":[{"embeddable":true,"href":"https:\/\/www.ratani.in\/es\/wp-json\/wp\/v2\/media\/775"}],"wp:attachment":[{"href":"https:\/\/www.ratani.in\/es\/wp-json\/wp\/v2\/media?parent=769"}],"curies":[{"name":"wp","href":"https:\/\/api.w.org\/{rel}","templated":true}]}}