{"id":779,"date":"2023-08-17T09:52:52","date_gmt":"2023-08-17T09:52:52","guid":{"rendered":"https:\/\/www.ratani.in\/?page_id=779"},"modified":"2023-09-01T11:46:33","modified_gmt":"2023-09-01T11:46:33","slug":"ivory-brown-granite-manufacturer-and-exporter","status":"publish","type":"page","link":"https:\/\/www.ratani.in\/es\/ivory-brown-granite-manufacturer-and-exporter\/","title":{"rendered":"Granito Marfil Marr\u00f3n"},"content":{"rendered":"<p>El granito Marfil Marr\u00f3n de la India es una cautivadora piedra natural conocida por sus tonos c\u00e1lidos y terrosos. Presenta un color de base crema o marfil cremoso con patrones intrincados y vetas en tonos de marr\u00f3n, que van desde claros hasta oscuros. La combinaci\u00f3n de tonos marfil y marrones crea una sensaci\u00f3n de profundidad y a\u00f1ade un toque de elegancia a cualquier espacio. Los patrones dentro del granito Marfil Marr\u00f3n pueden parecer olas, remolinos o vetas, creando una superficie visualmente din\u00e1mica y atractiva. Este granito, disponible como l\u00e1mina de granito Gangsaw en el sur de la India, se utiliza a menudo para encimeras, salpicaderos y piezas de acento, ya que complementa sin esfuerzo varios estilos de dise\u00f1o, desde tradicionales hasta contempor\u00e1neos.<\/p>\n","protected":false},"excerpt":{"rendered":"<p>El granito Marfil Marr\u00f3n de la India es una cautivadora piedra natural conocida por sus tonos c\u00e1lidos y terrosos. Presenta un color de base crema o marfil cremoso con patrones intrincados y vetas en tonos de marr\u00f3n, que van desde claros hasta oscuros. La combinaci\u00f3n de tonos marfil y marrones crea una sensaci\u00f3n de profundidad &hellip; <a href=\"https:\/\/www.ratani.in\/es\/ivory-brown-granite-manufacturer-and-exporter\/\" class=\"more-link\">Continue reading<span class=\"screen-reader-text\"> &#8220;Granito Marfil Marr\u00f3n&#8221;<\/span><\/a><\/p>\n","protected":false},"author":1,"featured_media":786,"parent":0,"menu_order":0,"comment_status":"closed","ping_status":"closed","template":"page-templates\/product.php","meta":{"footnotes":""},"translation":{"provider":"WPGlobus","version":"2.12.2","language":"es","enabled_languages":["en","es","fr","ru","ar","zh","pt"],"languages":{"en":{"title":true,"content":true,"excerpt":false},"es":{"title":true,"content":true,"excerpt":false},"fr":{"title":true,"content":true,"excerpt":false},"ru":{"title":true,"content":true,"excerpt":false},"ar":{"title":true,"content":true,"excerpt":false},"zh":{"title":true,"content":true,"excerpt":false},"pt":{"title":true,"content":true,"excerpt":false}}},"acf":[],"_links":{"self":[{"href":"https:\/\/www.ratani.in\/es\/wp-json\/wp\/v2\/pages\/779"}],"collection":[{"href":"https:\/\/www.ratani.in\/es\/wp-json\/wp\/v2\/pages"}],"about":[{"href":"https:\/\/www.ratani.in\/es\/wp-json\/wp\/v2\/types\/page"}],"author":[{"embeddable":true,"href":"https:\/\/www.ratani.in\/es\/wp-json\/wp\/v2\/users\/1"}],"replies":[{"embeddable":true,"href":"https:\/\/www.ratani.in\/es\/wp-json\/wp\/v2\/comments?post=779"}],"version-history":[{"count":11,"href":"https:\/\/www.ratani.in\/es\/wp-json\/wp\/v2\/pages\/779\/revisions"}],"predecessor-version":[{"id":2499,"href":"https:\/\/www.ratani.in\/es\/wp-json\/wp\/v2\/pages\/779\/revisions\/2499"}],"wp:featuredmedia":[{"embeddable":true,"href":"https:\/\/www.ratani.in\/es\/wp-json\/wp\/v2\/media\/786"}],"wp:attachment":[{"href":"https:\/\/www.ratani.in\/es\/wp-json\/wp\/v2\/media?parent=779"}],"curies":[{"name":"wp","href":"https:\/\/api.w.org\/{rel}","templated":true}]}}