{"id":789,"date":"2023-08-17T09:54:50","date_gmt":"2023-08-17T09:54:50","guid":{"rendered":"https:\/\/www.ratani.in\/?page_id=789"},"modified":"2023-09-01T11:59:06","modified_gmt":"2023-09-01T11:59:06","slug":"monalisa-granite-manufacturer-and-exporter","status":"publish","type":"page","link":"https:\/\/www.ratani.in\/es\/monalisa-granite-manufacturer-and-exporter\/","title":{"rendered":"Granito Monalisa"},"content":{"rendered":"<p>El granito Monalisa de la India es una cautivadora piedra natural conocida por su exquisita belleza y patrones \u00fanicos. Presenta una paleta de colores c\u00e1lidos y terrosos, compuesta predominantemente por tonos de marr\u00f3n, beige y gris. Los patrones intrincados y las vetas dentro del granito Monalisa se asemejan a pinceladas en un lienzo, creando una apariencia visualmente impresionante y din\u00e1mica. La piedra a menudo muestra una mezcla de patrones de remolinos, motas ocasionales y suaves ondas de diferentes colores, realzando su encanto general. El granito Monalisa se utiliza com\u00fanmente para encimeras, pisos y piezas de acento, ya que a\u00f1ade un toque de elegancia y sofisticaci\u00f3n a cualquier espacio.<\/p>\n<p>Su versatilidad le permite complementar varios estilos de dise\u00f1o, desde lo tradicional hasta lo contempor\u00e1neo. Con su durabilidad, atractivo atemporal y est\u00e9tica \u00fanica, como una losa de granito Gangsaw en la India, este granito Monalisa puede transformar cualquier aplicaci\u00f3n interior o exterior en una obra maestra visualmente cautivadora.<\/p>\n","protected":false},"excerpt":{"rendered":"<p>El granito Monalisa de la India es una cautivadora piedra natural conocida por su exquisita belleza y patrones \u00fanicos. Presenta una paleta de colores c\u00e1lidos y terrosos, compuesta predominantemente por tonos de marr\u00f3n, beige y gris. Los patrones intrincados y las vetas dentro del granito Monalisa se asemejan a pinceladas en un lienzo, creando una &hellip; <a href=\"https:\/\/www.ratani.in\/es\/monalisa-granite-manufacturer-and-exporter\/\" class=\"more-link\">Continue reading<span class=\"screen-reader-text\"> &#8220;Granito Monalisa&#8221;<\/span><\/a><\/p>\n","protected":false},"author":1,"featured_media":795,"parent":0,"menu_order":0,"comment_status":"closed","ping_status":"closed","template":"page-templates\/product.php","meta":{"footnotes":""},"translation":{"provider":"WPGlobus","version":"2.12.2","language":"es","enabled_languages":["en","es","fr","ru","ar","zh","pt"],"languages":{"en":{"title":true,"content":true,"excerpt":false},"es":{"title":true,"content":true,"excerpt":false},"fr":{"title":true,"content":true,"excerpt":false},"ru":{"title":true,"content":true,"excerpt":false},"ar":{"title":true,"content":true,"excerpt":false},"zh":{"title":true,"content":true,"excerpt":false},"pt":{"title":true,"content":true,"excerpt":false}}},"acf":[],"_links":{"self":[{"href":"https:\/\/www.ratani.in\/es\/wp-json\/wp\/v2\/pages\/789"}],"collection":[{"href":"https:\/\/www.ratani.in\/es\/wp-json\/wp\/v2\/pages"}],"about":[{"href":"https:\/\/www.ratani.in\/es\/wp-json\/wp\/v2\/types\/page"}],"author":[{"embeddable":true,"href":"https:\/\/www.ratani.in\/es\/wp-json\/wp\/v2\/users\/1"}],"replies":[{"embeddable":true,"href":"https:\/\/www.ratani.in\/es\/wp-json\/wp\/v2\/comments?post=789"}],"version-history":[{"count":12,"href":"https:\/\/www.ratani.in\/es\/wp-json\/wp\/v2\/pages\/789\/revisions"}],"predecessor-version":[{"id":2533,"href":"https:\/\/www.ratani.in\/es\/wp-json\/wp\/v2\/pages\/789\/revisions\/2533"}],"wp:featuredmedia":[{"embeddable":true,"href":"https:\/\/www.ratani.in\/es\/wp-json\/wp\/v2\/media\/795"}],"wp:attachment":[{"href":"https:\/\/www.ratani.in\/es\/wp-json\/wp\/v2\/media?parent=789"}],"curies":[{"name":"wp","href":"https:\/\/api.w.org\/{rel}","templated":true}]}}